{"id":6225,"date":"2018-09-05T10:04:52","date_gmt":"2018-09-05T10:04:52","guid":{"rendered":"https:\/\/medhit-wp2.it\/sap\/product\/vakuumierer-ohne-kammer\/"},"modified":"2026-03-11T11:43:10","modified_gmt":"2026-03-11T11:43:10","slug":"vakuumierer-ohne-kammer","status":"publish","type":"product","link":"https:\/\/sapbologna.it\/de\/produkt\/vakuumierer-ohne-kammer\/","title":{"rendered":"Vakuumierer ohne Kammer"},"content":{"rendered":"<div class=\"caratteristiche\">\n<table class=\"table table-striped\">\n<thead>\n<tr>\n<th colspan=\"2\">VAKUUMIERER OHNE KAMMER VACUUM\/350<\/th>\n<\/tr>\n<\/thead>\n<tbody>\n<tr>\n<td>Abmessungen<\/td>\n<td>370 x 260 x 130 mm<\/td>\n<\/tr>\n<tr>\n<td>Spannung<\/td>\n<td>230 V \/ 50-60 Hz<\/td>\n<\/tr>\n<tr>\n<td>\u00d6lbadpumpe<\/td>\n<td>20-24 L\/min 20-24 nmpa b MMHyiy<\/td>\n<\/tr>\n<tr>\n<td>Verbrauch<\/td>\n<td>250 W &#8211; 250 Bt<\/td>\n<\/tr>\n<tr>\n<td>Schwei\u00dfbalken<\/td>\n<td>350<\/td>\n<\/tr>\n<tr>\n<td>Gewicht<\/td>\n<td>8 kg &#8211; 8 Kr<\/td>\n<\/tr>\n<tr>\n<td>Produktkatalog<\/td>\n<td><a href=\"\/wp-content\/uploads\/2026\/03\/MACCHINA-SOTTOVUOTO-AD-ASPIRAZIONE-ESTERNE.pdf\" target=\"_blank\" rel=\"noopener\"><img loading=\"lazy\" decoding=\"async\" class=\"alignleft wp-image-3321 size-full\" src=\"https:\/\/sapbologna.it\/wp-content\/uploads\/2018\/09\/download-icon.png\" alt=\"\" width=\"114\" height=\"133\" \/><\/a><\/td>\n<\/tr>\n<tr>\n<td>Explosionszeichnung<\/td>\n<td><a href=\"https:\/\/www.sapbologna.it\/wp-content\/uploads\/2022\/12\/ESPLOSO-VACUUM-ASPIRAZIONE-ESTERNA.pdf\" target=\"_blank\" rel=\"noopener\"><img loading=\"lazy\" decoding=\"async\" class=\"alignleft wp-image-3321 size-full\" src=\"https:\/\/www.sapbologna.it\/wp-content\/uploads\/2018\/09\/download-icon.png\" alt=\"\" width=\"20\" height=\"28\" \/><\/a><\/td>\n<\/tr>\n<tr>\n<td>Ersatzteile<\/td>\n<td><a href=\"https:\/\/www.sapbologna.it\/wp-content\/uploads\/2022\/12\/RICAMBI-VAC-ASPIRAZIONE-ESTERNA.pdf\" target=\"_blank\" rel=\"noopener\"><img loading=\"lazy\" decoding=\"async\" class=\"alignleft wp-image-3321 size-full\" src=\"https:\/\/www.sapbologna.it\/wp-content\/uploads\/2018\/09\/download-icon.png\" alt=\"\" width=\"20\" height=\"28\" \/><\/a><\/td>\n<\/tr>\n<\/tbody>\n<\/table>\n<p>&nbsp;<\/p>\n<\/div>\n<div class=\"caratteristiche\">\n<table class=\"table table-striped\">\n<thead>\n<tr>\n<th colspan=\"2\">VAKUUMIERER OHNE KAMMER VACUUM\/450<\/th>\n<\/tr>\n<\/thead>\n<tbody>\n<tr>\n<td>Abmessungen<\/td>\n<td>470 x 260 x 130 mm<\/td>\n<\/tr>\n<tr>\n<td>Spannung<\/td>\n<td>230 V \/ 50-60 Hz<\/td>\n<\/tr>\n<tr>\n<td>\u00d6lbadpumpe<\/td>\n<td>20-24 L\/min 20-24 nmpa b MMHyiy<\/td>\n<\/tr>\n<tr>\n<td>Verbrauch<\/td>\n<td>300 W &#8211; 300 Bt<\/td>\n<\/tr>\n<tr>\n<td>Schwei\u00dfbalken<\/td>\n<td>450<\/td>\n<\/tr>\n<tr>\n<td>Gewicht<\/td>\n<td>10 kg -10 kt<\/td>\n<\/tr>\n<tr>\n<td>Produktkatalog<\/td>\n<td><a href=\"\/wp-content\/uploads\/2026\/03\/MACCHINA-SOTTOVUOTO-AD-ASPIRAZIONE-ESTERNE.pdf\" target=\"_blank\" rel=\"noopener\"><img loading=\"lazy\" decoding=\"async\" class=\"alignleft wp-image-3321 size-full\" src=\"https:\/\/www.sapbologna.it\/wp-content\/uploads\/2018\/09\/download-icon.png\" alt=\"\" width=\"20\" height=\"28\" \/><\/a><\/td>\n<\/tr>\n<tr>\n<td>Explosionszeichnung<\/td>\n<td><a href=\"https:\/\/www.sapbologna.it\/wp-content\/uploads\/2022\/12\/ESPLOSO-VACUUM-ASPIRAZIONE-ESTERNA.pdf\" target=\"_blank\" rel=\"noopener\"><img loading=\"lazy\" decoding=\"async\" class=\"alignleft wp-image-3321 size-full\" src=\"https:\/\/www.sapbologna.it\/wp-content\/uploads\/2018\/09\/download-icon.png\" alt=\"\" width=\"20\" height=\"28\" \/><\/a><\/td>\n<\/tr>\n<tr>\n<td>Ersatzteile<\/td>\n<td><a href=\"https:\/\/www.sapbologna.it\/wp-content\/uploads\/2022\/12\/RICAMBI-VAC-ASPIRAZIONE-ESTERNA.pdf\" target=\"_blank\" rel=\"noopener\"><img loading=\"lazy\" decoding=\"async\" class=\"alignleft wp-image-3321 size-full\" src=\"https:\/\/www.sapbologna.it\/wp-content\/uploads\/2018\/09\/download-icon.png\" alt=\"\" width=\"20\" height=\"28\" \/><\/a><\/td>\n<\/tr>\n<\/tbody>\n<\/table>\n<p>&nbsp;<\/p>\n<table class=\"table table-striped\">\n<thead>\n<tr>\n<th colspan=\"2\">VAKUUMIERER OHNE KAMMER VACUUM\/450 AUTO<\/th>\n<\/tr>\n<\/thead>\n<tbody>\n<tr>\n<td>Abmessungen<\/td>\n<td>470 x 260 x 130 mm<\/td>\n<\/tr>\n<tr>\n<td>Spannung<\/td>\n<td>230 V \/ 50-60 Hz<\/td>\n<\/tr>\n<tr>\n<td>\u00d6lbadpumpe<\/td>\n<td>40-48 L\/min 20-24 nmpa b MMHyiy<\/td>\n<\/tr>\n<tr>\n<td>Verbrauch<\/td>\n<td>400 W &#8211; 400 Bt<\/td>\n<\/tr>\n<tr>\n<td>Schwei\u00dfbalken<\/td>\n<td>450<\/td>\n<\/tr>\n<tr>\n<td>Gewicht<\/td>\n<td>8 kg &#8211; 8 Kr<\/td>\n<\/tr>\n<tr>\n<td>Produktkatalog<\/td>\n<td><a href=\"\/wp-content\/uploads\/2026\/03\/MACCHINA-SOTTOVUOTO-AD-ASPIRAZIONE-ESTERNE.pdf\" target=\"_blank\" rel=\"noopener\"><img loading=\"lazy\" decoding=\"async\" class=\"alignleft wp-image-3321 size-full\" src=\"https:\/\/www.sapbologna.it\/wp-content\/uploads\/2018\/09\/download-icon.png\" alt=\"\" width=\"20\" height=\"28\" \/><\/a><\/td>\n<\/tr>\n<tr>\n<td>Explosionszeichnung<\/td>\n<td><a href=\"https:\/\/www.sapbologna.it\/wp-content\/uploads\/2022\/12\/ESPLOSO-VACUUM-ASPIRAZIONE-ESTERNA.pdf\" target=\"_blank\" rel=\"noopener\"><img loading=\"lazy\" decoding=\"async\" class=\"alignleft wp-image-3321 size-full\" src=\"https:\/\/www.sapbologna.it\/wp-content\/uploads\/2018\/09\/download-icon.png\" alt=\"\" width=\"20\" height=\"28\" \/><\/a><\/td>\n<\/tr>\n<tr>\n<td>Ersatzteile<\/td>\n<td><a href=\"https:\/\/www.sapbologna.it\/wp-content\/uploads\/2022\/12\/RICAMBI-VAC-ASPIRAZIONE-ESTERNA.pdf\" target=\"_blank\" rel=\"noopener\"><img loading=\"lazy\" decoding=\"async\" class=\"alignleft wp-image-3321 size-full\" src=\"https:\/\/www.sapbologna.it\/wp-content\/uploads\/2018\/09\/download-icon.png\" alt=\"\" width=\"20\" height=\"28\" \/><\/a><\/td>\n<\/tr>\n<\/tbody>\n<\/table>\n<\/div>\n<div class=\"caratteristiche\"><\/div>\n","protected":false},"excerpt":{"rendered":"<p>Diese solide, langlebige Vakuumverpackungsmaschine ohne Kammer ist vollst\u00e4ndig aus Edelstahl hergestellt und ideal f\u00fcr den professionellen Einsatz in kleineren Einzelhandelsgesch\u00e4ften geeignet. Sie erlaubt es, das verpackte Produkt \u201esichtbar&#8220; zu servieren und dank eines dauerhaften und hochwertigen Vakuums seine Konservierbarkeit und Frische zu erh\u00f6hen &#8211; die Folge sind ein besseres Image und ein besserer Service. Ideal geeignet f\u00fcr Produkte mit einem niedrigen Feuchtigkeitsgehalt (Wurstwaren, K\u00e4se etc.). Die Maschine ist mit einem professionellen Schwei\u00dfbalken ausgestattet, durch den eine dickere und sauberere Schwei\u00dfnaht erzielt wird, die ein dauerhaftes Vakuum gew\u00e4hrleistet. Dar\u00fcber hinaus ist sie mit einem Filter zum Schutz der Pumpe vor Fl\u00fcssigkeiten und Feuchtigkeit ausgestattet. Alle Fl\u00fcssigkeiten oder frischen Produkte, die nicht in den geriffelten Beuteln verpackt werden k\u00f6nnen, k\u00f6nnen in entsprechenden Gl\u00e4sern aufbewahrt werden.<\/p>\n","protected":false},"featured_media":6232,"template":"","meta":[],"product_brand":[],"product_cat":[269,272],"product_tag":[],"class_list":{"0":"post-6225","1":"product","2":"type-product","3":"status-publish","4":"has-post-thumbnail","6":"product_cat-vakuumierer","7":"product_cat-alle","8":"item col-md-6 col-sm-6 col-xs-12 mb_50","10":"first","11":"instock","12":"shipping-taxable","13":"product-type-simple"},"_links":{"self":[{"href":"https:\/\/sapbologna.it\/de\/wp-json\/wp\/v2\/product\/6225","targetHints":{"allow":["GET"]}}],"collection":[{"href":"https:\/\/sapbologna.it\/de\/wp-json\/wp\/v2\/product"}],"about":[{"href":"https:\/\/sapbologna.it\/de\/wp-json\/wp\/v2\/types\/product"}],"wp:featuredmedia":[{"embeddable":true,"href":"https:\/\/sapbologna.it\/de\/wp-json\/wp\/v2\/media\/6232"}],"wp:attachment":[{"href":"https:\/\/sapbologna.it\/de\/wp-json\/wp\/v2\/media?parent=6225"}],"wp:term":[{"taxonomy":"product_brand","embeddable":true,"href":"https:\/\/sapbologna.it\/de\/wp-json\/wp\/v2\/product_brand?post=6225"},{"taxonomy":"product_cat","embeddable":true,"href":"https:\/\/sapbologna.it\/de\/wp-json\/wp\/v2\/product_cat?post=6225"},{"taxonomy":"product_tag","embeddable":true,"href":"https:\/\/sapbologna.it\/de\/wp-json\/wp\/v2\/product_tag?post=6225"}],"curies":[{"name":"wp","href":"https:\/\/api.w.org\/{rel}","templated":true}]}}