{"id":6216,"date":"2018-09-05T09:58:48","date_gmt":"2018-09-05T09:58:48","guid":{"rendered":"https:\/\/medhit-wp2.it\/sap\/product\/kammer-vakuumierer\/"},"modified":"2026-03-11T11:36:09","modified_gmt":"2026-03-11T11:36:09","slug":"kammer-vakuumierer","status":"publish","type":"product","link":"https:\/\/sapbologna.it\/de\/produkt\/kammer-vakuumierer\/","title":{"rendered":"Kammer-Vakuumierer"},"content":{"rendered":"<div class=\"caratteristiche\">\n<p>&nbsp;<\/p>\n<table class=\"table table-striped\">\n<thead>\n<tr>\n<th style=\"text-align: left;\" colspan=\"2\">KAMMER-VAKUUMIERER VACUUM\/300C<\/th>\n<\/tr>\n<\/thead>\n<tbody>\n<tr>\n<td>Abmessungen<\/td>\n<td>410 x 460 x 430 mm<\/td>\n<\/tr>\n<tr>\n<td>Kammerma\u00dfe<\/td>\n<td>310 x 350 x 190 mm<\/td>\n<\/tr>\n<tr>\n<td>Spannung<\/td>\n<td>230 \/ 50-60 Hz &#8211; <span style=\"font-family: inherit; font-size: inherit;\">230 B\/50-60 lg<\/span><\/td>\n<\/tr>\n<tr>\n<td>Vakuumpumpe<\/td>\n<td>8-9,6 m3\/h &#8211; oil \u00d2l &#8211; aceite &#8211; Macao<\/td>\n<\/tr>\n<tr>\n<td>Programmanzahl<\/td>\n<td>9<\/td>\n<\/tr>\n<tr>\n<td>Schwei\u00dfbalken<\/td>\n<td>300 mm<\/td>\n<\/tr>\n<tr>\n<td>Gewicht<\/td>\n<td>38 kg<\/td>\n<\/tr>\n<tr>\n<td>Produktkatalog<\/td>\n<td><a href=\"\/wp-content\/uploads\/2026\/03\/MACCHINA-SOTTOVUOTO-A-CAMPANA.pdf\" target=\"_blank\" rel=\"noopener\"><img loading=\"lazy\" decoding=\"async\" class=\"alignleft wp-image-3321\" src=\"https:\/\/sapbologna.it\/wp-content\/uploads\/2018\/09\/download-icon.png\" alt=\"\" width=\"35\" height=\"41\" \/><\/a><\/td>\n<\/tr>\n<tr>\n<td>Explosionszeichnung<\/td>\n<td><a href=\"https:\/\/www.sapbologna.it\/wp-content\/uploads\/2022\/12\/ESPLOSO-VACUUM-A-CAMPANA.pdf\" target=\"_blank\" rel=\"noopener\"><img loading=\"lazy\" decoding=\"async\" class=\"alignleft wp-image-3321 size-full\" src=\"https:\/\/www.sapbologna.it\/wp-content\/uploads\/2018\/09\/download-icon.png\" alt=\"\" width=\"20\" height=\"28\" \/><\/a><\/td>\n<\/tr>\n<tr>\n<td>Ersatzteile<\/td>\n<td><a href=\"https:\/\/www.sapbologna.it\/wp-content\/uploads\/2022\/12\/RICAMBI-VAC.-CAMPANA.pdf\" target=\"_blank\" rel=\"noopener\"><img loading=\"lazy\" decoding=\"async\" class=\"alignleft wp-image-3321 size-full\" src=\"https:\/\/www.sapbologna.it\/wp-content\/uploads\/2018\/09\/download-icon.png\" alt=\"\" width=\"20\" height=\"28\" \/><\/a><\/td>\n<\/tr>\n<\/tbody>\n<\/table>\n<p>&nbsp;<\/p>\n<table class=\"table table-striped\">\n<thead>\n<tr>\n<th style=\"text-align: left;\" colspan=\"2\">KAMMER-VAKUUMIERER VACUUM\/400C<\/th>\n<\/tr>\n<\/thead>\n<tbody>\n<tr>\n<td>Abmessungen<\/td>\n<td>510 x 560 x 460 mm<\/td>\n<\/tr>\n<tr>\n<td>Kammerma\u00dfe<\/td>\n<td>410 x 450 x 220 mm<\/td>\n<\/tr>\n<tr>\n<td>Spannung<\/td>\n<td>230 V\/50-60 Hz &#8211; 230 B\/50-60 Tg<\/td>\n<\/tr>\n<tr>\n<td>Vakuumpumpe<\/td>\n<td>20-24 m3\/h &#8211; oil \u00d2l &#8211; aceite &#8211; Macao<\/td>\n<\/tr>\n<tr>\n<td>Programmanzahl<\/td>\n<td>9<\/td>\n<\/tr>\n<tr>\n<td>Schwei\u00dfbalken<\/td>\n<td>400 mm<\/td>\n<\/tr>\n<tr>\n<td>Gewicht<\/td>\n<td>50 kg<\/td>\n<\/tr>\n<tr>\n<td>Produktkatalog<\/td>\n<td><a href=\"\/wp-content\/uploads\/2026\/03\/MACCHINA-SOTTOVUOTO-A-CAMPANA.pdf\" target=\"_blank\" rel=\"noopener\"><img loading=\"lazy\" decoding=\"async\" class=\"alignleft wp-image-3321 size-full\" src=\"https:\/\/www.sapbologna.it\/wp-content\/uploads\/2018\/09\/download-icon.png\" alt=\"\" width=\"20\" height=\"28\" \/><\/a><\/td>\n<\/tr>\n<tr>\n<td>Explosionszeichnung<\/td>\n<td><a href=\"https:\/\/www.sapbologna.it\/wp-content\/uploads\/2022\/12\/ESPLOSO-VACUUM-A-CAMPANA.pdf\" target=\"_blank\" rel=\"noopener\"><img loading=\"lazy\" decoding=\"async\" class=\"alignleft wp-image-3321 size-full\" src=\"https:\/\/www.sapbologna.it\/wp-content\/uploads\/2018\/09\/download-icon.png\" alt=\"\" width=\"20\" height=\"28\" \/><\/a><\/td>\n<\/tr>\n<tr>\n<td>Ersatzteile<\/td>\n<td><a href=\"https:\/\/www.sapbologna.it\/wp-content\/uploads\/2022\/12\/RICAMBI-VAC.-CAMPANA.pdf\" target=\"_blank\" rel=\"noopener\"><img loading=\"lazy\" decoding=\"async\" class=\"alignleft wp-image-3321 size-full\" src=\"https:\/\/www.sapbologna.it\/wp-content\/uploads\/2018\/09\/download-icon.png\" alt=\"\" width=\"20\" height=\"28\" \/><\/a><\/td>\n<\/tr>\n<\/tbody>\n<\/table>\n<p>&nbsp;<\/p>\n<div class=\"caratteristiche\">\n<table class=\"table table-striped\">\n<thead>\n<tr>\n<th style=\"text-align: left;\" colspan=\"2\">KAMMER-VAKUUMIERER VACUUM\/500C<\/th>\n<\/tr>\n<\/thead>\n<tbody>\n<tr>\n<td>Abmessungen<\/td>\n<td>610 x 630 x 500 mm<\/td>\n<\/tr>\n<tr>\n<td>Kammerma\u00dfe<\/td>\n<td>520 x 520 x 200 mm<\/td>\n<\/tr>\n<tr>\n<td>Spannung<\/td>\n<td>230 V\/50-60 Hz &#8211; 230 B\/50-60 Tg<\/td>\n<\/tr>\n<tr>\n<td>Vakuumpumpe<\/td>\n<td>20-24 m3\/h &#8211; oil \u00d2l &#8211; aceite &#8211; Macao<\/td>\n<\/tr>\n<tr>\n<td>Programmanzahl<\/td>\n<td>9<\/td>\n<\/tr>\n<tr>\n<td>Schwei\u00dfbalken<\/td>\n<td>500 mm<\/td>\n<\/tr>\n<tr>\n<td>Gewicht<\/td>\n<td>70 kg<\/td>\n<\/tr>\n<tr>\n<td>Produktkatalog<\/td>\n<td><a href=\"\/wp-content\/uploads\/2026\/03\/MACCHINA-SOTTOVUOTO-A-CAMPANA.pdf\" target=\"_blank\" rel=\"noopener\"><img loading=\"lazy\" decoding=\"async\" class=\"alignleft wp-image-3321 size-full\" src=\"https:\/\/www.sapbologna.it\/wp-content\/uploads\/2018\/09\/download-icon.png\" alt=\"\" width=\"20\" height=\"28\" \/><\/a><\/td>\n<\/tr>\n<tr>\n<td>Explosionszeichnung<\/td>\n<td><a href=\"https:\/\/www.sapbologna.it\/wp-content\/uploads\/2022\/12\/ESPLOSO-VACUUM-A-CAMPANA.pdf\" target=\"_blank\" rel=\"noopener\"><img loading=\"lazy\" decoding=\"async\" class=\"alignleft wp-image-3321 size-full\" src=\"https:\/\/www.sapbologna.it\/wp-content\/uploads\/2018\/09\/download-icon.png\" alt=\"\" width=\"20\" height=\"28\" \/><\/a><\/td>\n<\/tr>\n<tr>\n<td>Ersatzteile<\/td>\n<td><a href=\"https:\/\/www.sapbologna.it\/wp-content\/uploads\/2022\/12\/RICAMBI-VAC.-CAMPANA.pdf\" target=\"_blank\" rel=\"noopener\"><img loading=\"lazy\" decoding=\"async\" class=\"alignleft wp-image-3321 size-full\" src=\"https:\/\/www.sapbologna.it\/wp-content\/uploads\/2018\/09\/download-icon.png\" alt=\"\" width=\"20\" height=\"28\" \/><\/a><\/td>\n<\/tr>\n<\/tbody>\n<\/table>\n<p>&nbsp;<\/p>\n<\/div>\n<div><\/div>\n<\/div>\n<div><\/div>\n<div class=\"caratteristiche\"><\/div>\n","protected":false},"excerpt":{"rendered":"<p>Dieses professionelle Ger\u00e4t ist vollst\u00e4ndig aus Edelstahl hergestellt und passt sich den unterschiedlichsten Anwendungsanforderungen an. Dank seiner innovativen technologischen Ausstattung ist es ein unerl\u00e4ssliches Instrument f\u00fcr die Verpackung der unterschiedlichsten Produkte (Saucen, Flussigkeiten, Fleisch, Fisch und Gem\u00fcse) und kommt in einem breiten Spektrum von Sektoren zur Anwendung: in der Gastronomie, in Catering-Betrieben, Superm\u00e4rkten etc. Dar\u00fcber hinaus ist der Vakuumierer daf\u00fcr vorger\u00fcstet, mit einem (optionalen) Inertgas-lnjektionssystem ausgestattet zu werden, das die Verpackung und den Schutz auch von besonders empfindlichen und zerbrechlichen Produkten erlaubt. Die Sorgfalt in der Auswahl und die hohe Qualit\u00e4t der Materialien gew\u00e4hrleisten ein perfektes und dauerhaftes Vakuum. Jede Maschine ist mit einer \u00d6lbadpumpe ausger\u00fcstet, die mit einer Vorrichtung ausgestattet ist, die das Ablassen und Erhitzen des \u00d6ls nach l\u00e4ngerer Nichtbenutzung oder starker K\u00e4lte erm\u00f6glicht. Der mit einem dicken Plexiglas versehene Deckel gew\u00e4hrleistet eine h\u00f6here Best\u00e4ndigkeit gegen Spannungen, die durch die h\u00e4ufige Nutzung entstehen. Die Maschine erm\u00f6glicht bei besonders langen Produkten das Vakuumieren mit geriffelten Beuteln au\u00dferhalb der Kammer.<\/p>\n","protected":false},"featured_media":6219,"template":"","meta":[],"product_brand":[],"product_cat":[269,272],"product_tag":[],"class_list":{"0":"post-6216","1":"product","2":"type-product","3":"status-publish","4":"has-post-thumbnail","6":"product_cat-vakuumierer","7":"product_cat-alle","8":"item col-md-6 col-sm-6 col-xs-12 mb_50","10":"first","11":"instock","12":"shipping-taxable","13":"product-type-simple"},"_links":{"self":[{"href":"https:\/\/sapbologna.it\/de\/wp-json\/wp\/v2\/product\/6216","targetHints":{"allow":["GET"]}}],"collection":[{"href":"https:\/\/sapbologna.it\/de\/wp-json\/wp\/v2\/product"}],"about":[{"href":"https:\/\/sapbologna.it\/de\/wp-json\/wp\/v2\/types\/product"}],"wp:featuredmedia":[{"embeddable":true,"href":"https:\/\/sapbologna.it\/de\/wp-json\/wp\/v2\/media\/6219"}],"wp:attachment":[{"href":"https:\/\/sapbologna.it\/de\/wp-json\/wp\/v2\/media?parent=6216"}],"wp:term":[{"taxonomy":"product_brand","embeddable":true,"href":"https:\/\/sapbologna.it\/de\/wp-json\/wp\/v2\/product_brand?post=6216"},{"taxonomy":"product_cat","embeddable":true,"href":"https:\/\/sapbologna.it\/de\/wp-json\/wp\/v2\/product_cat?post=6216"},{"taxonomy":"product_tag","embeddable":true,"href":"https:\/\/sapbologna.it\/de\/wp-json\/wp\/v2\/product_tag?post=6216"}],"curies":[{"name":"wp","href":"https:\/\/api.w.org\/{rel}","templated":true}]}}