{"id":6189,"date":"2018-09-05T09:38:50","date_gmt":"2018-09-05T09:38:50","guid":{"rendered":"https:\/\/medhit-wp2.it\/sap\/product\/kutter-mod-2004-lt3-lt5-lt8\/"},"modified":"2026-04-02T11:35:21","modified_gmt":"2026-04-02T11:35:21","slug":"kutter-mod-2004-lt3-lt5-lt8","status":"publish","type":"product","link":"https:\/\/sapbologna.it\/de\/produkt\/kutter-mod-2004-lt3-lt5-lt8\/","title":{"rendered":"Kutter Mod. 2004 LT3-LT5-LT8"},"content":{"rendered":"<div class=\"caratteristiche\">\n<p>&nbsp;<\/p>\n<table class=\"table table-striped\">\n<thead>\n<tr>\n<th colspan=\"2\">CUTTER LT 3<\/th>\n<\/tr>\n<\/thead>\n<tbody>\n<tr>\n<td>Installierte Leistung einphasig 230 V<\/td>\n<td>480 W \u2013 2,2 A<\/td>\n<\/tr>\n<tr>\n<td>Au\u00dfenma\u00dfe<\/td>\n<td>35x24x31 cm<\/td>\n<\/tr>\n<tr>\n<td>Gewicht<\/td>\n<td>11 kg<\/td>\n<\/tr>\n<tr>\n<td>Durchschnittlicher Ger\u00e4uschpegel<\/td>\n<td>&lt; 70 dB A<\/td>\n<\/tr>\n<tr>\n<td>Messerumdrehungen pro Minute<\/td>\n<td>zwischen 900 und 2200<\/td>\n<\/tr>\n<tr>\n<td>Beh\u00e4lterma\u00dfe<\/td>\n<td>\u00d8 18 x 10,5 h cm<\/td>\n<\/tr>\n<tr>\n<td>Verpackungsma\u00dfe<\/td>\n<td>40x38x39 cm<\/td>\n<\/tr>\n<tr>\n<td>Optionen<\/td>\n<td>gezahntes Messer zum Hacken, gelochtes Messer zum Aufschlagen und Kneten<\/td>\n<\/tr>\n<tr>\n<td>Produktkatalog<\/td>\n<td><a href=\"\/wp-content\/uploads\/2026\/03\/CUTTER-2004-LT-3.pdf\"><img loading=\"lazy\" decoding=\"async\" class=\"alignleft wp-image-3321\" src=\"https:\/\/www.sapbologna.it\/wp-content\/uploads\/2018\/09\/download-icon.png\" alt=\"\" width=\"20\" height=\"28\" \/><\/a><\/td>\n<\/tr>\n<tr>\n<td>Explosionszeichnung<\/td>\n<td><a href=\"..\/..\/..\/wp-content\/uploads\/2018\/09\/CUTTER-2004-3LT.pdf\" target=\"_blank\" rel=\"noopener\"><img loading=\"lazy\" decoding=\"async\" class=\"alignleft wp-image-3321 size-full\" src=\"https:\/\/www.sapbologna.it\/wp-content\/uploads\/2018\/09\/download-icon.png\" alt=\"\" width=\"20\" height=\"28\" \/><\/a><\/td>\n<\/tr>\n<tr>\n<td>Ersatzteile<\/td>\n<td><a href=\"..\/..\/..\/wp-content\/uploads\/2018\/09\/CUTTER-3-MARZO-2018-PER-SITO.pdf\" target=\"_blank\" rel=\"noopener\"><img loading=\"lazy\" decoding=\"async\" class=\"alignleft wp-image-3321 size-full\" src=\"https:\/\/www.sapbologna.it\/wp-content\/uploads\/2018\/09\/download-icon.png\" alt=\"\" width=\"20\" height=\"28\" \/><\/a><\/td>\n<\/tr>\n<\/tbody>\n<\/table>\n<\/div>\n<div class=\"caratteristiche\">\n<p>&nbsp;<\/p>\n<table class=\"table table-striped\">\n<thead>\n<tr>\n<th colspan=\"2\">CUTTER LT 5<\/th>\n<\/tr>\n<\/thead>\n<tbody>\n<tr>\n<td>Installierte Leistung einphasig 230 V<\/td>\n<td>960 W \u2013 4,4 A<\/td>\n<\/tr>\n<tr>\n<td>Au\u00dfenma\u00dfe<\/td>\n<td>41x31x34 cm<\/td>\n<\/tr>\n<tr>\n<td>Gewicht<\/td>\n<td>18 kg<\/td>\n<\/tr>\n<tr>\n<td>Durchschnittlicher Ger\u00e4uschpegel<\/td>\n<td>&lt; 70 dB A<\/td>\n<\/tr>\n<tr>\n<td>Messerumdrehungen pro Minute<\/td>\n<td>zwischen 900 und 2200<\/td>\n<\/tr>\n<tr>\n<td>Beh\u00e4lterma\u00dfe<\/td>\n<td>\u00d8 24 x 12 h cm<\/td>\n<\/tr>\n<tr>\n<td>Verpackungsma\u00dfe<\/td>\n<td>47x40x50 cm<\/td>\n<\/tr>\n<tr>\n<td>Optionen<\/td>\n<td>gezahntes Messer zum Hacken, gelochtes Messer zum Aufschlagen und Kneten<\/td>\n<\/tr>\n<tr>\n<td>Produktkatalog<\/td>\n<td><a href=\"\/wp-content\/uploads\/2026\/04\/CUTTER-2004-LT-5.pdf\"><img loading=\"lazy\" decoding=\"async\" class=\"alignleft wp-image-3321\" src=\"https:\/\/www.sapbologna.it\/wp-content\/uploads\/2018\/09\/download-icon.png\" alt=\"\" width=\"20\" height=\"28\" \/><\/a><\/td>\n<\/tr>\n<tr>\n<td>Explosionszeichnung<\/td>\n<td><a href=\"..\/..\/..\/wp-content\/uploads\/2018\/09\/CUTTER-2004-3LT.pdf\" target=\"_blank\" rel=\"noopener\"><img loading=\"lazy\" decoding=\"async\" class=\"alignleft wp-image-3321 size-full\" src=\"https:\/\/www.sapbologna.it\/wp-content\/uploads\/2018\/09\/download-icon.png\" alt=\"\" width=\"20\" height=\"28\" \/><\/a><\/td>\n<\/tr>\n<tr>\n<td>Ersatzteile<\/td>\n<td><a href=\"..\/..\/..\/wp-content\/uploads\/2018\/09\/CUTTER-5-MARZO-2018-PER-SITO.pdf\" target=\"_blank\" rel=\"noopener\"><img loading=\"lazy\" decoding=\"async\" class=\"alignleft wp-image-3321 size-full\" src=\"https:\/\/www.sapbologna.it\/wp-content\/uploads\/2018\/09\/download-icon.png\" alt=\"\" width=\"20\" height=\"28\" \/><\/a><\/td>\n<\/tr>\n<\/tbody>\n<\/table>\n<\/div>\n<div class=\"caratteristiche\">\n<p>&nbsp;<\/p>\n<table class=\"table table-striped\">\n<thead>\n<tr>\n<th colspan=\"2\">CUTTER LT 8<\/th>\n<\/tr>\n<\/thead>\n<tbody>\n<tr>\n<td>Installierte Leistung einphasig 230 V<\/td>\n<td>960 W &#8211; 4,4 A<\/td>\n<\/tr>\n<tr>\n<td>Au\u00dfenma\u00dfe<\/td>\n<td>41x31x40 cm<\/td>\n<\/tr>\n<tr>\n<td>Gewicht<\/td>\n<td>kg 19<\/td>\n<\/tr>\n<tr>\n<td>Durchschnittlicher Ger\u00e4uschpegel<\/td>\n<td>zwischen 900 und 2200<\/td>\n<\/tr>\n<tr>\n<td>Beh\u00e4lterma\u00dfe<\/td>\n<td>\u00d8 24 x 18 h cm<\/td>\n<\/tr>\n<tr>\n<td>Verpackungsma\u00dfe<\/td>\n<td>47x40x50 cm<\/td>\n<\/tr>\n<tr>\n<td>Optionen<\/td>\n<td>gezahntes Messer zum Hacken, gelochtes Messer zum Aufschlagen und Kneten<\/td>\n<\/tr>\n<tr>\n<td>Produktkatalog<\/td>\n<td><a href=\"\/wp-content\/uploads\/2026\/04\/CUTTER-2004-LT8.pdf\"><img loading=\"lazy\" decoding=\"async\" class=\"alignleft wp-image-3321\" src=\"https:\/\/www.sapbologna.it\/wp-content\/uploads\/2018\/09\/download-icon.png\" alt=\"\" width=\"20\" height=\"28\" \/><\/a><\/td>\n<\/tr>\n<tr>\n<td>Explosionszeichnung<\/td>\n<td><a href=\"..\/..\/..\/wp-content\/uploads\/2018\/09\/CUTTER-2004-3LT.pdf\" target=\"_blank\" rel=\"noopener\"><img loading=\"lazy\" decoding=\"async\" class=\"alignleft wp-image-3321 size-full\" src=\"https:\/\/www.sapbologna.it\/wp-content\/uploads\/2018\/09\/download-icon.png\" alt=\"\" width=\"20\" height=\"28\" \/><\/a><\/td>\n<\/tr>\n<tr>\n<td>Ersatzteile<\/td>\n<td><a href=\"..\/..\/..\/wp-content\/uploads\/2018\/09\/CUTTER-8-MARZO-2018-PER-SITO.pdf\" target=\"_blank\" rel=\"noopener\"><img loading=\"lazy\" decoding=\"async\" class=\"alignleft wp-image-3321 size-full\" src=\"https:\/\/www.sapbologna.it\/wp-content\/uploads\/2018\/09\/download-icon.png\" alt=\"\" width=\"20\" height=\"28\" \/><\/a><\/td>\n<\/tr>\n<\/tbody>\n<\/table>\n<\/div>\n","protected":false},"excerpt":{"rendered":"<div class=\"testo\">\n<p>Entwickelt und hergestellt in \u00dcbereinstimmung mit den geltenden europ\u00e4ischen Richtlinien f\u00fcr die CE-Zertifizierung und seit Jahren eine gro\u00dfe Hilfe in Profik\u00fcchen. Der Beh\u00e4lter liegt nicht auf dem Geh\u00e4use auf, damit eine Erw\u00e4rmung der verarbeiteten Produkte durch den Motor verhindert wird.<br \/>\nGeschwindigkeit einstellbar zwischen 900 und 2200 Umdrehungen\/Minute mit 9 verschiedenen Positionen. Sie sind praktisch, denn sie sind in der Lage eine Vielzahl von Produkten zu hacken, zu zerkleinern, zu schneiden, zu homogenisieren, zu kneten und vieles mehr, wodurch die in der K\u00fcche erforderliche Zeit erheblich reduziert wird.<br \/>\nSie sind sicher, denn sie verf\u00fcgen \u00fcber 24 V-Niederspannungssteuerungen, Motorbremse und Sicherheitsmikroschalter auf dem Deckel.<br \/>\nSie sind hygienisch, denn sie sind vollkommen aus Edelstahl und lebensmittelgeeignetem Kunststoff gefertigt.<\/p>\n<\/div>\n","protected":false},"featured_media":6192,"template":"","meta":[],"product_brand":[],"product_cat":[264,272],"product_tag":[],"class_list":{"0":"post-6189","1":"product","2":"type-product","3":"status-publish","4":"has-post-thumbnail","6":"product_cat-kutter","7":"product_cat-alle","8":"item col-md-6 col-sm-6 col-xs-12 mb_50","10":"first","11":"instock","12":"shipping-taxable","13":"product-type-simple"},"_links":{"self":[{"href":"https:\/\/sapbologna.it\/de\/wp-json\/wp\/v2\/product\/6189","targetHints":{"allow":["GET"]}}],"collection":[{"href":"https:\/\/sapbologna.it\/de\/wp-json\/wp\/v2\/product"}],"about":[{"href":"https:\/\/sapbologna.it\/de\/wp-json\/wp\/v2\/types\/product"}],"wp:featuredmedia":[{"embeddable":true,"href":"https:\/\/sapbologna.it\/de\/wp-json\/wp\/v2\/media\/6192"}],"wp:attachment":[{"href":"https:\/\/sapbologna.it\/de\/wp-json\/wp\/v2\/media?parent=6189"}],"wp:term":[{"taxonomy":"product_brand","embeddable":true,"href":"https:\/\/sapbologna.it\/de\/wp-json\/wp\/v2\/product_brand?post=6189"},{"taxonomy":"product_cat","embeddable":true,"href":"https:\/\/sapbologna.it\/de\/wp-json\/wp\/v2\/product_cat?post=6189"},{"taxonomy":"product_tag","embeddable":true,"href":"https:\/\/sapbologna.it\/de\/wp-json\/wp\/v2\/product_tag?post=6189"}],"curies":[{"name":"wp","href":"https:\/\/api.w.org\/{rel}","templated":true}]}}