{"id":6185,"date":"2018-09-05T09:35:10","date_gmt":"2018-09-05T09:35:10","guid":{"rendered":"https:\/\/medhit-wp2.it\/sap\/product\/vertikale-aufschnittmaschine\/"},"modified":"2026-02-26T11:25:22","modified_gmt":"2026-02-26T11:25:22","slug":"vertikale-aufschnittmaschine","status":"publish","type":"product","link":"https:\/\/sapbologna.it\/de\/produkt\/vertikale-aufschnittmaschine\/","title":{"rendered":"Vertikale Aufschnittmaschine"},"content":{"rendered":"<div class=\"caratteristiche\">\n<p>&nbsp;<\/p>\n<table class=\"table table-striped\">\n<thead>\n<tr>\n<th colspan=\"2\">VERTIKALE AUFSCHNITTMASCHINE AFV250SC<\/th>\n<\/tr>\n<\/thead>\n<tbody>\n<tr>\n<td>Diametro lama \/ Blade diameter \/ Messerdurchmesser<\/td>\n<td>250 mm<\/td>\n<\/tr>\n<tr>\n<td>Potenza motore \/ Power \/ Motorleistung<\/td>\n<td>260 W<\/td>\n<\/tr>\n<tr>\n<td>Impianto elettrico \/ Electric plant \/ Elektroanlage<\/td>\n<td>230 \/ 1N \/ 50<\/td>\n<\/tr>\n<tr>\n<td>Capacit\u00e0 di taglio \/ Capacity of cut about \/ Schnittkapazit\u00e4t<\/td>\n<td>260 x 190 &#8211; 215X170 CM<\/td>\n<\/tr>\n<tr>\n<td>Peso \/ Weight \/ Poids \/ Gewicht \/ Poids \/ \u0412\u0435\u0441<\/td>\n<td>24 kg<\/td>\n<\/tr>\n<tr>\n<td>Dimensione \/ Dimensions \/ Abmessungen<\/td>\n<td>52 x 61 x 51,5 cm (S)<\/td>\n<\/tr>\n<tr>\n<td>Dimensione imballo \/ Packaging dimensions \/ Verpackungsma\u00dfe<\/td>\n<td>70 x 63 x 63 h<\/td>\n<\/tr>\n<tr>\n<td>Produktkatalog<\/td>\n<td><a href=\"\/wp-content\/uploads\/2026\/02\/AFFETTATRICE-VERTICALE-250.pdf\" target=\"_blank\" rel=\"noopener\"><img loading=\"lazy\" decoding=\"async\" class=\"alignleft wp-image-3321 \" src=\"https:\/\/sapbologna.it\/wp-content\/uploads\/2018\/09\/download-icon.png\" alt=\"\" width=\"21\" height=\"25\" \/><\/a><\/td>\n<\/tr>\n<\/tbody>\n<\/table>\n<\/div>\n<div class=\"caratteristiche\">\n<p>&nbsp;<\/p>\n<table class=\"table table-striped\">\n<thead>\n<tr>\n<th colspan=\"2\">VERTIKALE AUFSCHNITTMASCHINE AFV300SC<\/th>\n<\/tr>\n<\/thead>\n<tbody>\n<tr>\n<td>Diametro lama \/ Blade diameter \/ Messerdurchmesser<\/td>\n<td>300 mm<\/td>\n<\/tr>\n<tr>\n<td>Potenza motore \/ Power \/ Motorleistung<\/td>\n<td>260 W<\/td>\n<\/tr>\n<tr>\n<td>Impianto elettrico \/ Electric plant \/ Elektroanlage<\/td>\n<td>230 \/ 1N \/ 50<\/td>\n<\/tr>\n<tr>\n<td>Capacit\u00e0 di taglio \/ Capacity of cut about \/ Schnittkapazit\u00e4t<\/td>\n<td>260 x 210<\/td>\n<\/tr>\n<tr>\n<td>Peso \/ Weight \/ Poids \/ Gewicht \/ \u0412\u0435\u0441<\/td>\n<td>28 kg<\/td>\n<\/tr>\n<tr>\n<td>Dimensione \/ Dimensions \/ Abmessungen<\/td>\n<td>55 x 71 x 61 cm (S) 55 x 71 x 55 cm (C)<\/td>\n<\/tr>\n<tr>\n<td>Dimensione imballo \/ Packaging dimensions \/ Verpackungsma\u00dfe<\/td>\n<td>70 x 63 x 70 h<\/td>\n<\/tr>\n<tr>\n<td>Produktkatalog<\/td>\n<td><a href=\"\/wp-content\/uploads\/2026\/02\/AFFETTATRICE-VERTICALE-300.pdf\" target=\"_blank\" rel=\"noopener\"><img loading=\"lazy\" decoding=\"async\" class=\"alignleft wp-image-3321 \" src=\"https:\/\/sapbologna.it\/wp-content\/uploads\/2018\/09\/download-icon.png\" alt=\"\" width=\"22\" height=\"26\" \/><\/a><\/td>\n<\/tr>\n<\/tbody>\n<\/table>\n<\/div>\n<div class=\"caratteristiche\">\n<p>&nbsp;<\/p>\n<table class=\"table table-striped\">\n<thead>\n<tr>\n<th colspan=\"2\">VERTIKALE AUFSCHNITTMASCHINE AFV350SC<\/th>\n<\/tr>\n<\/thead>\n<tbody>\n<tr>\n<td>Diametro lama \/ Blade diameter \/ Messerdurchmesser<\/td>\n<td>350 mm<\/td>\n<\/tr>\n<tr>\n<td>Potenza motore \/ Power \/ Motorleistung<\/td>\n<td>260 W<\/td>\n<\/tr>\n<tr>\n<td>Impianto elettrico \/ Electric plant \/ Elektroanlage<\/td>\n<td>230 \/ 1N \/ 50<\/td>\n<\/tr>\n<tr>\n<td>Capacit\u00e0 di taglio \/ Capacity of cut about \/ Schnittkapazit\u00e4t<\/td>\n<td>260 x 210<\/td>\n<\/tr>\n<tr>\n<td>Peso \/ Weight \/ Poids \/ Gewicht \/ \u0412\u0435\u0441<\/td>\n<td>44 kg<\/td>\n<\/tr>\n<tr>\n<td>Dimensione \/ Dimensions \/ Abmessungen<\/td>\n<td>65 x 82 x 64 cm (S) -65 x 82 x 64 cm (C)<\/td>\n<\/tr>\n<tr>\n<td>Dimensione imballo \/ Packaging dimensions \/ Verpackungsma\u00dfe<\/td>\n<td>82 x 72 x 76 h<\/td>\n<\/tr>\n<tr>\n<td>Produktkatalog<\/td>\n<td><a href=\"\/wp-content\/uploads\/2026\/02\/AFFETTATRICE-VERTICALE-350.pdf\" target=\"_blank\" rel=\"noopener\"><img loading=\"lazy\" decoding=\"async\" class=\"alignleft wp-image-3321 \" src=\"https:\/\/sapbologna.it\/wp-content\/uploads\/2018\/09\/download-icon.png\" alt=\"\" width=\"21\" height=\"25\" \/><\/a><\/td>\n<\/tr>\n<\/tbody>\n<\/table>\n<\/div>\n<div class=\"caratteristiche\">\n<p>&nbsp;<\/p>\n<table class=\"table table-striped\">\n<thead>\n<tr>\n<th colspan=\"2\">VERTIKALE AUFSCHNITTMASCHINE AFV370SC<\/th>\n<\/tr>\n<\/thead>\n<tbody>\n<tr>\n<td>Diametro lama \/ Blade diameter \/ Messerdurchmesser<\/td>\n<td>370 mm<\/td>\n<\/tr>\n<tr>\n<td>Potenza motore \/ Power \/ Motorleistung<\/td>\n<td>370 W<\/td>\n<\/tr>\n<tr>\n<td>Impianto elettrico \/ Electric plant \/ Elektroanlage<\/td>\n<td>230 \/ 1N \/ 50<\/td>\n<\/tr>\n<tr>\n<td>Capacit\u00e0 di taglio \/ Capacity of cut about \/ Schnittkapazit\u00e4t<\/td>\n<td>290 x 275 cm<\/td>\n<\/tr>\n<tr>\n<td>Peso \/ Weight \/ Poids \/ Gewicht \/ \u0412\u0435\u0441<\/td>\n<td>47 kg<\/td>\n<\/tr>\n<tr>\n<td>Dimensione \/ Dimensions \/ Abmessungen<\/td>\n<td>65 x 82 x 64 cm (S)-65 x 82 x 64 cm (C)<\/td>\n<\/tr>\n<tr>\n<td>Dimensione imballo \/ Packaging dimensions \/ Verpackungsma\u00dfe<\/td>\n<td>82 x 72 x 76 h<\/td>\n<\/tr>\n<tr>\n<td>Produktkatalog<\/td>\n<td><a href=\"\/wp-content\/uploads\/2026\/02\/AFFETTATRICE-VERTICALE-370.pdf\" target=\"_blank\" rel=\"noopener\"><img loading=\"lazy\" decoding=\"async\" class=\"alignleft wp-image-3321 \" src=\"https:\/\/sapbologna.it\/wp-content\/uploads\/2018\/09\/download-icon.png\" alt=\"\" width=\"21\" height=\"25\" \/><\/a><\/td>\n<\/tr>\n<\/tbody>\n<\/table>\n<\/div>\n","protected":false},"excerpt":{"rendered":"<div class=\"testo\">\n<p align=\"LEFT\">Aus Aluminiumlegierung mit Muschelguss\u00a0mit polierter und eloxierter Oberfl\u00e4che. Sie ist mit einer\u00a0hochpr\u00e4zisen Einstellung der Schnittst\u00e4rke zwischen 0 und 16 mm\u00a0und einem serienm\u00e4\u00dfigen festen oberen Sch\u00e4rfer ausgestattet. Der kugelgelagerte\u00a0Teller erm\u00f6glicht ein besseres\u00a0Gleiten. Ausger\u00fcstet mit verchromtem und\u00a0geh\u00e4rtetem Stahlmesser, festem Ring um das Messer und serienm\u00e4\u00dfiger Teller-Segel-Blockierung\u00a0bei den gewerblichen CE-Modellen. Die Maschine ist\u00a0in der Ausf\u00fchrung f\u00fcr Wurstwaren (S) und in der Ausf\u00fchrung\u00a0mit Fleischteller (C) erh\u00e4ltlich.<\/p>\n<\/div>\n","protected":false},"featured_media":6186,"template":"","meta":[],"product_brand":[],"product_cat":[263,272],"product_tag":[],"class_list":{"0":"post-6185","1":"product","2":"type-product","3":"status-publish","4":"has-post-thumbnail","6":"product_cat-aufschnittmaschine","7":"product_cat-alle","8":"item col-md-6 col-sm-6 col-xs-12 mb_50","10":"first","11":"instock","12":"shipping-taxable","13":"product-type-simple"},"_links":{"self":[{"href":"https:\/\/sapbologna.it\/de\/wp-json\/wp\/v2\/product\/6185","targetHints":{"allow":["GET"]}}],"collection":[{"href":"https:\/\/sapbologna.it\/de\/wp-json\/wp\/v2\/product"}],"about":[{"href":"https:\/\/sapbologna.it\/de\/wp-json\/wp\/v2\/types\/product"}],"wp:featuredmedia":[{"embeddable":true,"href":"https:\/\/sapbologna.it\/de\/wp-json\/wp\/v2\/media\/6186"}],"wp:attachment":[{"href":"https:\/\/sapbologna.it\/de\/wp-json\/wp\/v2\/media?parent=6185"}],"wp:term":[{"taxonomy":"product_brand","embeddable":true,"href":"https:\/\/sapbologna.it\/de\/wp-json\/wp\/v2\/product_brand?post=6185"},{"taxonomy":"product_cat","embeddable":true,"href":"https:\/\/sapbologna.it\/de\/wp-json\/wp\/v2\/product_cat?post=6185"},{"taxonomy":"product_tag","embeddable":true,"href":"https:\/\/sapbologna.it\/de\/wp-json\/wp\/v2\/product_tag?post=6185"}],"curies":[{"name":"wp","href":"https:\/\/api.w.org\/{rel}","templated":true}]}}