{"id":6175,"date":"2018-09-05T09:20:06","date_gmt":"2018-09-05T09:20:06","guid":{"rendered":"https:\/\/medhit-wp2.it\/sap\/product\/elektrische-schwerkraft-aufschnittmaschine\/"},"modified":"2026-02-25T14:53:44","modified_gmt":"2026-02-25T14:53:44","slug":"elektrische-schwerkraft-aufschnittmaschine","status":"publish","type":"product","link":"https:\/\/sapbologna.it\/de\/produkt\/elektrische-schwerkraft-aufschnittmaschine\/","title":{"rendered":"Elektrische Schwerkraft-Aufschnittmaschine"},"content":{"rendered":"<div class=\"caratteristiche\">\n<p>&nbsp;<\/p>\n<table class=\"table table-striped\">\n<thead>\n<tr>\n<th colspan=\"2\">ELEKTRISCHE AUFSCHNITTMASCHINE 195A<\/th>\n<\/tr>\n<\/thead>\n<tbody>\n<tr>\n<td>Diametro lama \/ Blade diameter \/ Messerdurchmesser<\/td>\n<td>19,5 cm<\/td>\n<\/tr>\n<tr>\n<td>Potenza motore \/ Power \/ Motorleistung<\/td>\n<td>150 W<\/td>\n<\/tr>\n<tr>\n<td>Impianto elettrico \/ Electric plant \/ Elektroanlage<\/td>\n<td>V 230<\/td>\n<\/tr>\n<tr>\n<td>Capacit\u00e0 di taglio \/ Schnittkapazit\u00e4t<\/td>\n<td>140 x 140<\/td>\n<\/tr>\n<tr>\n<td>Peso \/ Weight \/ Poids \/ Gewicht \/ \u0412\u0435\u0441<\/td>\n<td>10 kg<\/td>\n<\/tr>\n<tr>\n<td>Dimensione imballo \/ Packaging \/ Verpackungsma\u00dfe<\/td>\n<td>34 x 42 x 40 cm<\/td>\n<\/tr>\n<tr>\n<td>Produktkatalog<\/td>\n<td><a href=\"\/wp-content\/uploads\/2018\/09\/AFFETTATRICE-ELETTRICA-A-GRAVITA-195.pdf\" target=\"_blank\" rel=\"noopener\"><img loading=\"lazy\" decoding=\"async\" class=\"alignleft wp-image-3321 \" src=\"https:\/\/sapbologna.it\/wp-content\/uploads\/2018\/09\/download-icon.png\" alt=\"\" width=\"22\" height=\"26\" \/><\/a><\/td>\n<\/tr>\n<tr>\n<td>Explosionszeichnung<\/td>\n<td><a href=\"..\/..\/..\/wp-content\/uploads\/2018\/09\/AF195-220-250-275F.pdf\" target=\"_blank\" rel=\"noopener\"><img loading=\"lazy\" decoding=\"async\" class=\"alignleft wp-image-3321 size-full\" src=\"https:\/\/www.sapbologna.it\/wp-content\/uploads\/2018\/09\/download-icon.png\" alt=\"\" width=\"20\" height=\"28\" \/><\/a><\/td>\n<\/tr>\n<tr>\n<td>Ersatzteile<\/td>\n<td><a href=\"..\/..\/..\/wp-content\/uploads\/2018\/09\/AFFETTATRICE-F250E-ITA-ING-FRA.pdf\" target=\"_blank\" rel=\"noopener\"><img loading=\"lazy\" decoding=\"async\" class=\"alignleft wp-image-3321 size-full\" src=\"https:\/\/www.sapbologna.it\/wp-content\/uploads\/2018\/09\/download-icon.png\" alt=\"\" width=\"20\" height=\"28\" \/><\/a><\/td>\n<\/tr>\n<\/tbody>\n<\/table>\n<\/div>\n<div class=\"caratteristiche\">\n<p>&nbsp;<\/p>\n<table class=\"table table-striped\">\n<thead>\n<tr>\n<th colspan=\"2\">ELEKTRISCHE AUFSCHNITTMASCHINE 220A<\/th>\n<\/tr>\n<\/thead>\n<tbody>\n<tr>\n<td>Diametro lama \/ Blade diameter \/ Messerdurchmesser<\/td>\n<td>22 cm<\/td>\n<\/tr>\n<tr>\n<td>Potenza motore \/ Power \/ Motorleistung<\/td>\n<td>150 W<\/td>\n<\/tr>\n<tr>\n<td>Impianto elettrico \/ Electric plant \/ Elektroanlage<\/td>\n<td>V 230<\/td>\n<\/tr>\n<tr>\n<td>Capacit\u00e0 di taglio \/ Schnittkapazit\u00e4t<\/td>\n<td>190 x<\/td>\n<\/tr>\n<tr>\n<td>Peso \/ Weight \/ Poids \/ Gewicht \/ \u0412\u0435\u0441<\/td>\n<td>14 kg<\/td>\n<\/tr>\n<tr>\n<td>Dimensione imballo \/ Packaging \/ Verpackungsma\u00dfe<\/td>\n<td>50 x 43 x 44 cm<\/td>\n<\/tr>\n<tr>\n<td>Produktkatalog<\/td>\n<td><a href=\"\/wp-content\/uploads\/2026\/02\/AFFETTATRICE-ELETTRICA-A-GRAVITA-220.pdf\" target=\"_blank\" rel=\"noopener\"><img loading=\"lazy\" decoding=\"async\" class=\"alignleft wp-image-3321 \" src=\"https:\/\/sapbologna.it\/wp-content\/uploads\/2018\/09\/download-icon.png\" alt=\"\" width=\"22\" height=\"26\" \/><\/a><\/td>\n<\/tr>\n<tr>\n<td>Explosionszeichnung<\/td>\n<td><a href=\"..\/..\/..\/wp-content\/uploads\/2018\/09\/AF195-220-250-275F.pdf\" target=\"_blank\" rel=\"noopener\"><img loading=\"lazy\" decoding=\"async\" class=\"alignleft wp-image-3321 size-full\" src=\"https:\/\/www.sapbologna.it\/wp-content\/uploads\/2018\/09\/download-icon.png\" alt=\"\" width=\"20\" height=\"28\" \/><\/a><\/td>\n<\/tr>\n<tr>\n<td>Ersatzteile<\/td>\n<td><a href=\"..\/..\/..\/wp-content\/uploads\/2018\/09\/AFFETTATRICE-F300E-ITA-ING-FRA.pdf \" target=\"_blank\" rel=\"noopener\"><img loading=\"lazy\" decoding=\"async\" class=\"alignleft wp-image-3321 size-full\" src=\"https:\/\/www.sapbologna.it\/wp-content\/uploads\/2018\/09\/download-icon.png\" alt=\"\" width=\"20\" height=\"28\" \/><\/a><\/td>\n<\/tr>\n<\/tbody>\n<\/table>\n<\/div>\n<div class=\"caratteristiche\">\n<p>&nbsp;<\/p>\n<table class=\"table table-striped\">\n<thead>\n<tr>\n<th colspan=\"2\">ELEKTRISCHE AUFSCHNITTMASCHINE 250A<\/th>\n<\/tr>\n<\/thead>\n<tbody>\n<tr>\n<td>Diametro lama \/ Blade diameter \/ Messerdurchmesser<\/td>\n<td>25 cm<\/td>\n<\/tr>\n<tr>\n<td>Potenza motore \/ Power \/ Motorleistung<\/td>\n<td>220 W<\/td>\n<\/tr>\n<tr>\n<td>Impianto elettrico \/ Electric plant \/ Elektroanlage<\/td>\n<td>V 230<\/td>\n<\/tr>\n<tr>\n<td>Capacit\u00e0 di taglio \/ Schnittkapazit\u00e4t<\/td>\n<td>220 x 190 cm<\/td>\n<\/tr>\n<tr>\n<td>Peso \/ Weight \/ Poids \/ Gewicht \/ \u0412\u0435\u0441<\/td>\n<td>17 kg<\/td>\n<\/tr>\n<tr>\n<td>Dimensione imballo \/ Packaging \/ Verpackungsma\u00dfe<\/td>\n<td>54 x 46 x 45 cm<\/td>\n<\/tr>\n<tr>\n<td>Produktkatalog<\/td>\n<td><a href=\"\/wp-content\/uploads\/2026\/02\/AFFETTATRICE-ELETTRICA-A-GRAVITA-250.pdf\" target=\"_blank\" rel=\"noopener\"><img loading=\"lazy\" decoding=\"async\" class=\"alignleft wp-image-3321 \" src=\"https:\/\/sapbologna.it\/wp-content\/uploads\/2018\/09\/download-icon.png\" alt=\"\" width=\"22\" height=\"26\" \/><\/a><\/td>\n<\/tr>\n<tr>\n<td>Explosionszeichnung<\/td>\n<td><a href=\"..\/..\/..\/wp-content\/uploads\/2018\/09\/AF195-220-250-275F.pdf\" target=\"_blank\" rel=\"noopener\"><img loading=\"lazy\" decoding=\"async\" class=\"alignleft wp-image-3321 size-full\" src=\"https:\/\/www.sapbologna.it\/wp-content\/uploads\/2018\/09\/download-icon.png\" alt=\"\" width=\"20\" height=\"28\" \/><\/a><\/td>\n<\/tr>\n<tr>\n<td>Ersatzteile<\/td>\n<td><a href=\"..\/..\/..\/wp-content\/uploads\/2018\/09\/AFFETTATRICE-F250E-ITA-ING-FRA1.pdf \" target=\"_blank\" rel=\"noopener\"><img loading=\"lazy\" decoding=\"async\" class=\"alignleft wp-image-3321 size-full\" src=\"https:\/\/www.sapbologna.it\/wp-content\/uploads\/2018\/09\/download-icon.png\" alt=\"\" width=\"20\" height=\"28\" \/><\/a><\/td>\n<\/tr>\n<\/tbody>\n<\/table>\n<\/div>\n<div class=\"caratteristiche\">\n<p>&nbsp;<\/p>\n<table class=\"table table-striped\">\n<thead>\n<tr>\n<th colspan=\"2\">ELEKTRISCHE AUFSCHNITTMASCHINE 275A<\/th>\n<\/tr>\n<\/thead>\n<tbody>\n<tr>\n<td>Diametro lama \/ Blade diameter \/ Messerdurchmesser<\/td>\n<td>27,5 cm<\/td>\n<\/tr>\n<tr>\n<td>Potenza motore \/ Power \/ Motorleistung<\/td>\n<td>220 W<\/td>\n<\/tr>\n<tr>\n<td>Impianto elettrico \/ Electric plant \/ Elektroanlage<\/td>\n<td>V 230<\/td>\n<\/tr>\n<tr>\n<td>Capacit\u00e0 di taglio \/ Schnittkapazit\u00e4t<\/td>\n<td>220 x 210<\/td>\n<\/tr>\n<tr>\n<td>Peso \/ Weight \/ Poids \/ Gewicht \/ \u0412\u0435\u0441<\/td>\n<td>18 kg<\/td>\n<\/tr>\n<tr>\n<td>Dimensione imballo \/ Packaging \/ Verpackungsma\u00dfe<\/td>\n<td>54 x 46 x 45 cm<\/td>\n<\/tr>\n<tr>\n<td>Produktkatalog<\/td>\n<td><a href=\"\/wp-content\/uploads\/2026\/02\/AFFETTARICE-ELETTRICA-A-GRAVITA-275.pdf\" target=\"_blank\" rel=\"noopener\"><img loading=\"lazy\" decoding=\"async\" class=\"alignleft wp-image-3321 \" src=\"https:\/\/sapbologna.it\/wp-content\/uploads\/2018\/09\/download-icon.png\" alt=\"\" width=\"22\" height=\"26\" \/><\/a><\/td>\n<\/tr>\n<tr>\n<td>Explosionszeichnung<\/td>\n<td><a href=\"..\/..\/..\/wp-content\/uploads\/2018\/09\/AF195-220-250-275F.pdf\" target=\"_blank\" rel=\"noopener\"><img loading=\"lazy\" decoding=\"async\" class=\"alignleft wp-image-3321 size-full\" src=\"https:\/\/www.sapbologna.it\/wp-content\/uploads\/2018\/09\/download-icon.png\" alt=\"\" width=\"20\" height=\"28\" \/><\/a><\/td>\n<\/tr>\n<tr>\n<td>Ersatzteile<\/td>\n<td><a href=\"..\/..\/..\/wp-content\/uploads\/2018\/09\/AFFETTATRICE-275.pdf \" target=\"_blank\" rel=\"noopener\"><img loading=\"lazy\" decoding=\"async\" class=\"alignleft wp-image-3321 size-full\" src=\"https:\/\/www.sapbologna.it\/wp-content\/uploads\/2018\/09\/download-icon.png\" alt=\"\" width=\"20\" height=\"28\" \/><\/a><\/td>\n<\/tr>\n<\/tbody>\n<\/table>\n<\/div>\n<div class=\"caratteristiche\">\n<p>&nbsp;<\/p>\n<table class=\"table table-striped\">\n<thead>\n<tr>\n<th colspan=\"2\">ELEKTRISCHE AUFSCHNITTMASCHINE 300A<\/th>\n<\/tr>\n<\/thead>\n<tbody>\n<tr>\n<td>Diametro lama \/ Blade diameter \/ Messerdurchmesser<\/td>\n<td>30 cm<\/td>\n<\/tr>\n<tr>\n<td>Potenza motore \/ Power \/ Motorleistung<\/td>\n<td>230 W<\/td>\n<\/tr>\n<tr>\n<td>Impianto elettrico \/ Electric plant \/ Elektroanlage<\/td>\n<td>V 230<\/td>\n<\/tr>\n<tr>\n<td>Capacit\u00e0 di taglio \/ Schnittkapazit\u00e4t<\/td>\n<td>220 x 210<\/td>\n<\/tr>\n<tr>\n<td>Peso \/ Weight \/ Poids \/ Gewicht \/ \u0412\u0435\u0441<\/td>\n<td>20 kg<\/td>\n<\/tr>\n<tr>\n<td>Dimensione imballo \/ Packaging \/ Verpackungsma\u00dfe<\/td>\n<td>64 x 52 x 49 cm<\/td>\n<\/tr>\n<tr>\n<td>Produktkatalog<\/td>\n<td><a href=\"\/wp-content\/uploads\/2026\/02\/AFFETTATRICE-ELETTRICA-A-GRAVITA-300.pdf\" target=\"_blank\" rel=\"noopener\"><img loading=\"lazy\" decoding=\"async\" class=\"alignleft wp-image-3321 \" src=\"https:\/\/sapbologna.it\/wp-content\/uploads\/2018\/09\/download-icon.png\" alt=\"\" width=\"22\" height=\"26\" \/><\/a><\/td>\n<\/tr>\n<tr>\n<td>Explosionszeichnung<\/td>\n<td><a href=\"..\/..\/..\/wp-content\/uploads\/2018\/09\/AF195-220-250-275F.pdf\" target=\"_blank\" rel=\"noopener\"><img loading=\"lazy\" decoding=\"async\" class=\"alignleft wp-image-3321 size-full\" src=\"https:\/\/www.sapbologna.it\/wp-content\/uploads\/2018\/09\/download-icon.png\" alt=\"\" width=\"20\" height=\"28\" \/><\/a><\/td>\n<\/tr>\n<tr>\n<td>Ersatzteile<\/td>\n<td><a href=\"..\/..\/..\/wp-content\/uploads\/2018\/09\/AFFETTATRICE-F300E-ITA-ING-FRA2.pdf \" target=\"_blank\" rel=\"noopener\"><img loading=\"lazy\" decoding=\"async\" class=\"alignleft wp-image-3321 size-full\" src=\"https:\/\/www.sapbologna.it\/wp-content\/uploads\/2018\/09\/download-icon.png\" alt=\"\" width=\"20\" height=\"28\" \/><\/a><\/td>\n<\/tr>\n<\/tbody>\n<\/table>\n<\/div>\n<div class=\"caratteristiche\">\n<p>&nbsp;<\/p>\n<table class=\"table table-striped\">\n<thead>\n<tr>\n<th colspan=\"2\">ELEKTRISCHE AUFSCHNITTMASCHINE 350A<\/th>\n<\/tr>\n<\/thead>\n<tbody>\n<tr>\n<td>Diametro lama \/ Blade diameter \/ Messerdurchmesser<\/td>\n<td>35 cm<\/td>\n<\/tr>\n<tr>\n<td>Potenza motore \/ Power \/ Motorleistung<\/td>\n<td>370 W<\/td>\n<\/tr>\n<tr>\n<td>Impianto elettrico \/ Electric plant \/ Elektroanlage<\/td>\n<td>V 230<\/td>\n<\/tr>\n<tr>\n<td>Capacit\u00e0 di taglio \/ Schnittkapazit\u00e4t<\/td>\n<td>310 x 260<\/td>\n<\/tr>\n<tr>\n<td>Peso \/ Weight \/ Poids \/ Gewicht \/ \u0412\u0435\u0441<\/td>\n<td>36 kg<\/td>\n<\/tr>\n<tr>\n<td>Dimensione imballo \/ Packaging \/ Verpackungsma\u00dfe<\/td>\n<td>80 x 73 x 67 cm<\/td>\n<\/tr>\n<tr>\n<td>Produktkatalog<\/td>\n<td><a href=\"\/wp-content\/uploads\/2026\/02\/AFFETTATRICE-ELETTRICA-A-GRAVITA-350.pdf\" target=\"_blank\" rel=\"noopener\"><img loading=\"lazy\" decoding=\"async\" class=\"alignleft wp-image-3321 \" src=\"https:\/\/sapbologna.it\/wp-content\/uploads\/2018\/09\/download-icon.png\" alt=\"\" width=\"22\" height=\"26\" \/><\/a><\/td>\n<\/tr>\n<tr>\n<td>Explosionszeichnung<\/td>\n<td><a href=\"..\/..\/..\/wp-content\/uploads\/2018\/09\/AF195-220-250-275F.pdf\" target=\"_blank\" rel=\"noopener\"><img loading=\"lazy\" decoding=\"async\" class=\"alignleft wp-image-3321 size-full\" src=\"https:\/\/www.sapbologna.it\/wp-content\/uploads\/2018\/09\/download-icon.png\" alt=\"\" width=\"20\" height=\"28\" \/><\/a><\/td>\n<\/tr>\n<tr>\n<td>Ersatzteile<\/td>\n<td><a href=\"..\/..\/..\/wp-content\/uploads\/2018\/09\/AFFETTATRICE-350-ITA-ING-FRA.pdf \" target=\"_blank\" rel=\"noopener\"><img loading=\"lazy\" decoding=\"async\" class=\"alignleft wp-image-3321 size-full\" src=\"https:\/\/www.sapbologna.it\/wp-content\/uploads\/2018\/09\/download-icon.png\" alt=\"\" width=\"20\" height=\"28\" \/><\/a><\/td>\n<\/tr>\n<\/tbody>\n<\/table>\n<\/div>\n","protected":false},"excerpt":{"rendered":"<p align=\"LEFT\">Untergestell aus Aluminium. Messerabdeckung, Warenteller, bewegliche Trennwand aus Aluminium anodisch oxidiert (nicht rostend). Messerhalterwelle auf doppeltem Kugellager montiert. Bel\u00fcfteter Motor f\u00fcr den gewerblichen Einsatz. Messer f\u00fcr den gewerblichen Einsatz, geh\u00e4rtet, geschliffen und hartverchromt. Dr\u00fccker: aus Aluminium, gesch\u00fctzt durch anodische Oxidation oder Vedril-Materialien.<\/p>\n","protected":false},"featured_media":6178,"template":"","meta":[],"product_brand":[],"product_cat":[263,272],"product_tag":[],"class_list":{"0":"post-6175","1":"product","2":"type-product","3":"status-publish","4":"has-post-thumbnail","6":"product_cat-aufschnittmaschine","7":"product_cat-alle","8":"item col-md-6 col-sm-6 col-xs-12 mb_50","10":"first","11":"instock","12":"shipping-taxable","13":"product-type-simple"},"_links":{"self":[{"href":"https:\/\/sapbologna.it\/de\/wp-json\/wp\/v2\/product\/6175","targetHints":{"allow":["GET"]}}],"collection":[{"href":"https:\/\/sapbologna.it\/de\/wp-json\/wp\/v2\/product"}],"about":[{"href":"https:\/\/sapbologna.it\/de\/wp-json\/wp\/v2\/types\/product"}],"wp:featuredmedia":[{"embeddable":true,"href":"https:\/\/sapbologna.it\/de\/wp-json\/wp\/v2\/media\/6178"}],"wp:attachment":[{"href":"https:\/\/sapbologna.it\/de\/wp-json\/wp\/v2\/media?parent=6175"}],"wp:term":[{"taxonomy":"product_brand","embeddable":true,"href":"https:\/\/sapbologna.it\/de\/wp-json\/wp\/v2\/product_brand?post=6175"},{"taxonomy":"product_cat","embeddable":true,"href":"https:\/\/sapbologna.it\/de\/wp-json\/wp\/v2\/product_cat?post=6175"},{"taxonomy":"product_tag","embeddable":true,"href":"https:\/\/sapbologna.it\/de\/wp-json\/wp\/v2\/product_tag?post=6175"}],"curies":[{"name":"wp","href":"https:\/\/api.w.org\/{rel}","templated":true}]}}