{"id":6167,"date":"2018-09-05T09:18:48","date_gmt":"2018-09-05T09:18:48","guid":{"rendered":"https:\/\/medhit-wp2.it\/sap\/product\/zwiebelschaler\/"},"modified":"2026-03-11T11:59:47","modified_gmt":"2026-03-11T11:59:47","slug":"zwiebelschaler","status":"publish","type":"product","link":"https:\/\/sapbologna.it\/de\/produkt\/zwiebelschaler\/","title":{"rendered":"Zwiebelsch\u00e4ler"},"content":{"rendered":"<div class=\"caratteristiche\"><\/div>\n<div class=\"caratteristiche\">\n<p>&nbsp;<\/p>\n<table class=\"table table-striped\">\n<thead>\n<tr>\n<th colspan=\"2\">ZWIEBELSCH\u00c4LER PLC8<\/th>\n<\/tr>\n<\/thead>\n<tbody>\n<tr>\n<td>Materiale \/ Made of \/ Mat\u00e9riel \/ Material \/ \u041c\u0430\u0442\u0435\u0440\u0438\u0430\u043b<\/td>\n<td>acciaio inox \/ stainless steel \/ acier inox \/ Edelstahl \/ \u041d\u0435\u0440\u0436\u0430\u0432\u0435\u044e\u0449\u0430\u044f \u0441\u0442\u0430\u043b\u044c<\/td>\n<\/tr>\n<tr>\n<td>Capacit\u00e0 vasca \/ Tank capacity \/ Fassungsverm\u00f6gen Beh\u00e4lter<\/td>\n<td>8 kg<\/td>\n<\/tr>\n<tr>\n<td>Produzione oraria \/ Hourly output \/ Stundenleistung<\/td>\n<td>100 kg<\/td>\n<\/tr>\n<tr>\n<td>Motore \/ Motor \/ Moteur \/ Motor\/ \u0414\u0432\u0438\u0433\u0430\u0442\u0435\u043b\u044c<\/td>\n<td>kW 0,55 V 230 \/ 50 Hz<\/td>\n<\/tr>\n<tr>\n<td>Potenza \/ Power \/ Puissance \/ Leistung \/ \u041c\u043e\u0449\u043d\u043e\u0441\u0442\u044c<\/td>\n<td>0,75 PS<\/td>\n<\/tr>\n<tr>\n<td>Giri motore \/ Motor speed \/ Motorumdrehungen<\/td>\n<td>900 U\/min<\/td>\n<\/tr>\n<tr>\n<td>Peso netto \/ Net weight \/ Poids net \/ Nettogewicht \/ \u0427\u0438\u0441\u0442\u044b\u0439 \u0432\u0435\u0441<\/td>\n<td>26 kg<\/td>\n<\/tr>\n<tr>\n<td>Peso lordo \/ Gross weight \/ Poids brut \/ Bruttogewicht \/ \u041e\u0431\u0449\u0438\u0439 \u0432\u0435\u0441<\/td>\n<td>30 kg<\/td>\n<\/tr>\n<tr>\n<td>Dimensione \/ Dimension \/ Dimensions \/ Abmessungen \/ \u0420\u0430\u0437\u043c\u0435\u0440\u044b<\/td>\n<td>32 x 42 x 80 cm<\/td>\n<\/tr>\n<tr>\n<td>Dimensione imballo \/ Package dimension \/ Verpackungsma\u00dfe<\/td>\n<td>95 x 50 x 45 cm<\/td>\n<\/tr>\n<tr>\n<td>Optional \/ Optional \/ Zubeh\u00f6r<\/td>\n<td>Cavalletto con filtro \/ Stainless steel table with filter \/ Edelstahltisch mit Filter<\/td>\n<\/tr>\n<tr>\n<td>Produktkatalog<\/td>\n<td><a href=\"\/wp-content\/uploads\/2026\/03\/PELACIPOLLE-PLC8.pdf\" target=\"_blank\" rel=\"noopener\"><img loading=\"lazy\" decoding=\"async\" class=\"alignleft wp-image-3321 size-full\" src=\"https:\/\/sapbologna.it\/wp-content\/uploads\/2018\/09\/download-icon.png\" alt=\"\" width=\"114\" height=\"133\" \/><\/a><\/td>\n<\/tr>\n<\/tbody>\n<\/table>\n<\/div>\n<div class=\"caratteristiche\">\n<p>&nbsp;<\/p>\n<table class=\"table table-striped\">\n<thead>\n<tr>\n<th colspan=\"2\">ZWIEBELSCH\u00c4LER PLC15<\/th>\n<\/tr>\n<\/thead>\n<tbody>\n<tr>\n<td>Materiale \/ Made of \/ Mat\u00e9riel \/ Material \/ \u041c\u0430\u0442\u0435\u0440\u0438\u0430\u043b<\/td>\n<td>acciaio inox \/ stainless steel \/ acier inox \/ Edelstahl \/ \u041d\u0435\u0440\u0436\u0430\u0432\u0435\u044e\u0449\u0430\u044f \u0441\u0442\u0430\u043b\u044c<\/td>\n<\/tr>\n<tr>\n<td>Capacit\u00e0 vasca \/ Tank capacity \/ Fassungsverm\u00f6gen Beh\u00e4lter<\/td>\n<td>15 kg<\/td>\n<\/tr>\n<tr>\n<td>Produzione oraria \/ Hourly output \/ Stundenleistung<\/td>\n<td>180 kg<\/td>\n<\/tr>\n<tr>\n<td>Motore \/ Motor \/ Moteur \/ Motor \/ \u0414\u0432\u0438\u0433\u0430\u0442\u0435\u043b\u044c<\/td>\n<td>kW 0,63 V 230\/50 Hz V 230\/400\/50 Hz<\/td>\n<\/tr>\n<tr>\n<td>Potenza \/ Power \/ Puissance \/ Leistung \/ \u041c\u043e\u0449\u043d\u043e\u0441\u0442\u044c<\/td>\n<td>0,85 PS<\/td>\n<\/tr>\n<tr>\n<td>Giri motore \/ Motor speed \/ Motorumdrehungen<\/td>\n<td>900 U\/min<\/td>\n<\/tr>\n<tr>\n<td>Peso netto \/ Net weight \/ Poids net \/ Nettogewicht \/ \u0427\u0438\u0441\u0442\u044b\u0439 \u0432\u0435\u0441<\/td>\n<td>36 kg<\/td>\n<\/tr>\n<tr>\n<td>Peso lordo \/ Gross weight \/ Poids brut \/ Bruttogewicht \/ \u041e\u0431\u0449\u0438\u0439 \u0432\u0435\u0441<\/td>\n<td>40 kg<\/td>\n<\/tr>\n<tr>\n<td>Dimensione \/ Dimension \/ Dimensions \/ Abmessungen \/ \u0420\u0430\u0437\u043c\u0435\u0440\u044b<\/td>\n<td>40 x 50 x 90 cm<\/td>\n<\/tr>\n<tr>\n<td>Dimensione imballo \/ Package dimension \/ Verpackungsma\u00dfe<\/td>\n<td>100 x 60 x 55 cm<\/td>\n<\/tr>\n<tr>\n<td>Optional \/ Optional \/ Zubeh\u00f6r<\/td>\n<td>Cavalletto con filtro \/ Stainless steel table with filter \/ Edelstahltisch mit Filter<\/td>\n<\/tr>\n<tr>\n<td>Produktkatalog<\/td>\n<td><a href=\"\/wp-content\/uploads\/2026\/03\/PELACIPOLLE-PLC15.pdf\" target=\"_blank\" rel=\"noopener\"><img loading=\"lazy\" decoding=\"async\" class=\"alignleft wp-image-3321 size-full\" src=\"https:\/\/sapbologna.it\/wp-content\/uploads\/2018\/09\/download-icon.png\" alt=\"\" width=\"114\" height=\"133\" \/><\/a><\/td>\n<\/tr>\n<\/tbody>\n<\/table>\n<\/div>\n<div class=\"caratteristiche\">\n<p>&nbsp;<\/p>\n<table class=\"table table-striped\">\n<thead>\n<tr>\n<th colspan=\"2\">ZWIEBELSCH\u00c4LER PLC20<\/th>\n<\/tr>\n<\/thead>\n<tbody>\n<tr>\n<td>Materiale \/ Made of \/ Mat\u00e9riel \/ Material \/ \u041c\u0430\u0442\u0435\u0440\u0438\u0430\u043b<\/td>\n<td>20 kg<\/td>\n<\/tr>\n<tr>\n<td>Produzione oraria \/ Hourly output \/ Stundenleistung<\/td>\n<td>240 kg<\/td>\n<\/tr>\n<tr>\n<td>Motore \/ Motor \/ Moteur \/ Motor \/ \u0414\u0432\u0438\u0433\u0430\u0442\u0435\u043b\u044c<\/td>\n<td>kW 0,63 V 230\/50 V 230\/400\/50 Hz<\/td>\n<\/tr>\n<tr>\n<td>Potenza \/ Power \/ Puissance \/ Leistung \/ \u041c\u043e\u0449\u043d\u043e\u0441\u0442\u044c<\/td>\n<td>0,85 PS<\/td>\n<\/tr>\n<tr>\n<td>Giri motore \/ Motor speed \/ Motorumdrehungen<\/td>\n<td>900 U\/min<\/td>\n<\/tr>\n<tr>\n<td>Peso netto \/ Net weight \/ Poids net \/ Nettogewicht \/ \u0427\u0438\u0441\u0442\u044b\u0439 \u0432\u0435\u0441<\/td>\n<td>41 kg<\/td>\n<\/tr>\n<tr>\n<td>Peso lordo \/ Gross weight \/ Poids brut \/ Bruttogewicht \/ \u041e\u0431\u0449\u0438\u0439 \u0432\u0435\u0441<\/td>\n<td>45 kg<\/td>\n<\/tr>\n<tr>\n<td>Dimensione \/ Dimension \/ Dimensions \/ Abmessungen \/ \u0420\u0430\u0437\u043c\u0435\u0440\u044b<\/td>\n<td>45 x 55 x 95 cm<\/td>\n<\/tr>\n<tr>\n<td>Dimensione imballo \/ Package dimension \/ Verpackungsma\u00dfe<\/td>\n<td>100 x 60 x 55 cm<\/td>\n<\/tr>\n<tr>\n<td>Produktkatalog<\/td>\n<td><a href=\"\/wp-content\/uploads\/2026\/03\/PELACIPOLLE-PLC20.pdf\" target=\"_blank\" rel=\"noopener\"><img loading=\"lazy\" decoding=\"async\" class=\"alignleft wp-image-3321 size-full\" src=\"https:\/\/sapbologna.it\/wp-content\/uploads\/2018\/09\/download-icon.png\" alt=\"\" width=\"114\" height=\"133\" \/><\/a><\/td>\n<\/tr>\n<\/tbody>\n<\/table>\n<\/div>\n","protected":false},"excerpt":{"rendered":"<p>Die Zwiebelsch\u00e4ler sind vollkommen aus Edelstahl gefertigt und mit den modernsten Sicherheitsvorrichtungen ausgestattet. Die CE-Version ist gem\u00e4\u00df den Sicherheitsnormen der Europ\u00e4ischen Wirtschaftsgemeinschaft mit einer elektrischen Druckknopftafel mit 24\u00a0Volt-Platine, Sicherheitsmikroschalter sowohl auf der Auslass\u00f6ffnung als auch auf dem Deckel sowie einem roten Not-Aus-Pilztaster ausgestattet. Die Maschinen sind mit einem Untersetzungsgetriebe mit Riemen\u00fcbertragung ausgestattet. Der Multigrip-Riemen ist leise, sicher und einfach einzustellen. Durch den durchsichtigen Polycarbonatdeckel kann der Bediener den Verarbeitungsprozess kontrollieren. Die automatische Wasseraus- und -einlaufvorrichtung misst \u00d8 50 mm. Die Reinplatte ist sehr feink\u00f6rnig beschichtet und dreht sich um 20 % langsamer als die des Kartoffelsch\u00e4lers. Die neue Auslass\u00f6ffnung und ihr Griff sind aus speziellem Nylonmaterial 6 FV 30\u00a0% mit der Bezeichnung Akulon gefertigt.<\/p>\n","protected":false},"featured_media":6169,"template":"","meta":[],"product_brand":[],"product_cat":[270,272],"product_tag":[],"class_list":{"0":"post-6167","1":"product","2":"type-product","3":"status-publish","4":"has-post-thumbnail","6":"product_cat-gemuseschneider","7":"product_cat-alle","8":"item col-md-6 col-sm-6 col-xs-12 mb_50","10":"first","11":"instock","12":"shipping-taxable","13":"product-type-simple"},"_links":{"self":[{"href":"https:\/\/sapbologna.it\/de\/wp-json\/wp\/v2\/product\/6167","targetHints":{"allow":["GET"]}}],"collection":[{"href":"https:\/\/sapbologna.it\/de\/wp-json\/wp\/v2\/product"}],"about":[{"href":"https:\/\/sapbologna.it\/de\/wp-json\/wp\/v2\/types\/product"}],"wp:featuredmedia":[{"embeddable":true,"href":"https:\/\/sapbologna.it\/de\/wp-json\/wp\/v2\/media\/6169"}],"wp:attachment":[{"href":"https:\/\/sapbologna.it\/de\/wp-json\/wp\/v2\/media?parent=6167"}],"wp:term":[{"taxonomy":"product_brand","embeddable":true,"href":"https:\/\/sapbologna.it\/de\/wp-json\/wp\/v2\/product_brand?post=6167"},{"taxonomy":"product_cat","embeddable":true,"href":"https:\/\/sapbologna.it\/de\/wp-json\/wp\/v2\/product_cat?post=6167"},{"taxonomy":"product_tag","embeddable":true,"href":"https:\/\/sapbologna.it\/de\/wp-json\/wp\/v2\/product_tag?post=6167"}],"curies":[{"name":"wp","href":"https:\/\/api.w.org\/{rel}","templated":true}]}}