{"id":6153,"date":"2018-09-05T09:08:56","date_gmt":"2018-09-05T09:08:56","guid":{"rendered":"https:\/\/medhit-wp2.it\/sap\/product\/kartoffelschaler\/"},"modified":"2026-03-11T13:41:23","modified_gmt":"2026-03-11T13:41:23","slug":"kartoffelschaler","status":"publish","type":"product","link":"https:\/\/sapbologna.it\/de\/produkt\/kartoffelschaler\/","title":{"rendered":"Kartoffelsch\u00e4ler"},"content":{"rendered":"<div class=\"caratteristiche\"><\/div>\n<div class=\"caratteristiche\">\n<p>&nbsp;<\/p>\n<table class=\"table table-striped\">\n<thead>\n<tr>\n<th colspan=\"2\">KARTOFFELSCH\u00c4LER PL8<\/th>\n<\/tr>\n<\/thead>\n<tbody>\n<tr>\n<td>Material<\/td>\n<td>Edelstahl<\/td>\n<\/tr>\n<tr>\n<td>Fassungsverm\u00f6gen Beh\u00e4lter<\/td>\n<td>8 kg<\/td>\n<\/tr>\n<tr>\n<td>Stundenleistung<\/td>\n<td>200 kg\/h<\/td>\n<\/tr>\n<tr>\n<td>Motor<\/td>\n<td>kW 0,5 V 230\/50Hz oder V 230\/400\/50 Hz<\/td>\n<\/tr>\n<tr>\n<td>Leistung<\/td>\n<td>0,6 PS<\/td>\n<\/tr>\n<tr>\n<td>Motorumdrehungen<\/td>\n<td>1350 U\/min 1400 U\/min<\/td>\n<\/tr>\n<tr>\n<td>Nettogewicht<\/td>\n<td>26 kg<\/td>\n<\/tr>\n<tr>\n<td>Bruttogewicht<\/td>\n<td>30 kg<\/td>\n<\/tr>\n<tr>\n<td>Abmessungen<\/td>\n<td>32 x 42 x 80 cm<\/td>\n<\/tr>\n<tr>\n<td>Verpackungsma\u00dfe<\/td>\n<td>95 x 50 x 45 cm<\/td>\n<\/tr>\n<tr>\n<td>Optionen<\/td>\n<td>Wagen aus Edelstahl<\/td>\n<\/tr>\n<tr>\n<td>Produktkatalog<\/td>\n<td><a href=\"\/wp-content\/uploads\/2026\/03\/PELAPATATE-PL8.pdf\" target=\"_blank\" rel=\"noopener\"><img loading=\"lazy\" decoding=\"async\" class=\"alignleft wp-image-3321 size-full\" src=\"https:\/\/sapbologna.it\/wp-content\/uploads\/2018\/09\/download-icon.png\" alt=\"\" width=\"114\" height=\"133\" \/><\/a><\/td>\n<\/tr>\n<tr>\n<td>Explosionszeichnung<\/td>\n<td><a href=\"..\/..\/..\/wp-content\/uploads\/2018\/09\/Esploso-PL-2015.pdf\" target=\"_blank\" rel=\"noopener\"><img loading=\"lazy\" decoding=\"async\" class=\"alignleft wp-image-3321 size-full\" src=\"https:\/\/www.sapbologna.it\/wp-content\/uploads\/2018\/09\/download-icon.png\" alt=\"\" width=\"20\" height=\"28\" \/><\/a><\/td>\n<\/tr>\n<tr>\n<td>Ersatzteile<\/td>\n<td><a href=\"..\/..\/..\/wp-content\/uploads\/2018\/09\/PL-8-ricambi.pdf \" target=\"_blank\" rel=\"noopener\"><img loading=\"lazy\" decoding=\"async\" class=\"alignleft wp-image-3321 size-full\" src=\"https:\/\/www.sapbologna.it\/wp-content\/uploads\/2018\/09\/download-icon.png\" alt=\"\" width=\"20\" height=\"28\" \/><\/a><\/td>\n<\/tr>\n<\/tbody>\n<\/table>\n<\/div>\n<div class=\"caratteristiche\">\n<p>&nbsp;<\/p>\n<table class=\"table table-striped\">\n<thead>\n<tr>\n<th colspan=\"2\">KARTOFFELSCH\u00c4LER PL15<\/th>\n<\/tr>\n<\/thead>\n<tbody>\n<tr>\n<td>Material<\/td>\n<td>Edelstahl<\/td>\n<\/tr>\n<tr>\n<td>Fassungsverm\u00f6gen Beh\u00e4lter<\/td>\n<td>15 kg<\/td>\n<\/tr>\n<tr>\n<td>Stundenleistung<\/td>\n<td>450 kg\/h<\/td>\n<\/tr>\n<tr>\n<td>Motor<\/td>\n<td>kW 0,75 V 230\/50Hz oder V 230\/400\/50 Hz<\/td>\n<\/tr>\n<tr>\n<td>Leistung<\/td>\n<td>1,0 PS<\/td>\n<\/tr>\n<tr>\n<td>Motorumdrehungen<\/td>\n<td>1360 U\/min 1400 U\/min<\/td>\n<\/tr>\n<tr>\n<td>Nettogewicht<\/td>\n<td>36 kg<\/td>\n<\/tr>\n<tr>\n<td>Bruttogewicht<\/td>\n<td>40 kg<\/td>\n<\/tr>\n<tr>\n<td>Abmessungen<\/td>\n<td>40 x 50 x 90 cm<\/td>\n<\/tr>\n<tr>\n<td>Verpackungsma\u00dfe<\/td>\n<td>100 x 60 x 55 cm<\/td>\n<\/tr>\n<tr>\n<td>Optionen<\/td>\n<td>Wagen aus Edelstahl<\/td>\n<\/tr>\n<tr>\n<td>Produktkatalog<\/td>\n<td><a href=\"\/wp-content\/uploads\/2026\/03\/PELAPATATE-PL15.pdf\" target=\"_blank\" rel=\"noopener\"><img loading=\"lazy\" decoding=\"async\" class=\"alignleft wp-image-3321 size-full\" src=\"https:\/\/sapbologna.it\/wp-content\/uploads\/2018\/09\/download-icon.png\" alt=\"\" width=\"114\" height=\"133\" \/><\/a><\/td>\n<\/tr>\n<tr>\n<td>Explosionszeichnung<\/td>\n<td><a href=\"..\/..\/..\/wp-content\/uploads\/2018\/09\/Esploso-PL-2015.pdf\" target=\"_blank\" rel=\"noopener\"><img loading=\"lazy\" decoding=\"async\" class=\"alignleft wp-image-3321 size-full\" src=\"https:\/\/www.sapbologna.it\/wp-content\/uploads\/2018\/09\/download-icon.png\" alt=\"\" width=\"20\" height=\"28\" \/><\/a><\/td>\n<\/tr>\n<tr>\n<td>Ersatzteile<\/td>\n<td><a href=\"..\/..\/..\/wp-content\/uploads\/2018\/09\/PL-15-ricambi.pdf \" target=\"_blank\" rel=\"noopener\"><img loading=\"lazy\" decoding=\"async\" class=\"alignleft wp-image-3321 size-full\" src=\"https:\/\/www.sapbologna.it\/wp-content\/uploads\/2018\/09\/download-icon.png\" alt=\"\" width=\"20\" height=\"28\" \/><\/a><\/td>\n<\/tr>\n<\/tbody>\n<\/table>\n<\/div>\n<div class=\"caratteristiche\">\n<p>&nbsp;<\/p>\n<table class=\"table table-striped\">\n<thead>\n<tr>\n<th colspan=\"2\">KARTOFFELSCH\u00c4LER PL20<\/th>\n<\/tr>\n<\/thead>\n<tbody>\n<tr>\n<td>Material<\/td>\n<td>Edelstahl<\/td>\n<\/tr>\n<tr>\n<td>Fassungsverm\u00f6gen Beh\u00e4lter<\/td>\n<td>20 kg<\/td>\n<\/tr>\n<tr>\n<td>Stundenleistung<\/td>\n<td>550 kg\/h<\/td>\n<\/tr>\n<tr>\n<td>Motor<\/td>\n<td>kW 0,75 V 230\/50Hz oder V 230\/400\/50 Hz<\/td>\n<\/tr>\n<tr>\n<td>Leistung<\/td>\n<td>1,0 PS<\/td>\n<\/tr>\n<tr>\n<td>Motorumdrehungen<\/td>\n<td>1360 U\/min 1400 U\/min<\/td>\n<\/tr>\n<tr>\n<td>Nettogewicht<\/td>\n<td>41 kg<\/td>\n<\/tr>\n<tr>\n<td>Bruttogewicht<\/td>\n<td>45 kg<\/td>\n<\/tr>\n<tr>\n<td>Abmessungen<\/td>\n<td>45 x 55 x 95 cm<\/td>\n<\/tr>\n<tr>\n<td>Verpackungsma\u00dfe<\/td>\n<td>100 x 60 x 55 cm<\/td>\n<\/tr>\n<tr>\n<td>Optionen<\/td>\n<td>Wagen aus Edelstahl<\/td>\n<\/tr>\n<tr>\n<td>Produktkatalog<\/td>\n<td><a href=\"\/wp-content\/uploads\/2026\/03\/PELAPATATE-PL20.pdf\" target=\"_blank\" rel=\"noopener\"><img loading=\"lazy\" decoding=\"async\" class=\"alignleft wp-image-3321 size-full\" src=\"https:\/\/sapbologna.it\/wp-content\/uploads\/2018\/09\/download-icon.png\" alt=\"\" width=\"114\" height=\"133\" \/><\/a><\/td>\n<\/tr>\n<tr>\n<td>Explosionszeichnung<\/td>\n<td><a href=\"..\/..\/..\/wp-content\/uploads\/2018\/09\/Esploso-PL-2015.pdf\" target=\"_blank\" rel=\"noopener\"><img loading=\"lazy\" decoding=\"async\" class=\"alignleft wp-image-3321 size-full\" src=\"https:\/\/www.sapbologna.it\/wp-content\/uploads\/2018\/09\/download-icon.png\" alt=\"\" width=\"20\" height=\"28\" \/><\/a><\/td>\n<\/tr>\n<tr>\n<td>Ersatzteile<\/td>\n<td><a href=\"..\/..\/..\/wp-content\/uploads\/2018\/09\/PL-20-ricambi.pdf \" target=\"_blank\" rel=\"noopener\"><img loading=\"lazy\" decoding=\"async\" class=\"alignleft wp-image-3321 size-full\" src=\"https:\/\/www.sapbologna.it\/wp-content\/uploads\/2018\/09\/download-icon.png\" alt=\"\" width=\"20\" height=\"28\" \/><\/a><\/td>\n<\/tr>\n<\/tbody>\n<\/table>\n<\/div>\n","protected":false},"excerpt":{"rendered":"<p>Der Kartoffelsch\u00e4ler und der Zwiebelsch\u00e4ler sind vollkommen aus Edelstahl gefertigt und mit den modernsten Sicherheitsvorrichtungen ausgestattet. Die CE-Version ist gem\u00e4\u00df den Sicherheitsnormen der Europ\u00e4ischen Wirtschaftsgemeinschaft mit einer elektrischen Druckknopftafel mit 24\u00a0Volt-Platine, Sicherheitsmikroschalter sowohl auf der Auslass\u00f6ffnung als auch auf dem Deckel sowie einem roten Not-Aus-Pilztaster ausgestattet.<br \/>\nDie Maschinen sind mit einem Untersetzungsgetriebe mit Riemen\u00fcbertragung ausgestattet. Der Multigrip-Riemen ist leise, sicher und einfach einzustellen.<br \/>\nDurch den durchsichtigen Glasdeckel kann der Bediener den Verarbeitungsprozess kontrollieren.<br \/>\nDie automatische Wasseraus- und -einlaufvorrichtung misst beim Kartoffelsch\u00e4ler \u00d8 50 mm und beim Zwiebelsch\u00e4ler \u00d8 70 mm.<br \/>\nDie Reibplatte des Kartoffelsch\u00e4lers besteht aus Silicium-Kohlenstoff oder Aluminium, w\u00e4hrend die des Zwiebelsch\u00e4lers sehr feink\u00f6rnig beschichtet ist und sich um 20 % langsamer dreht als die des Kartoffelsch\u00e4lers.<br \/>\nDer Multigrip-Riemen ist leise, sicher und einfach einzustellen.<\/p>\n","protected":false},"featured_media":6157,"template":"","meta":[],"product_brand":[],"product_cat":[270,272],"product_tag":[],"class_list":{"0":"post-6153","1":"product","2":"type-product","3":"status-publish","4":"has-post-thumbnail","6":"product_cat-gemuseschneider","7":"product_cat-alle","8":"item col-md-6 col-sm-6 col-xs-12 mb_50","10":"first","11":"instock","12":"shipping-taxable","13":"product-type-simple"},"_links":{"self":[{"href":"https:\/\/sapbologna.it\/de\/wp-json\/wp\/v2\/product\/6153","targetHints":{"allow":["GET"]}}],"collection":[{"href":"https:\/\/sapbologna.it\/de\/wp-json\/wp\/v2\/product"}],"about":[{"href":"https:\/\/sapbologna.it\/de\/wp-json\/wp\/v2\/types\/product"}],"wp:featuredmedia":[{"embeddable":true,"href":"https:\/\/sapbologna.it\/de\/wp-json\/wp\/v2\/media\/6157"}],"wp:attachment":[{"href":"https:\/\/sapbologna.it\/de\/wp-json\/wp\/v2\/media?parent=6153"}],"wp:term":[{"taxonomy":"product_brand","embeddable":true,"href":"https:\/\/sapbologna.it\/de\/wp-json\/wp\/v2\/product_brand?post=6153"},{"taxonomy":"product_cat","embeddable":true,"href":"https:\/\/sapbologna.it\/de\/wp-json\/wp\/v2\/product_cat?post=6153"},{"taxonomy":"product_tag","embeddable":true,"href":"https:\/\/sapbologna.it\/de\/wp-json\/wp\/v2\/product_tag?post=6153"}],"curies":[{"name":"wp","href":"https:\/\/api.w.org\/{rel}","templated":true}]}}