{"id":6143,"date":"2018-09-05T09:07:03","date_gmt":"2018-09-05T09:07:03","guid":{"rendered":"https:\/\/medhit-wp2.it\/sap\/product\/gemuseschneider-mod-2004-2013-top\/"},"modified":"2026-04-01T10:26:37","modified_gmt":"2026-04-01T10:26:37","slug":"gemuseschneider-mod-2004-2013-top","status":"publish","type":"product","link":"https:\/\/sapbologna.it\/de\/produkt\/gemuseschneider-mod-2004-2013-top\/","title":{"rendered":"Gem\u00fcseschneider Mod. 2013 \u2013 TOP"},"content":{"rendered":"<div class=\"caratteristiche\"><\/div>\n<div class=\"caratteristiche\"><\/div>\n<div class=\"caratteristiche\">\n<p>&nbsp;<\/p>\n<table class=\"table table-striped\">\n<thead>\n<tr>\n<th colspan=\"2\">GEM\u00dcSESCHNEIDER MOD. 2013<\/th>\n<\/tr>\n<\/thead>\n<tbody>\n<tr>\n<td>Stromversorgung<\/td>\n<td>400\/3\/50Hz kW 0,38 230\/1\/50Hz kW 0,38<\/td>\n<\/tr>\n<tr>\n<td>Stundenleistung<\/td>\n<td>100-300 kg\/h<\/td>\n<\/tr>\n<tr>\n<td>Nettogewicht<\/td>\n<td>18.5 kg<\/td>\n<\/tr>\n<tr>\n<td>Bruttogewicht<\/td>\n<td>21 kg<\/td>\n<\/tr>\n<tr>\n<td>Abmessungen<\/td>\n<td>24 x 57 x 47 cm<\/td>\n<\/tr>\n<tr>\n<td>Verpackungsma\u00dfe<\/td>\n<td>32 x 60 x 55 cm<\/td>\n<\/tr>\n<tr>\n<td>Zubeh\u00f6r<\/td>\n<td>Scheiben zum Scheibenschneiden, Scheiben zum Stifteln, Scheiben zum Raspeln und Reiben, Scheiben zum W\u00fcrfeln, Scheiben zum Aufschneiden und Hackst\u00fcckeln von frischem Obst und Schokolade Scheibenaufbewahrungsbeh\u00e4lter<\/td>\n<\/tr>\n<tr>\n<td>Produktkatalog<\/td>\n<td><a href=\"\/wp-content\/uploads\/2026\/03\/TAGLIAVERDURE-2013.pdf\" target=\"_blank\" rel=\"noopener\"><img loading=\"lazy\" decoding=\"async\" class=\"alignleft wp-image-3321\" src=\"https:\/\/sapbologna.it\/wp-content\/uploads\/2018\/09\/download-icon.png\" alt=\"\" width=\"21\" height=\"25\" \/><\/a><\/td>\n<\/tr>\n<tr>\n<td>Explosionszeichnung<\/td>\n<td><a href=\"..\/..\/..\/wp-content\/uploads\/2018\/09\/MOD2004-CE.pdf\" target=\"_blank\" rel=\"noopener\"><img loading=\"lazy\" decoding=\"async\" class=\"alignleft wp-image-3321 size-full\" src=\"https:\/\/www.sapbologna.it\/wp-content\/uploads\/2018\/09\/download-icon.png\" alt=\"\" width=\"20\" height=\"28\" \/><\/a><\/td>\n<\/tr>\n<tr>\n<td>Ersatzteile<\/td>\n<td><a href=\"..\/..\/..\/wp-content\/uploads\/2018\/09\/TAGLIAVERDURA-RICAMBI.pdf\" target=\"_blank\" rel=\"noopener\"><img loading=\"lazy\" decoding=\"async\" class=\"alignleft wp-image-3321 size-full\" src=\"https:\/\/www.sapbologna.it\/wp-content\/uploads\/2018\/09\/download-icon.png\" alt=\"\" width=\"20\" height=\"28\" \/><\/a><\/td>\n<\/tr>\n<\/tbody>\n<\/table>\n<\/div>\n<div class=\"caratteristiche\">\n<p>&nbsp;<\/p>\n<table class=\"table table-striped\">\n<thead>\n<tr>\n<th colspan=\"2\">GEM\u00dcSESCHNEIDER MOD. TOP<\/th>\n<\/tr>\n<\/thead>\n<tbody>\n<tr>\n<td>Stromversorgung<\/td>\n<td>400\/3\/50Hz kW 0,60<\/td>\n<\/tr>\n<tr>\n<td>Stundenleistung<\/td>\n<td>100-450 kg\/h<\/td>\n<\/tr>\n<tr>\n<td>Nettogewicht<\/td>\n<td>21 kg<\/td>\n<\/tr>\n<tr>\n<td>Bruttogewicht<\/td>\n<td>23 kg<\/td>\n<\/tr>\n<tr>\n<td>Abmessungen<\/td>\n<td>26.5 x 58 x 52 cm<\/td>\n<\/tr>\n<tr>\n<td>Verpackungsma\u00dfe<\/td>\n<td>34 x 68 x 58 cm<\/td>\n<\/tr>\n<tr>\n<td>Zubeh\u00f6r<\/td>\n<td>Scheiben zum Scheibenschneiden, Scheiben zum Stifteln, Scheiben zum Raspeln und Reiben, Scheiben zum W\u00fcrfeln, Scheiben zum Aufschneiden und Hackst\u00fcckeln von frischem Obst und Schokolade Scheibenaufbewahrungsbeh\u00e4lter<\/td>\n<\/tr>\n<tr>\n<td>Produktkatalog<\/td>\n<td><a href=\"\/wp-content\/uploads\/2026\/04\/TAGLIAVERDURE-TOP.pdf\" target=\"_blank\" rel=\"noopener\"><img loading=\"lazy\" decoding=\"async\" class=\"alignleft wp-image-3321 size-full\" src=\"https:\/\/sapbologna.it\/wp-content\/uploads\/2018\/09\/download-icon.png\" alt=\"\" width=\"114\" height=\"133\" \/><\/a><\/td>\n<\/tr>\n<tr>\n<td>Explosionszeichnung<\/td>\n<td><a href=\"..\/..\/..\/wp-content\/uploads\/2018\/09\/MOD2004-CE.pdf\" target=\"_blank\" rel=\"noopener\"><img loading=\"lazy\" decoding=\"async\" class=\"alignleft wp-image-3321 size-full\" src=\"https:\/\/www.sapbologna.it\/wp-content\/uploads\/2018\/09\/download-icon.png\" alt=\"\" width=\"20\" height=\"28\" \/><\/a><\/td>\n<\/tr>\n<tr>\n<td>Ersatzteile<\/td>\n<td><a href=\"..\/..\/..\/wp-content\/uploads\/2018\/09\/TAGLIAVERDURA-RICAMBI.pdf\" target=\"_blank\" rel=\"noopener\"><img loading=\"lazy\" decoding=\"async\" class=\"alignleft wp-image-3321 size-full\" src=\"https:\/\/www.sapbologna.it\/wp-content\/uploads\/2018\/09\/download-icon.png\" alt=\"\" width=\"20\" height=\"28\" \/><\/a><\/td>\n<\/tr>\n<\/tbody>\n<\/table>\n<\/div>\n","protected":false},"excerpt":{"rendered":"<p>Unentbehrlich in jeder K\u00fcche! Entworfen um zu schneiden, zu w\u00fcrfeln, zu stifteln, zu reiben, zu raspeln, zu hackst\u00fcckeln und vieles mehr. Geeignet f\u00fcr verschiedene Produkte wie: Obst, Gem\u00fcse, Brot, K\u00e4se, Schokolade, Trockenfr\u00fcchte etc.<br \/>\nDie Maschinen sind aus nahrungsmittelsicherem Aluminiumguss und Edelstahl gefertigt und mit einem Hochleistungsmotor und einem schnell zu \u00f6ffnenden und leicht abzunehmenden Deckel zur einfachen Reinigung ausgestattet. Die CE-Versionen sind mit Schutzvorrichtungen ausger\u00fcstet, die verhindern, dass sich die Messer drehen k\u00f6nnen, wenn der Griff angehoben oder der Deckel ge\u00f6ffnet ist.<\/p>\n","protected":false},"featured_media":9326,"template":"","meta":[],"product_brand":[],"product_cat":[270,272],"product_tag":[],"class_list":{"0":"post-6143","1":"product","2":"type-product","3":"status-publish","4":"has-post-thumbnail","6":"product_cat-gemuseschneider","7":"product_cat-alle","8":"item col-md-6 col-sm-6 col-xs-12 mb_50","10":"first","11":"instock","12":"shipping-taxable","13":"product-type-simple"},"_links":{"self":[{"href":"https:\/\/sapbologna.it\/de\/wp-json\/wp\/v2\/product\/6143","targetHints":{"allow":["GET"]}}],"collection":[{"href":"https:\/\/sapbologna.it\/de\/wp-json\/wp\/v2\/product"}],"about":[{"href":"https:\/\/sapbologna.it\/de\/wp-json\/wp\/v2\/types\/product"}],"wp:featuredmedia":[{"embeddable":true,"href":"https:\/\/sapbologna.it\/de\/wp-json\/wp\/v2\/media\/9326"}],"wp:attachment":[{"href":"https:\/\/sapbologna.it\/de\/wp-json\/wp\/v2\/media?parent=6143"}],"wp:term":[{"taxonomy":"product_brand","embeddable":true,"href":"https:\/\/sapbologna.it\/de\/wp-json\/wp\/v2\/product_brand?post=6143"},{"taxonomy":"product_cat","embeddable":true,"href":"https:\/\/sapbologna.it\/de\/wp-json\/wp\/v2\/product_cat?post=6143"},{"taxonomy":"product_tag","embeddable":true,"href":"https:\/\/sapbologna.it\/de\/wp-json\/wp\/v2\/product_tag?post=6143"}],"curies":[{"name":"wp","href":"https:\/\/api.w.org\/{rel}","templated":true}]}}