{"id":6132,"date":"2018-09-18T13:21:26","date_gmt":"2018-09-18T13:21:26","guid":{"rendered":"https:\/\/medhit-wp2.it\/sap\/product\/fleischmischer-imp-1002-1502\/"},"modified":"2026-02-26T14:02:05","modified_gmt":"2026-02-26T14:02:05","slug":"fleischmischer-imp-1002-1502","status":"publish","type":"product","link":"https:\/\/sapbologna.it\/de\/produkt\/fleischmischer-imp-1002-1502\/","title":{"rendered":"Fleischmischer Imp 1002-1502"},"content":{"rendered":"<div class=\"caratteristiche\"><\/div>\n<div class=\"caratteristiche\">\n<table class=\"table table-striped\">\n<thead>\n<tr>\n<th colspan=\"2\">FLEISCHMISCHER IMP 1002<\/th>\n<\/tr>\n<\/thead>\n<tbody>\n<tr>\n<td>Capacita&#8216; d\u2019impasto Min. \/ Working capacity Min. Capacita&#8216; de Melange Min. \/ \u041c\u0438\u043d. \u043f\u0440\u043e\u0438\u0437\u0432\u043e\u0434\u0438\u0442. \u0441\u043c\u0435\u0448\u0438\u0432\u0430\u043d\u0438\u044f \u0444\u0430\u0440\u0448\u0430<\/td>\n<td>17 kg<\/td>\n<\/tr>\n<tr>\n<td>Capacita&#8216; d\u2019impasto Max. \/ Working capacity Max. Capacita&#8216; de Melange Max. \/ \u041c\u0430\u043a\u0441. \u043f\u0440\u043e\u0438\u0437\u0432\u043e\u0434\u0438\u0442. \u0441\u043c\u0435\u0448\u0438\u0432\u0430\u043d\u0438\u044f \u0444\u0430\u0440\u0448\u0430<\/td>\n<td>100 kg<\/td>\n<\/tr>\n<tr>\n<td>Motore \/ Motor \/ Moteur \/ Motor \/ \u0414\u0432\u0438\u0433\u0430\u0442\u0435\u043b\u044c<\/td>\n<td>V 230 400\/3\/50Hz V 230\/1\/50Hz<\/td>\n<\/tr>\n<tr>\n<td>Potenza \/ Power \/ Puissance \/ Leistung \/ \u041c\u043e\u0449\u043d\u043e\u0441\u0442\u044c<\/td>\n<td>PS 2 kW 1,8<\/td>\n<\/tr>\n<tr>\n<td>Peso \/ Weight \/ Poids \/ Gewicht \/ \u0412\u0435\u0441<\/td>\n<td>110 kg<\/td>\n<\/tr>\n<tr>\n<td>Dimensione \/ Dimension \/ Dimensions \/ Abmessungen \/ \u0420\u0430\u0437\u043c\u0435\u0440\u044b<\/td>\n<td>57x116x104 cm<\/td>\n<\/tr>\n<tr>\n<td>Produktkatalog<\/td>\n<td><a href=\"\/wp-content\/uploads\/2026\/02\/IMPASTATRICE-PER-CARNE-IMP1002.pdfGO.pdf\" target=\"_blank\" rel=\"noopener\"><img loading=\"lazy\" decoding=\"async\" class=\"alignleft wp-image-3321 \" src=\"https:\/\/sapbologna.it\/wp-content\/uploads\/2018\/09\/download-icon.png\" alt=\"\" width=\"21\" height=\"25\" \/><\/a><\/td>\n<\/tr>\n<tr>\n<td>Explosionszeichnung<\/td>\n<td><a href=\"..\/..\/..\/wp-content\/uploads\/2018\/09\/IMP-Monopala.pdf\" target=\"_blank\" rel=\"noopener\"><img loading=\"lazy\" decoding=\"async\" class=\"alignleft wp-image-3321 size-full\" src=\"https:\/\/www.sapbologna.it\/wp-content\/uploads\/2018\/09\/download-icon.png\" alt=\"\" width=\"20\" height=\"28\" \/><\/a><\/td>\n<\/tr>\n<tr>\n<td>Ersatzteile<\/td>\n<td><a href=\"..\/..\/..\/wp-content\/uploads\/2018\/09\/impastatrice-100kg-bipalaRICAMBI.pdf\" target=\"_blank\" rel=\"noopener\"><img loading=\"lazy\" decoding=\"async\" class=\"alignleft wp-image-3321 size-full\" src=\"https:\/\/www.sapbologna.it\/wp-content\/uploads\/2018\/09\/download-icon.png\" alt=\"\" width=\"20\" height=\"28\" \/><\/a><\/td>\n<\/tr>\n<\/tbody>\n<\/table>\n<\/div>\n<div class=\"caratteristiche\">\n<p>&nbsp;<\/p>\n<table class=\"table table-striped\">\n<thead>\n<tr>\n<th colspan=\"2\">FLEISCHMISCHER IMP 1502<\/th>\n<\/tr>\n<\/thead>\n<tbody>\n<tr>\n<td>Capacita\u2019 d\u2019impasto Min. \/ Working capacity \/ Min. Capacita\u2019 de Melange Min. \/ Min. Mischkapazit\u00e4t \/ \u041c\u0438\u043d. \u043f\u0440\u043e\u0438\u0437\u0432\u043e\u0434\u0438\u0442. \u0441\u043c\u0435\u0448\u0438\u0432\u0430\u043d\u0438\u044f \u0444\u0430\u0440\u0448\u0430<\/td>\n<td>25 kg<\/td>\n<\/tr>\n<tr>\n<td>Capacita\u2019 d\u2019impasto Max. \/ Working capacity \/ Max. Capacita\u2019 de Melange Max. \/ Max. Mischkapazit\u00e4t \/ \u041c\u0430\u043a\u0441. \u043f\u0440\u043e\u0438\u0437\u0432\u043e\u0434\u0438\u0442. \u0441\u043c\u0435\u0448\u0438\u0432\u0430\u043d\u0438\u044f \u0444\u0430\u0440\u0448\u0430<\/td>\n<td>150 kg<\/td>\n<\/tr>\n<tr>\n<td>Motore \/ Motor \/ Moteur \/ Motor \/ \u0414\u0432\u0438\u0433\u0430\u0442\u0435\u043b\u044c<\/td>\n<td>V 230 400\/3\/50Hz V 230\/1\/50Hz<\/td>\n<\/tr>\n<tr>\n<td>Potenza \/ Power \/ Puissance \/ Leistung \/ \u041c\u043e\u0449\u043d\u043e\u0441\u0442\u044c<\/td>\n<td>PS 2,5 kW 1,8<\/td>\n<\/tr>\n<tr>\n<td>Peso \/ Weight \/ Poids \/ Gewicht \/ \u0412\u0435\u0441<\/td>\n<td>135 kg<\/td>\n<\/tr>\n<tr>\n<td>Dimensione \/ Dimension \/ Dimensions \/ Abmessungen \/ \u0420\u0430\u0437\u043c\u0435\u0440\u044b<\/td>\n<td>63x126x108 cm<\/td>\n<\/tr>\n<tr>\n<td>Produktkatalog<\/td>\n<td><a href=\"\/wp-content\/uploads\/2026\/02\/IMPASTATRICE-PER-CARNE-IMP1502.pdf\" target=\"_blank\" rel=\"noopener\"><img loading=\"lazy\" decoding=\"async\" class=\"alignleft wp-image-3321 \" src=\"https:\/\/sapbologna.it\/wp-content\/uploads\/2018\/09\/download-icon.png\" alt=\"\" width=\"21\" height=\"25\" \/><\/a><\/td>\n<\/tr>\n<tr>\n<td>Explosionszeichnung<\/td>\n<td><a href=\"..\/..\/..\/wp-content\/uploads\/2018\/09\/IMP-Monopala.pdf\" target=\"_blank\" rel=\"noopener\"><img loading=\"lazy\" decoding=\"async\" class=\"alignleft wp-image-3321 size-full\" src=\"https:\/\/www.sapbologna.it\/wp-content\/uploads\/2018\/09\/download-icon.png\" alt=\"\" width=\"20\" height=\"28\" \/><\/a><\/td>\n<\/tr>\n<tr>\n<td>Ersatzteile<\/td>\n<td><a href=\"..\/..\/..\/wp-content\/uploads\/2018\/09\/impastatrice-150-kg-bipalaRICAMBI.pdf\" target=\"_blank\" rel=\"noopener\"><img loading=\"lazy\" decoding=\"async\" class=\"alignleft wp-image-3321 size-full\" src=\"https:\/\/www.sapbologna.it\/wp-content\/uploads\/2018\/09\/download-icon.png\" alt=\"\" width=\"20\" height=\"28\" \/><\/a><\/td>\n<\/tr>\n<\/tbody>\n<\/table>\n<\/div>\n","protected":false},"excerpt":{"rendered":"<p>Unsere Fleischmischer-Serie ist f\u00fcr das Mischen verschiedener Fleischsorten ausgelegt und erm\u00f6glicht die Anpassung an die unterschiedlichsten Produktionsanforderungen.<\/p>\n<p>Die Fleischmischer sind mit Kapazit\u00e4ten zwischen 30 und 150 kg und in der Ausf\u00fchrung mit einer oder zwei Schaufeln erh\u00e4ltlich.<\/p>\n<p>Dank der geringen Abmessungen und der vollkommen aus Edelstahl gefertigten Konstruktion sind diese Fleischmischer die ideale L\u00f6sung f\u00fcr kleine und mittelst\u00e4ndische Betriebe mit begrenztem Platz.<\/p>\n<p>Die Sicherheitsvorrichtungen, die vollkommen den EG-Vorschriften entsprechen, wurden mit \u00e4u\u00dferster Sorgfalt verwirklicht, wobei Niederspannungssteuerungen und Not-Mikroschaltern auf dem Beh\u00e4lterdeckel zur Serienausstattung geh\u00f6ren.<\/p>\n<p>Die verschiedenen Arbeitsphasen werden durch modernste technische L\u00f6sungen unterst\u00fctzt, wie den kippbaren Beh\u00e4lter zum Entleeren nach der Verarbeitung, den Impuls-Knopf, der die Richtungsumkehrung erm\u00f6glicht, um ein besseres Gemisch zu erhalten, sowie die abnehmbaren Schaufeln zur Erleichterung der Reinigungsvorg\u00e4nge nach der Verarbeitung.<\/p>\n","protected":false},"featured_media":6133,"template":"","meta":[],"product_brand":[],"product_cat":[266,272],"product_tag":[],"class_list":{"0":"post-6132","1":"product","2":"type-product","3":"status-publish","4":"has-post-thumbnail","6":"product_cat-fleischmischer","7":"product_cat-alle","8":"item col-md-6 col-sm-6 col-xs-12 mb_50","10":"first","11":"instock","12":"shipping-taxable","13":"product-type-simple"},"_links":{"self":[{"href":"https:\/\/sapbologna.it\/de\/wp-json\/wp\/v2\/product\/6132","targetHints":{"allow":["GET"]}}],"collection":[{"href":"https:\/\/sapbologna.it\/de\/wp-json\/wp\/v2\/product"}],"about":[{"href":"https:\/\/sapbologna.it\/de\/wp-json\/wp\/v2\/types\/product"}],"wp:featuredmedia":[{"embeddable":true,"href":"https:\/\/sapbologna.it\/de\/wp-json\/wp\/v2\/media\/6133"}],"wp:attachment":[{"href":"https:\/\/sapbologna.it\/de\/wp-json\/wp\/v2\/media?parent=6132"}],"wp:term":[{"taxonomy":"product_brand","embeddable":true,"href":"https:\/\/sapbologna.it\/de\/wp-json\/wp\/v2\/product_brand?post=6132"},{"taxonomy":"product_cat","embeddable":true,"href":"https:\/\/sapbologna.it\/de\/wp-json\/wp\/v2\/product_cat?post=6132"},{"taxonomy":"product_tag","embeddable":true,"href":"https:\/\/sapbologna.it\/de\/wp-json\/wp\/v2\/product_tag?post=6132"}],"curies":[{"name":"wp","href":"https:\/\/api.w.org\/{rel}","templated":true}]}}