{"id":6109,"date":"2018-09-05T08:49:51","date_gmt":"2018-09-05T08:49:51","guid":{"rendered":"https:\/\/medhit-wp2.it\/sap\/product\/wurstfuller-eco-3-5-8-lt\/"},"modified":"2026-02-27T11:19:11","modified_gmt":"2026-02-27T11:19:11","slug":"wurstfuller-eco-3-5-8-lt","status":"publish","type":"product","link":"https:\/\/sapbologna.it\/de\/produkt\/wurstfuller-eco-3-5-8-lt\/","title":{"rendered":"Wurstf\u00fcller ECO 3 \u2013 5 \u2013 8 LT"},"content":{"rendered":"<div class=\"caratteristiche\">\n<p>&nbsp;<\/p>\n<table class=\"table table-striped\">\n<thead>\n<tr>\n<th colspan=\"2\">WURSTF\u00dcLLER LT3<\/th>\n<\/tr>\n<\/thead>\n<tbody>\n<tr>\n<td>Velocit\u00e0 \/ Speed \/ Vitesse \/ Geschwindigkeit \/ \u0421\u043a\u043e\u0440\u043e\u0441\u0442\u044c<\/td>\n<td>1<\/td>\n<\/tr>\n<tr>\n<td>Peso netto \/ Net weight \/ Poids net \/ Nettogewicht \/ \u041e\u0431\u044a\u0435\u043c<\/td>\n<td>8 kg<\/td>\n<\/tr>\n<tr>\n<td>Dimensione \/ Dimension \/ Dimensions \/ Abmessungen<\/td>\n<td>22 x 37 x 20 cm<\/td>\n<\/tr>\n<tr>\n<td>Produktkatalog<\/td>\n<td><a href=\"\/wp-content\/uploads\/2026\/02\/INSACCATRICE-ECONOMICA-LT3-LT5-LT8.pdf\" target=\"_blank\" rel=\"noopener\"><img loading=\"lazy\" decoding=\"async\" class=\"alignleft wp-image-3321\" src=\"https:\/\/www.sapbologna.it\/wp-content\/uploads\/2018\/09\/download-icon.png\" alt=\"\" width=\"20\" height=\"28\" \/><\/a><\/td>\n<\/tr>\n<tr>\n<td>Explosionszeichnung<\/td>\n<td><a href=\"..\/..\/..\/wp-content\/uploads\/2018\/09\/ESPLOSO-IN3-5-8LT-2016.pdf\" target=\"_blank\" rel=\"noopener\"><img loading=\"lazy\" decoding=\"async\" class=\"alignleft wp-image-3321 size-full\" src=\"https:\/\/www.sapbologna.it\/wp-content\/uploads\/2018\/09\/download-icon.png\" alt=\"\" width=\"20\" height=\"28\" \/><\/a><\/td>\n<\/tr>\n<tr>\n<td>Ersatzteile<\/td>\n<td><a href=\"..\/..\/..\/wp-content\/uploads\/2018\/09\/INS-3-5-8-NUOVO-2016.pdf\" target=\"_blank\" rel=\"noopener\"><img loading=\"lazy\" decoding=\"async\" class=\"alignleft wp-image-3321 size-full\" src=\"https:\/\/www.sapbologna.it\/wp-content\/uploads\/2018\/09\/download-icon.png\" alt=\"\" width=\"20\" height=\"28\" \/><\/a><\/td>\n<\/tr>\n<\/tbody>\n<\/table>\n<\/div>\n<div class=\"caratteristiche\">\n<p>&nbsp;<\/p>\n<table class=\"table table-striped\">\n<thead>\n<tr>\n<th colspan=\"2\">WURSTF\u00dcLLER LT5<\/th>\n<\/tr>\n<\/thead>\n<tbody>\n<tr>\n<td>Velocit\u00e0 \/ Speed \/ Vitesse \/ Geschwindigkeit \/ \u0421\u043a\u043e\u0440\u043e\u0441\u0442\u044c<\/td>\n<td>2<\/td>\n<\/tr>\n<tr>\n<td>Peso netto \/ Net weight \/ Poids net \/ Nettogewicht \/ \u041e\u0431\u044a\u0435\u043c<\/td>\n<td>11 kg<\/td>\n<\/tr>\n<tr>\n<td>Dimensione \/ Dimension \/ Dimensions \/ Abmessungen<\/td>\n<td>59 x 23 x 24 cm<\/td>\n<\/tr>\n<tr>\n<td>Produktkatalog<\/td>\n<td><a href=\"\/wp-content\/uploads\/2026\/02\/INSACCATRICE-ECONOMICA-LT3-LT5-LT8.pdf\" target=\"_blank\" rel=\"noopener\"><img loading=\"lazy\" decoding=\"async\" class=\"alignleft wp-image-3321 size-full\" src=\"https:\/\/www.sapbologna.it\/wp-content\/uploads\/2018\/09\/download-icon.png\" alt=\"\" width=\"20\" height=\"28\" \/><\/a><\/td>\n<\/tr>\n<tr>\n<td>Explosionszeichnung<\/td>\n<td><a href=\"..\/..\/..\/wp-content\/uploads\/2018\/09\/ESPLOSO-IN3-5-8LT-2016.pdf\" target=\"_blank\" rel=\"noopener\"><img loading=\"lazy\" decoding=\"async\" class=\"alignleft wp-image-3321 size-full\" src=\"https:\/\/www.sapbologna.it\/wp-content\/uploads\/2018\/09\/download-icon.png\" alt=\"\" width=\"20\" height=\"28\" \/><\/a><\/td>\n<\/tr>\n<tr>\n<td>Ersatzteile<\/td>\n<td><a href=\"..\/..\/..\/wp-content\/uploads\/2018\/09\/INS-3-5-8-NUOVO-2016.pdf\" target=\"_blank\" rel=\"noopener\"><img loading=\"lazy\" decoding=\"async\" class=\"alignleft wp-image-3321 size-full\" src=\"https:\/\/www.sapbologna.it\/wp-content\/uploads\/2018\/09\/download-icon.png\" alt=\"\" width=\"20\" height=\"28\" \/><\/a><\/td>\n<\/tr>\n<\/tbody>\n<\/table>\n<\/div>\n<div class=\"caratteristiche\">\n<p>&nbsp;<\/p>\n<table class=\"table table-striped\">\n<thead>\n<tr>\n<th colspan=\"2\">WURSTF\u00dcLLER LT8<\/th>\n<\/tr>\n<\/thead>\n<tbody>\n<tr>\n<td>Velocit\u00e0 \/ Speed \/ Vitesse \/ Geschwindigkeit \/ \u0421\u043a\u043e\u0440\u043e\u0441\u0442\u044c<\/td>\n<td>2<\/td>\n<\/tr>\n<tr>\n<td>Peso netto \/ Net weight \/ Poids net \/ Nettogewicht \/ \u041e\u0431\u044a\u0435\u043c<\/td>\n<td>13 kg<\/td>\n<\/tr>\n<tr>\n<td>Dimensione \/ Dimension \/ Dimensions \/ Abmessungen<\/td>\n<td>75 x 23 x 24 cm<\/td>\n<\/tr>\n<tr>\n<td>Produktkatalog<\/td>\n<td><a href=\"\/wp-content\/uploads\/2026\/02\/INSACCATRICE-ECONOMICA-LT3-LT5-LT8.pdf\" target=\"_blank\" rel=\"noopener\"><img loading=\"lazy\" decoding=\"async\" class=\"alignleft wp-image-3321 size-full\" src=\"https:\/\/www.sapbologna.it\/wp-content\/uploads\/2018\/09\/download-icon.png\" alt=\"\" width=\"20\" height=\"28\" \/><\/a><\/td>\n<\/tr>\n<tr>\n<td>Explosionszeichnung<\/td>\n<td><a href=\"..\/..\/..\/wp-content\/uploads\/2018\/09\/ESPLOSO-IN3-5-8LT-2016.pdf\" target=\"_blank\" rel=\"noopener\"><img loading=\"lazy\" decoding=\"async\" class=\"alignleft wp-image-3321 size-full\" src=\"https:\/\/www.sapbologna.it\/wp-content\/uploads\/2018\/09\/download-icon.png\" alt=\"\" width=\"20\" height=\"28\" \/><\/a><\/td>\n<\/tr>\n<tr>\n<td>Ersatzteile<\/td>\n<td><a href=\"..\/..\/..\/wp-content\/uploads\/2018\/09\/INS-3-5-8-NUOVO-2016.pdf\" target=\"_blank\" rel=\"noopener\"><img loading=\"lazy\" decoding=\"async\" class=\"alignleft wp-image-3321 size-full\" src=\"https:\/\/www.sapbologna.it\/wp-content\/uploads\/2018\/09\/download-icon.png\" alt=\"\" width=\"20\" height=\"28\" \/><\/a><\/td>\n<\/tr>\n<\/tbody>\n<\/table>\n<\/div>\n","protected":false},"excerpt":{"rendered":"<p>Extrem robuster Wurstf\u00fcller mit kompakter Stahltragkonstruktion, pr\u00e4zisem Mechanismus und Getriebe zur Untersetzung und Multiplikation des Metallkolbenhubs, um die Abf\u00fcllung der Fleischmasse und die Extraktion des Kolbens zu vereinfachen. Zylinder aus rostfreiem Edelstahl AISI 304 lebensmittelgeeignet, Stahllaufschiene, Kolbenhalterung aus Nylon, Deckel und Kolbendichtung aus lebensmittelgeeignetem Kunststoff. Serienm\u00e4\u00dfige Lieferung mit vier Trichtern in verschiedenen Gr\u00f6\u00dfen (10\/20\/25\/35 mm) f\u00fcr die Herstellung aller Arten von W\u00fcrsten.<\/p>\n","protected":false},"featured_media":6110,"template":"","meta":[],"product_brand":[],"product_cat":[267,272],"product_tag":[],"class_list":{"0":"post-6109","1":"product","2":"type-product","3":"status-publish","4":"has-post-thumbnail","6":"product_cat-wurstfuller","7":"product_cat-alle","8":"item col-md-6 col-sm-6 col-xs-12 mb_50","10":"first","11":"instock","12":"shipping-taxable","13":"product-type-simple"},"_links":{"self":[{"href":"https:\/\/sapbologna.it\/de\/wp-json\/wp\/v2\/product\/6109","targetHints":{"allow":["GET"]}}],"collection":[{"href":"https:\/\/sapbologna.it\/de\/wp-json\/wp\/v2\/product"}],"about":[{"href":"https:\/\/sapbologna.it\/de\/wp-json\/wp\/v2\/types\/product"}],"wp:featuredmedia":[{"embeddable":true,"href":"https:\/\/sapbologna.it\/de\/wp-json\/wp\/v2\/media\/6110"}],"wp:attachment":[{"href":"https:\/\/sapbologna.it\/de\/wp-json\/wp\/v2\/media?parent=6109"}],"wp:term":[{"taxonomy":"product_brand","embeddable":true,"href":"https:\/\/sapbologna.it\/de\/wp-json\/wp\/v2\/product_brand?post=6109"},{"taxonomy":"product_cat","embeddable":true,"href":"https:\/\/sapbologna.it\/de\/wp-json\/wp\/v2\/product_cat?post=6109"},{"taxonomy":"product_tag","embeddable":true,"href":"https:\/\/sapbologna.it\/de\/wp-json\/wp\/v2\/product_tag?post=6109"}],"curies":[{"name":"wp","href":"https:\/\/api.w.org\/{rel}","templated":true}]}}