{"id":6103,"date":"2018-09-05T08:41:38","date_gmt":"2018-09-05T08:41:38","guid":{"rendered":"https:\/\/medhit-wp2.it\/sap\/product\/horizontale-wurstfuller-lt-7-lt14\/"},"modified":"2026-02-27T10:34:21","modified_gmt":"2026-02-27T10:34:21","slug":"horizontale-wurstfuller-lt-7-lt14","status":"publish","type":"product","link":"https:\/\/sapbologna.it\/de\/produkt\/horizontale-wurstfuller-lt-7-lt14\/","title":{"rendered":"Horizontale Wurstf\u00fcller LT 7- LT14"},"content":{"rendered":"<div class=\"caratteristiche\">\n<p>&nbsp;<\/p>\n<table class=\"table table-striped\">\n<thead>\n<tr>\n<th colspan=\"2\">WURSTF\u00dcLLER LT 7<\/th>\n<\/tr>\n<\/thead>\n<tbody>\n<tr>\n<td>Fassungsverm\u00f6gen<\/td>\n<td>7 l<\/td>\n<\/tr>\n<tr>\n<td>Geschwindigkeit<\/td>\n<td>2<\/td>\n<\/tr>\n<tr>\n<td>Abmessungen<\/td>\n<td>A x B x C 600 x 235 x 192h mm<\/td>\n<\/tr>\n<tr>\n<td>Verpackungsma\u00dfe<\/td>\n<td>80 x 30 x 35 cm<\/td>\n<\/tr>\n<tr>\n<td>Nettogewicht<\/td>\n<td>19 Kg<\/td>\n<\/tr>\n<tr>\n<td>Bruttogewicht<\/td>\n<td>24 kg<\/td>\n<\/tr>\n<tr>\n<td>Produktkatalog<\/td>\n<td><a href=\"\/wp-content\/uploads\/2026\/02\/INSACCATRICE-OIZZONTALE-LT-7.pdf\" target=\"_blank\" rel=\"noopener\"><img loading=\"lazy\" decoding=\"async\" class=\"alignleft wp-image-3321 \" src=\"https:\/\/sapbologna.it\/wp-content\/uploads\/2018\/09\/download-icon.png\" alt=\"\" width=\"21\" height=\"25\" \/><\/a><\/td>\n<\/tr>\n<tr>\n<td>Explosionszeichnung<\/td>\n<td><a href=\"..\/..\/..\/wp-content\/uploads\/2018\/09\/INS-7-14-ORIZZONTALE1.pdf\" target=\"_blank\" rel=\"noopener\"><img loading=\"lazy\" decoding=\"async\" class=\"alignleft wp-image-3321 size-full\" src=\"https:\/\/www.sapbologna.it\/wp-content\/uploads\/2018\/09\/download-icon.png\" alt=\"\" width=\"20\" height=\"28\" \/><\/a><\/td>\n<\/tr>\n<tr>\n<td>Ersatzteile<\/td>\n<td><a href=\"..\/..\/..\/wp-content\/uploads\/2018\/09\/INS-7-ORIZ.pdf\" target=\"_blank\" rel=\"noopener\"><img loading=\"lazy\" decoding=\"async\" class=\"alignleft wp-image-3321 size-full\" src=\"https:\/\/www.sapbologna.it\/wp-content\/uploads\/2018\/09\/download-icon.png\" alt=\"\" width=\"20\" height=\"28\" \/><\/a><\/td>\n<\/tr>\n<\/tbody>\n<\/table>\n<\/div>\n<div class=\"caratteristiche\">\n<p>&nbsp;<\/p>\n<table class=\"table table-striped\">\n<thead>\n<tr>\n<th colspan=\"2\">WURSTF\u00dcLLER LT 14<\/th>\n<\/tr>\n<\/thead>\n<tbody>\n<tr>\n<td>Fassungsverm\u00f6gen<\/td>\n<td>14 l<\/td>\n<\/tr>\n<tr>\n<td>Geschwindigkeit<\/td>\n<td>2<\/td>\n<\/tr>\n<tr>\n<td>Abmessungen<\/td>\n<td>A x B x C 770 x 272 x 220h mm<\/td>\n<\/tr>\n<tr>\n<td>Verpackungsma\u00dfe<\/td>\n<td>96 x 40 x 38 cm<\/td>\n<\/tr>\n<tr>\n<td>Nettogewicht<\/td>\n<td>27 Kg<\/td>\n<\/tr>\n<tr>\n<td>Bruttogewicht<\/td>\n<td>32 kg<\/td>\n<\/tr>\n<tr>\n<td>Produktkatalog<\/td>\n<td><a href=\"\/wp-content\/uploads\/2026\/02\/INSACCATRICE-ORIZZONTALE-LT14.pdf\" target=\"_blank\" rel=\"noopener\"><img loading=\"lazy\" decoding=\"async\" class=\"alignleft wp-image-3321 \" src=\"https:\/\/sapbologna.it\/wp-content\/uploads\/2018\/09\/download-icon.png\" alt=\"\" width=\"21\" height=\"25\" \/><\/a><\/td>\n<\/tr>\n<tr>\n<td>Explosionszeichnung<\/td>\n<td><a href=\"..\/..\/..\/wp-content\/uploads\/2018\/09\/INS-7-14-ORIZZONTALE1.pdf\" target=\"_blank\" rel=\"noopener\"><img loading=\"lazy\" decoding=\"async\" class=\"alignleft wp-image-3321 size-full\" src=\"https:\/\/www.sapbologna.it\/wp-content\/uploads\/2018\/09\/download-icon.png\" alt=\"\" width=\"20\" height=\"28\" \/><\/a><\/td>\n<\/tr>\n<tr>\n<td>Ersatzteile<\/td>\n<td><a href=\"..\/..\/..\/wp-content\/uploads\/2018\/09\/INS.14-ORIZ.pdf\" target=\"_blank\" rel=\"noopener\"><img loading=\"lazy\" decoding=\"async\" class=\"alignleft wp-image-3321 size-full\" src=\"https:\/\/www.sapbologna.it\/wp-content\/uploads\/2018\/09\/download-icon.png\" alt=\"\" width=\"20\" height=\"28\" \/><\/a><\/td>\n<\/tr>\n<\/tbody>\n<\/table>\n<\/div>\n","protected":false},"excerpt":{"rendered":"<p>Extrem robust, einfach zu handhaben und zu verwenden. Diese manuellen Wurstf\u00fcller (verf\u00fcgbar in vier Horizontal- und Vertikalmodellen f\u00fcr 7 und 14 Liter, inklusive vier unterschiedlichen Trichtern) sind einfach das Beste f\u00fcr die Herstellung von W\u00fcrsten aller Art.<br \/>\nDer Zylinder aus rostfreiem Edelstahl AISI 304 18\/8, der nahrungsmittelsichere Aluminiumkolben mit Spezialdichtung, die solide Laufschiene aus geschliffenem Stahl, die Pr\u00e4zisionszahnr\u00e4der und die genaue Verarbeitung aller mechanischen Teile sorgen f\u00fcr einen einwandfreien Betrieb, maximale Leistung und eine lange Lebensdauer.<br \/>\nDie Wurstf\u00fcller sind mit zwei Geschwindigkeiten ausgestattet und werden mit vier austauschbaren Trichtern f\u00fcr verschiedene Arten von W\u00fcrsten geliefert. Die Maschine wurde ausschlie\u00dflich f\u00fcr die manuelle Nutzung entwickelt. Der Einbau irgendeiner Art von Motor in die Maschine gilt als unsachgem\u00e4\u00dfe Verwendung und erfolgt ausschlie\u00dflich auf eigenes Risiko des Anwenders.<\/p>\n","protected":false},"featured_media":6108,"template":"","meta":[],"product_brand":[],"product_cat":[267,272],"product_tag":[],"class_list":{"0":"post-6103","1":"product","2":"type-product","3":"status-publish","4":"has-post-thumbnail","6":"product_cat-wurstfuller","7":"product_cat-alle","8":"item col-md-6 col-sm-6 col-xs-12 mb_50","10":"first","11":"instock","12":"shipping-taxable","13":"product-type-simple"},"_links":{"self":[{"href":"https:\/\/sapbologna.it\/de\/wp-json\/wp\/v2\/product\/6103","targetHints":{"allow":["GET"]}}],"collection":[{"href":"https:\/\/sapbologna.it\/de\/wp-json\/wp\/v2\/product"}],"about":[{"href":"https:\/\/sapbologna.it\/de\/wp-json\/wp\/v2\/types\/product"}],"wp:featuredmedia":[{"embeddable":true,"href":"https:\/\/sapbologna.it\/de\/wp-json\/wp\/v2\/media\/6108"}],"wp:attachment":[{"href":"https:\/\/sapbologna.it\/de\/wp-json\/wp\/v2\/media?parent=6103"}],"wp:term":[{"taxonomy":"product_brand","embeddable":true,"href":"https:\/\/sapbologna.it\/de\/wp-json\/wp\/v2\/product_brand?post=6103"},{"taxonomy":"product_cat","embeddable":true,"href":"https:\/\/sapbologna.it\/de\/wp-json\/wp\/v2\/product_cat?post=6103"},{"taxonomy":"product_tag","embeddable":true,"href":"https:\/\/sapbologna.it\/de\/wp-json\/wp\/v2\/product_tag?post=6103"}],"curies":[{"name":"wp","href":"https:\/\/api.w.org\/{rel}","templated":true}]}}