{"id":6094,"date":"2018-09-05T08:35:58","date_gmt":"2018-09-05T08:35:58","guid":{"rendered":"https:\/\/medhit-wp2.it\/sap\/product\/vertikale-wurstfuller-lt-7-14\/"},"modified":"2026-02-27T10:28:02","modified_gmt":"2026-02-27T10:28:02","slug":"vertikale-wurstfuller-lt-7-14","status":"publish","type":"product","link":"https:\/\/sapbologna.it\/de\/produkt\/vertikale-wurstfuller-lt-7-14\/","title":{"rendered":"Vertikale Wurstf\u00fcller LT 7-14"},"content":{"rendered":"<div class=\"caratteristiche\">\n<p>&nbsp;<\/p>\n<table class=\"table table-striped\">\n<thead>\n<tr>\n<th colspan=\"2\">WURSTF\u00dcLLER LT 7<\/th>\n<\/tr>\n<\/thead>\n<tbody>\n<tr>\n<td>Fassungsverm\u00f6gen<\/td>\n<td>7 l<\/td>\n<\/tr>\n<tr>\n<td>Geschwindigkeit<\/td>\n<td>2<\/td>\n<\/tr>\n<tr>\n<td>Abmessungen<\/td>\n<td>A x B x C 300 x 300 x 710h mm<\/td>\n<\/tr>\n<tr>\n<td>Verpackungsma\u00dfe<\/td>\n<td>80 x 30 x 35 cm<\/td>\n<\/tr>\n<tr>\n<td>Nettogewicht<\/td>\n<td>20 Kg<\/td>\n<\/tr>\n<tr>\n<td>Bruttogewicht<\/td>\n<td>24,5 kg<\/td>\n<\/tr>\n<tr>\n<td>Produktkatalog<\/td>\n<td><a href=\"\/wp-content\/uploads\/2026\/02\/INSACCATRICE-VERTICALE-LT7.pdf\" target=\"_blank\" rel=\"noopener\"><img loading=\"lazy\" decoding=\"async\" class=\"alignleft wp-image-5825 \" src=\"https:\/\/sapbologna.it\/wp-content\/uploads\/2018\/09\/download-icon.png\" alt=\"\" width=\"21\" height=\"25\" \/><\/a><\/td>\n<\/tr>\n<tr>\n<td>Explosionszeichnung<\/td>\n<td><a href=\"..\/..\/..\/wp-content\/uploads\/2018\/09\/INS-7-14-VERTICALE.pdf\" target=\"_blank\" rel=\"noopener\"><img loading=\"lazy\" decoding=\"async\" class=\"alignleft wp-image-5825 size-full\" src=\"https:\/\/www.sapbologna.it\/wp-content\/uploads\/2018\/09\/download-icon.png\" alt=\"\" width=\"20\" height=\"28\" \/><\/a><\/td>\n<\/tr>\n<tr>\n<td>Ersatzteile<\/td>\n<td><a href=\"..\/..\/..\/wp-content\/uploads\/2018\/09\/INSVERTICALE-RICAMBI.pdf\" target=\"_blank\" rel=\"noopener\"><img loading=\"lazy\" decoding=\"async\" class=\"alignleft wp-image-5825 size-full\" src=\"https:\/\/www.sapbologna.it\/wp-content\/uploads\/2018\/09\/download-icon.png\" alt=\"\" width=\"20\" height=\"28\" \/><\/a><\/td>\n<\/tr>\n<\/tbody>\n<\/table>\n<\/div>\n<div class=\"caratteristiche\">\n<p>&nbsp;<\/p>\n<table class=\"table table-striped\">\n<thead>\n<tr>\n<th colspan=\"2\">WURSTF\u00dcLLER LT 14<\/th>\n<\/tr>\n<\/thead>\n<tbody>\n<tr>\n<td>Fassungsverm\u00f6gen<\/td>\n<td>14 l<\/td>\n<\/tr>\n<tr>\n<td>Geschwindigkeit<\/td>\n<td>2<\/td>\n<\/tr>\n<tr>\n<td>Abmessungen<\/td>\n<td>A x B x C 350 x 350 x 875h mm<\/td>\n<\/tr>\n<tr>\n<td>Verpackungsma\u00dfe<\/td>\n<td>96 x 40 x 38 cm<\/td>\n<\/tr>\n<tr>\n<td>Nettogewicht<\/td>\n<td>27 Kg<\/td>\n<\/tr>\n<tr>\n<td>Bruttogewicht<\/td>\n<td>32 kg<\/td>\n<\/tr>\n<tr>\n<td>Produktkatalog<\/td>\n<td><a href=\"\/wp-content\/uploads\/2026\/02\/INSACCATRICE-VERTICALE-LT14.pdf\" target=\"_blank\" rel=\"noopener\"><img loading=\"lazy\" decoding=\"async\" class=\"alignleft wp-image-5825 \" src=\"https:\/\/sapbologna.it\/wp-content\/uploads\/2018\/09\/download-icon.png\" alt=\"\" width=\"21\" height=\"25\" \/><\/a><\/td>\n<\/tr>\n<tr>\n<td>Explosionszeichnung<\/td>\n<td><a href=\"..\/..\/..\/wp-content\/uploads\/2018\/09\/INS-7-14-VERTICALE.pdf\" target=\"_blank\" rel=\"noopener\"><img loading=\"lazy\" decoding=\"async\" class=\"alignleft wp-image-5825 size-full\" src=\"https:\/\/www.sapbologna.it\/wp-content\/uploads\/2018\/09\/download-icon.png\" alt=\"\" width=\"20\" height=\"28\" \/><\/a><\/td>\n<\/tr>\n<tr>\n<td>Ersatzteile<\/td>\n<td><a href=\"..\/..\/..\/wp-content\/uploads\/2018\/09\/INSVERTICALE-RICAMBI.pdf\" target=\"_blank\" rel=\"noopener\"><img loading=\"lazy\" decoding=\"async\" class=\"alignleft wp-image-5825 size-full\" src=\"https:\/\/www.sapbologna.it\/wp-content\/uploads\/2018\/09\/download-icon.png\" alt=\"\" width=\"20\" height=\"28\" \/><\/a><\/td>\n<\/tr>\n<\/tbody>\n<\/table>\n<\/div>\n","protected":false},"excerpt":{"rendered":"<p>Extrem robust, benutzerfreundlich und einfach zu handhaben. Der manuelle, vertikale Wurstf\u00fcller LT14 Kapazit\u00e4t kann mit drei verschiedenen Trichtern ausgestattet werden und ist die optimale L\u00f6sung f\u00fcr die Herstellung von W\u00fcrsten aller Art. Der Zylinder aus rostfreiem Edelstahl AISI 304 18\/8, der nahrungsmittelsichere Aluminiumkolben mit Entl\u00fcftungsventil und Spezialdichtung, die solide Laufschiene aus geschliffenem Stahl, die Pr\u00e4zisionszahnr\u00e4der und die genaue Verarbeitung aller mechanischen Teile sorgen f\u00fcr einen einwandfreien Betrieb, maximale Leistung und eine lange Lebensdauer. Die Wurstf\u00fcller sind mit zwei Geschwindigkeiten ausgestattet und werden mit drei austauschbaren Trichtern f\u00fcr verschiedene Arten von W\u00fcrsten geliefert. Die Maschine wurde ausschlie\u00dflich f\u00fcr die manuelle Nutzung entwickelt. Der Einbau irgendeiner Art von Motor in die Maschine gilt als unsachgem\u00e4\u00dfe Verwendung und erfolgt ausschlie\u00dflich auf eigenes Risiko des Anwenders.<\/p>\n","protected":false},"featured_media":6098,"template":"","meta":[],"product_brand":[],"product_cat":[267,272],"product_tag":[],"class_list":{"0":"post-6094","1":"product","2":"type-product","3":"status-publish","4":"has-post-thumbnail","6":"product_cat-wurstfuller","7":"product_cat-alle","8":"item col-md-6 col-sm-6 col-xs-12 mb_50","10":"first","11":"instock","12":"shipping-taxable","13":"product-type-simple"},"_links":{"self":[{"href":"https:\/\/sapbologna.it\/de\/wp-json\/wp\/v2\/product\/6094","targetHints":{"allow":["GET"]}}],"collection":[{"href":"https:\/\/sapbologna.it\/de\/wp-json\/wp\/v2\/product"}],"about":[{"href":"https:\/\/sapbologna.it\/de\/wp-json\/wp\/v2\/types\/product"}],"wp:featuredmedia":[{"embeddable":true,"href":"https:\/\/sapbologna.it\/de\/wp-json\/wp\/v2\/media\/6098"}],"wp:attachment":[{"href":"https:\/\/sapbologna.it\/de\/wp-json\/wp\/v2\/media?parent=6094"}],"wp:term":[{"taxonomy":"product_brand","embeddable":true,"href":"https:\/\/sapbologna.it\/de\/wp-json\/wp\/v2\/product_brand?post=6094"},{"taxonomy":"product_cat","embeddable":true,"href":"https:\/\/sapbologna.it\/de\/wp-json\/wp\/v2\/product_cat?post=6094"},{"taxonomy":"product_tag","embeddable":true,"href":"https:\/\/sapbologna.it\/de\/wp-json\/wp\/v2\/product_tag?post=6094"}],"curies":[{"name":"wp","href":"https:\/\/api.w.org\/{rel}","templated":true}]}}