{"id":6085,"date":"2018-09-05T08:33:06","date_gmt":"2018-09-05T08:33:06","guid":{"rendered":"https:\/\/medhit-wp2.it\/sap\/product\/knochensagen-inox-so-sm-1650-1860-2080-2460-3160\/"},"modified":"2026-03-12T10:35:11","modified_gmt":"2026-03-12T10:35:11","slug":"knochensagen-inox-so-sm-1650-1860-2080-2460-3160","status":"publish","type":"product","link":"https:\/\/sapbologna.it\/de\/produkt\/knochensagen-inox-so-sm-1650-1860-2080-2460-3160\/","title":{"rendered":"Knochens\u00e4gen INOX SO\/SM 1650-1860-2080-2460-3160"},"content":{"rendered":"<div class=\"caratteristiche\">\n<p>&nbsp;<\/p>\n<table class=\"table table-striped\" style=\"height: 512px;\" width=\"922\">\n<thead>\n<tr>\n<th colspan=\"2\">KNOCHENS\u00c4GE SO\/SM 1650<\/th>\n<\/tr>\n<\/thead>\n<tbody>\n<tr>\n<td>Bandl\u00e4nge<\/td>\n<td>1650 mm x 16<\/td>\n<\/tr>\n<tr>\n<td>Motor<\/td>\n<td>kW 1,1 \u2013 PS 1,5 1450 U\/min<\/td>\n<\/tr>\n<tr>\n<td>Stromversorgung<\/td>\n<td>400\/3\/50Hz 230\/1\/50Hz<\/td>\n<\/tr>\n<tr>\n<td>Riemenscheibe<\/td>\n<td>\u00d8 208 mm<\/td>\n<\/tr>\n<tr>\n<td>Arbeitstisch<\/td>\n<td>480 x 470 mm<\/td>\n<\/tr>\n<tr>\n<td>Traglast des Tisches<\/td>\n<td>20 Kg<\/td>\n<\/tr>\n<tr>\n<td>Schnitth\u00f6he<\/td>\n<td>240 mm<\/td>\n<\/tr>\n<tr>\n<td>Schnittbreite<\/td>\n<td>190 mm<\/td>\n<\/tr>\n<tr>\n<td>Gewicht<\/td>\n<td>36 Kg<\/td>\n<\/tr>\n<tr>\n<td>Gewicht mit Verpackung<\/td>\n<td>44 Kg<\/td>\n<\/tr>\n<tr>\n<td>Abmessungen<\/td>\n<td>48 x 47 x 91 cm<\/td>\n<\/tr>\n<tr>\n<td>Verpackungsma\u00dfe<\/td>\n<td>60 x 53 x 115 cm<\/td>\n<\/tr>\n<tr>\n<td>Produktkatalog<\/td>\n<td><a href=\"\/wp-content\/uploads\/2026\/03\/SEGAOSSA-SO-SM-1650.pdf\" target=\"_blank\" rel=\"noopener\"><img loading=\"lazy\" decoding=\"async\" class=\"alignleft wp-image-3321 size-full\" src=\"https:\/\/sapbologna.it\/wp-content\/uploads\/2018\/09\/download-icon.png\" alt=\"\" width=\"114\" height=\"133\" \/><\/a><\/td>\n<\/tr>\n<tr>\n<td>Explosionszeichnung<\/td>\n<td><a href=\"https:\/\/www.sapbologna.it\/wp-content\/uploads\/2022\/10\/SEGAOSSA-1650-NUOVO.pdf\" target=\"_blank\" rel=\"noopener\"><img loading=\"lazy\" decoding=\"async\" class=\"alignleft wp-image-3321 size-full\" src=\"https:\/\/www.sapbologna.it\/wp-content\/uploads\/2018\/09\/download-icon.png\" alt=\"\" width=\"20\" height=\"28\" \/><\/a><\/td>\n<\/tr>\n<tr>\n<td>Ersatzteile<\/td>\n<td><a href=\"..\/..\/..\/wp-content\/uploads\/2018\/09\/SO1650ricambi.pdf\" target=\"_blank\" rel=\"noopener\"><img loading=\"lazy\" decoding=\"async\" class=\"alignleft wp-image-3321 size-full\" src=\"https:\/\/www.sapbologna.it\/wp-content\/uploads\/2018\/09\/download-icon.png\" alt=\"\" width=\"20\" height=\"28\" \/><\/a><\/td>\n<\/tr>\n<\/tbody>\n<\/table>\n<\/div>\n<div class=\"caratteristiche\">\n<p>&nbsp;<\/p>\n<table class=\"table table-striped\" style=\"height: 550px;\" width=\"921\">\n<thead>\n<tr>\n<th colspan=\"2\">KNOCHENS\u00c4GE SO\/SM 1860<\/th>\n<\/tr>\n<\/thead>\n<tbody>\n<tr>\n<td>Bandl\u00e4nge<\/td>\n<td>1860 mm x16<\/td>\n<\/tr>\n<tr>\n<td>Motor<\/td>\n<td>kW 1,1 \u2013 PS 1,5 1400 U\/min<\/td>\n<\/tr>\n<tr>\n<td>Stromversorgung<\/td>\n<td>400\/3\/50Hz 230\/1\/50Hz<\/td>\n<\/tr>\n<tr>\n<td>Riemenscheibe<\/td>\n<td>\u00d8 240 mm<\/td>\n<\/tr>\n<tr>\n<td>Arbeitstisch<\/td>\n<td>510 x 440 mm<\/td>\n<\/tr>\n<tr>\n<td>Traglast des Tisches<\/td>\n<td>25 Kg<\/td>\n<\/tr>\n<tr>\n<td>Maximale Schnitth\u00f6he<\/td>\n<td>24,5 cm<\/td>\n<\/tr>\n<tr>\n<td>Schnittbreite<\/td>\n<td>44,5 cm<\/td>\n<\/tr>\n<tr>\n<td>Gewicht<\/td>\n<td>50 Kg<\/td>\n<\/tr>\n<tr>\n<td>Gewicht mit Verpackung<\/td>\n<td>55 Kg<\/td>\n<\/tr>\n<tr>\n<td>Abmessungen<\/td>\n<td>51 x 50 x 97 cm<\/td>\n<\/tr>\n<tr>\n<td>Verpackungsma\u00dfe<\/td>\n<td>60 x 65 x 110 cm<\/td>\n<\/tr>\n<tr>\n<td>Bremsung<\/td>\n<td>Elektronische Sicherheitsbremse; Elektroanlage Klasse I, IP55; 2 codierte Sicherheitsmikroschalter<\/td>\n<\/tr>\n<tr>\n<td>Produktkatalog<\/td>\n<td><a href=\"\/wp-content\/uploads\/2026\/03\/SEGAOSSA-SO-SM-1860.pdf\" target=\"_blank\" rel=\"noopener\"><img loading=\"lazy\" decoding=\"async\" class=\"alignleft wp-image-3321 size-full\" src=\"https:\/\/sapbologna.it\/wp-content\/uploads\/2018\/09\/download-icon.png\" alt=\"\" width=\"114\" height=\"133\" \/><\/a><\/td>\n<\/tr>\n<tr>\n<td>Explosionszeichnung<\/td>\n<td><a href=\"https:\/\/www.sapbologna.it\/wp-content\/uploads\/2022\/10\/SEGAOSSA-1860-2080-NUOVO.pdf\" target=\"_blank\" rel=\"noopener\"><img loading=\"lazy\" decoding=\"async\" class=\"alignleft wp-image-3321 size-full\" src=\"https:\/\/www.sapbologna.it\/wp-content\/uploads\/2018\/09\/download-icon.png\" alt=\"\" width=\"20\" height=\"28\" \/><\/a><\/td>\n<\/tr>\n<tr>\n<td>Ersatzteile<\/td>\n<td><a href=\"..\/..\/..\/wp-content\/uploads\/2018\/09\/SO1860ricambi.pdf\" target=\"_blank\" rel=\"noopener\"><img loading=\"lazy\" decoding=\"async\" class=\"alignleft wp-image-3321 size-full\" src=\"https:\/\/www.sapbologna.it\/wp-content\/uploads\/2018\/09\/download-icon.png\" alt=\"\" width=\"20\" height=\"28\" \/><\/a><\/td>\n<\/tr>\n<\/tbody>\n<\/table>\n<\/div>\n<div class=\"caratteristiche\">\n<p>&nbsp;<\/p>\n<table class=\"table table-striped\">\n<thead>\n<tr>\n<th colspan=\"2\">KNOCHENS\u00c4GE SO\/SM 2080<\/th>\n<\/tr>\n<\/thead>\n<tbody>\n<tr>\n<td>Bandl\u00e4nge<\/td>\n<td>2080 mm<\/td>\n<\/tr>\n<tr>\n<td>Motor<\/td>\n<td>kW 1,1 \u2013 PS 1,5 1410 U\/min<\/td>\n<\/tr>\n<tr>\n<td>Stromversorgung<\/td>\n<td>400\/3\/50Hz 230\/1\/50Hz<\/td>\n<\/tr>\n<tr>\n<td>Riemenscheibe<\/td>\n<td>\u00d8 270 mm<\/td>\n<\/tr>\n<tr>\n<td>Arbeitstisch<\/td>\n<td>600 x 555 mm<\/td>\n<\/tr>\n<tr>\n<td>Traglast des Tisches<\/td>\n<td>30 Kg<\/td>\n<\/tr>\n<tr>\n<td>Schnitth\u00f6he<\/td>\n<td>270 mm<\/td>\n<\/tr>\n<tr>\n<td>Schnittbreite<\/td>\n<td>525 mm<\/td>\n<\/tr>\n<tr>\n<td>Gewicht<\/td>\n<td>80 Kg<\/td>\n<\/tr>\n<tr>\n<td>Gewicht mit Verpackung<\/td>\n<td>95 Kg<\/td>\n<\/tr>\n<tr>\n<td>Abmessungen<\/td>\n<td>60 x 64 x 160 cm<\/td>\n<\/tr>\n<tr>\n<td>Verpackungsma\u00dfe (Holzk\u00e4fig ISPM)<\/td>\n<td>71 x 76x 184 cm<\/td>\n<\/tr>\n<tr>\n<td>Bremsung<\/td>\n<td>Elektronische Sicherheitsbremse; Elektroanlage Klasse I, IP55; 2 codierte Sicherheitsmikroschalter<\/td>\n<\/tr>\n<tr>\n<td>Produktkatalog<\/td>\n<td><a href=\"\/wp-content\/uploads\/2026\/03\/SEGAOSSA-SO-SM-2080.pdf\" target=\"_blank\" rel=\"noopener\"><img loading=\"lazy\" decoding=\"async\" class=\"alignleft wp-image-3321 size-full\" src=\"https:\/\/sapbologna.it\/wp-content\/uploads\/2018\/09\/download-icon.png\" alt=\"\" width=\"114\" height=\"133\" \/><\/a><\/td>\n<\/tr>\n<tr>\n<td>Explosionszeichnung<\/td>\n<td><a href=\"https:\/\/www.sapbologna.it\/wp-content\/uploads\/2022\/10\/SEGAOSSA-1860-2080-NUOVO.pdf\" target=\"_blank\" rel=\"noopener\"><img loading=\"lazy\" decoding=\"async\" class=\"alignleft wp-image-3321 size-full\" src=\"https:\/\/www.sapbologna.it\/wp-content\/uploads\/2018\/09\/download-icon.png\" alt=\"\" width=\"20\" height=\"28\" \/><\/a><\/td>\n<\/tr>\n<tr>\n<td>Ersatzteile<\/td>\n<td><img loading=\"lazy\" decoding=\"async\" class=\"alignleft wp-image-3321 size-full\" src=\"https:\/\/www.sapbologna.it\/wp-content\/uploads\/2018\/09\/download-icon.png\" alt=\"\" width=\"20\" height=\"28\" \/><\/td>\n<\/tr>\n<\/tbody>\n<\/table>\n<\/div>\n<div class=\"caratteristiche\">\n<p>&nbsp;<\/p>\n<table class=\"table table-striped\" style=\"height: 569px;\" width=\"921\">\n<thead>\n<tr>\n<th colspan=\"2\">KNOCHENS\u00c4GE SO\/SM 2460<\/th>\n<\/tr>\n<\/thead>\n<tbody>\n<tr>\n<td>Bandl\u00e4nge<\/td>\n<td>2460 mm X 20<\/td>\n<\/tr>\n<tr>\n<td>Motor<\/td>\n<td>230V\/50Hz 1,1kW 920 U\/min<\/td>\n<\/tr>\n<tr>\n<td>Stromversorgung<\/td>\n<td>400\/3\/50Hz 230\/1\/50Hz<\/td>\n<\/tr>\n<tr>\n<td>Riemenscheibe<\/td>\n<td>\u00d8 320 mm<\/td>\n<\/tr>\n<tr>\n<td>Arbeitstisch<\/td>\n<td>715 x 655 mm<\/td>\n<\/tr>\n<tr>\n<td>Traglast des Tisches<\/td>\n<td>40 Kg<\/td>\n<\/tr>\n<tr>\n<td>Schnitth\u00f6he<\/td>\n<td>310 mm<\/td>\n<\/tr>\n<tr>\n<td>Schnittbreite<\/td>\n<td>630 mm<\/td>\n<\/tr>\n<tr>\n<td>Gewicht<\/td>\n<td>121 Kg<\/td>\n<\/tr>\n<tr>\n<td>Gewicht mit Verpackung<\/td>\n<td>140 Kg<\/td>\n<\/tr>\n<tr>\n<td>Abmessungen<\/td>\n<td>71 x 76 x 171 cm<\/td>\n<\/tr>\n<tr>\n<td>Verpackungsma\u00dfe<\/td>\n<td>84 x 91 x 194 cm<\/td>\n<\/tr>\n<tr>\n<td>Motor<\/td>\n<td>V.400\/50-60HZ 1.5 KW 1410 RPM<\/td>\n<\/tr>\n<tr>\n<td>Bremsung<\/td>\n<td>Elektronische Sicherheitsbremse; Elektroanlage Klasse I, IP55; 2 codierte Sicherheitsmikroschalter<\/td>\n<\/tr>\n<tr>\n<td>Produktkatalog<\/td>\n<td><a href=\"\/wp-content\/uploads\/2026\/03\/SEGAOSSA-SO-SM-2460.pdf\" target=\"_blank\" rel=\"noopener\"><img loading=\"lazy\" decoding=\"async\" class=\"alignleft wp-image-3321 size-full\" src=\"https:\/\/sapbologna.it\/wp-content\/uploads\/2018\/09\/download-icon.png\" alt=\"\" width=\"114\" height=\"133\" \/><\/a><\/td>\n<\/tr>\n<tr>\n<td>Explosionszeichnung<\/td>\n<td><a href=\"https:\/\/www.sapbologna.it\/wp-content\/uploads\/2022\/10\/SEGAOSSA-2460-3160-NUOVO.pdf\" target=\"_blank\" rel=\"noopener\"><img loading=\"lazy\" decoding=\"async\" class=\"alignleft wp-image-3321 size-full\" src=\"https:\/\/www.sapbologna.it\/wp-content\/uploads\/2018\/09\/download-icon.png\" alt=\"\" width=\"20\" height=\"28\" \/><\/a><\/td>\n<\/tr>\n<tr>\n<td>Ersatzteile<\/td>\n<td><a href=\"..\/..\/..\/wp-content\/uploads\/2018\/09\/SO2460ricambi.pdf\" target=\"_blank\" rel=\"noopener\"><img loading=\"lazy\" decoding=\"async\" class=\"alignleft wp-image-3321 size-full\" src=\"https:\/\/www.sapbologna.it\/wp-content\/uploads\/2018\/09\/download-icon.png\" alt=\"\" width=\"20\" height=\"28\" \/><\/a><\/td>\n<\/tr>\n<\/tbody>\n<\/table>\n<\/div>\n<div class=\"caratteristiche\">\n<p>&nbsp;<\/p>\n<table class=\"table table-striped\" style=\"height: 586px;\" width=\"921\">\n<thead>\n<tr>\n<th colspan=\"2\">KNOCHENS\u00c4GE SO\/SM 3160<\/th>\n<\/tr>\n<\/thead>\n<tbody>\n<tr>\n<td>Bandl\u00e4nge<\/td>\n<td>3160 mm<\/td>\n<\/tr>\n<tr>\n<td>Motor<\/td>\n<td>400V\/50Hz 2,2 kW U\/min 1410<\/td>\n<\/tr>\n<tr>\n<td>Stromversorgung<\/td>\n<td>400\/3\/50Hz 230\/1\/50Hz<\/td>\n<\/tr>\n<tr>\n<td>Riemenscheibe<\/td>\n<td>\u00d8 420 mm<\/td>\n<\/tr>\n<tr>\n<td>Arbeitstisch<\/td>\n<td>850 x 800 mm<\/td>\n<\/tr>\n<tr>\n<td>Traglast des Tisches<\/td>\n<td>50 Kg<\/td>\n<\/tr>\n<tr>\n<td>Schnitth\u00f6he<\/td>\n<td>420 mm<\/td>\n<\/tr>\n<tr>\n<td>Schnittbreite<\/td>\n<td>785 mm<\/td>\n<\/tr>\n<tr>\n<td>Gewicht<\/td>\n<td>165 Kg<\/td>\n<\/tr>\n<tr>\n<td>Gewicht mit Verpackung<\/td>\n<td>185 Kg<\/td>\n<\/tr>\n<tr>\n<td>Abmessungen<\/td>\n<td>85 x 93,5 x 191 cm<\/td>\n<\/tr>\n<tr>\n<td>Verpackungsma\u00dfe<\/td>\n<td>94 x 104 x 213 cm<\/td>\n<\/tr>\n<tr>\n<td>Motor<\/td>\n<td>230V\/50Hz 1,5 U\/min 950<\/td>\n<\/tr>\n<tr>\n<td>Bremsung<\/td>\n<td>Elektronische Sicherheitsbremse; Elektroanlage Klasse I, IP55; 2 codierte Sicherheitsmikroschalter<\/td>\n<\/tr>\n<tr>\n<td>Produktkatalog<\/td>\n<td><a href=\"\/wp-content\/uploads\/2026\/03\/SEGAOSSA-SO-SM-3160.pdf\" target=\"_blank\" rel=\"noopener\"><img loading=\"lazy\" decoding=\"async\" class=\"alignleft wp-image-3321 size-full\" src=\"https:\/\/sapbologna.it\/wp-content\/uploads\/2018\/09\/download-icon.png\" alt=\"\" width=\"114\" height=\"133\" \/><\/a><\/td>\n<\/tr>\n<tr>\n<td>Explosionszeichnung<\/td>\n<td><a href=\"https:\/\/www.sapbologna.it\/wp-content\/uploads\/2022\/10\/SEGAOSSA-2460-3160-NUOVO.pdf\" target=\"_blank\" rel=\"noopener\"><img loading=\"lazy\" decoding=\"async\" class=\"alignleft wp-image-3321 size-full\" src=\"https:\/\/www.sapbologna.it\/wp-content\/uploads\/2018\/09\/download-icon.png\" alt=\"\" width=\"20\" height=\"28\" \/><\/a><\/td>\n<\/tr>\n<tr>\n<td>Ersatzteile<\/td>\n<td><a href=\"..\/..\/..\/wp-content\/uploads\/2018\/09\/SO3160ricambi.pdf\" target=\"_blank\" rel=\"noopener\"><img loading=\"lazy\" decoding=\"async\" class=\"alignleft wp-image-3321 size-full\" src=\"https:\/\/www.sapbologna.it\/wp-content\/uploads\/2018\/09\/download-icon.png\" alt=\"\" width=\"20\" height=\"28\" \/><\/a><\/td>\n<\/tr>\n<\/tbody>\n<\/table>\n<\/div>\n","protected":false},"excerpt":{"rendered":"<p>Extrem robust, zuverl\u00e4ssig und sicher, einfach zu handhaben und anzuwenden. Die Knochens\u00e4gen aus Edelstahl, verf\u00fcgbar in f\u00fcnf Modellen SO\/SM 1650 \u2013 SO\/SM 1860 \u2013 SO\/SM 2080 \u2013 SO\/SM 2460 \u2013 SO\/SM 3160, sind das ideale Hilfsmittel zur Verarbeitung aller Arten von frischem oder tiefgek\u00fchltem Fleisch.<br \/>\nUnsere Knochens\u00e4gen kommen in Fleischereien und in fleischverarbeitenden Betrieben sowie bei Fischh\u00e4ndlern, in Restaurants und Kantinen zum Einsatz.<br \/>\nDie vollst\u00e4ndig aus Edelstahl AISI 304 gefertigten Maschinen sind mit einem Fleischschieber und einem Portionierer ausgestattet.<br \/>\nUm ein H\u00f6chstma\u00df an Sicherheit zu gew\u00e4hrleisten, sind die Maschinen, gem\u00e4\u00df den Bestimmungen der EG, mit elektrischen und mechanischen Sicherheitssystemen ausgestattet: 24 Volt-Steuertafel und abgedichtete elektrische Teile.<br \/>\nSie k\u00f6nnen auf Anfrage mit einer Gleitfl\u00e4che ausgestattet werden.<\/p>\n<p><iframe loading=\"lazy\" style=\"margin-top: 30px;\" src=\"https:\/\/www.youtube.com\/embed\/_E0RuKrcbCY\" width=\"560\" height=\"315\" frameborder=\"0\" allowfullscreen=\"allowfullscreen\"><\/iframe><\/p>\n","protected":false},"featured_media":6093,"template":"","meta":[],"product_brand":[],"product_cat":[268,272],"product_tag":[],"class_list":{"0":"post-6085","1":"product","2":"type-product","3":"status-publish","4":"has-post-thumbnail","6":"product_cat-knochensagen","7":"product_cat-alle","8":"item col-md-6 col-sm-6 col-xs-12 mb_50","10":"first","11":"instock","12":"shipping-taxable","13":"product-type-simple"},"_links":{"self":[{"href":"https:\/\/sapbologna.it\/de\/wp-json\/wp\/v2\/product\/6085","targetHints":{"allow":["GET"]}}],"collection":[{"href":"https:\/\/sapbologna.it\/de\/wp-json\/wp\/v2\/product"}],"about":[{"href":"https:\/\/sapbologna.it\/de\/wp-json\/wp\/v2\/types\/product"}],"wp:featuredmedia":[{"embeddable":true,"href":"https:\/\/sapbologna.it\/de\/wp-json\/wp\/v2\/media\/6093"}],"wp:attachment":[{"href":"https:\/\/sapbologna.it\/de\/wp-json\/wp\/v2\/media?parent=6085"}],"wp:term":[{"taxonomy":"product_brand","embeddable":true,"href":"https:\/\/sapbologna.it\/de\/wp-json\/wp\/v2\/product_brand?post=6085"},{"taxonomy":"product_cat","embeddable":true,"href":"https:\/\/sapbologna.it\/de\/wp-json\/wp\/v2\/product_cat?post=6085"},{"taxonomy":"product_tag","embeddable":true,"href":"https:\/\/sapbologna.it\/de\/wp-json\/wp\/v2\/product_tag?post=6085"}],"curies":[{"name":"wp","href":"https:\/\/api.w.org\/{rel}","templated":true}]}}