{"id":5904,"date":"2018-09-05T07:48:17","date_gmt":"2018-09-05T07:48:17","guid":{"rendered":"https:\/\/medhit-wp2.it\/sap\/product\/reibe-grl\/"},"modified":"2026-02-26T13:23:47","modified_gmt":"2026-02-26T13:23:47","slug":"reibe-grl","status":"publish","type":"product","link":"https:\/\/sapbologna.it\/de\/produkt\/reibe-grl\/","title":{"rendered":"Reibe GRL"},"content":{"rendered":"<div class=\"caratteristiche\">\n<table class=\"table table-striped\">\n<thead>\n<tr>\n<th colspan=\"2\">REIBE GRL<\/th>\n<\/tr>\n<\/thead>\n<tbody>\n<tr>\n<td>LEISTUNG<\/td>\n<td>0,75 kW (1 HP)<\/td>\n<\/tr>\n<tr>\n<td>STROMVERSORGUNG<\/td>\n<td>230V\/1N\/50Hz &#8211; 230-400V\/3\/50Hz<\/td>\n<\/tr>\n<tr>\n<td>STUNDENLEISTUNG<\/td>\n<td>40 Kg\/h<\/td>\n<\/tr>\n<tr>\n<td>ABMESSUNGEN REIBENM\u00dcNDUNG<\/td>\n<td>140&#215;75 (mm)<\/td>\n<\/tr>\n<tr>\n<td>ABMESSUNGEN<\/td>\n<td>420x300x390h (mm)<\/td>\n<\/tr>\n<tr>\n<td>NETTOGEWICHT<\/td>\n<td>17 Kg<\/td>\n<\/tr>\n<tr>\n<td>BRUTTOGEWICHT<\/td>\n<td>19 Kg<\/td>\n<\/tr>\n<tr>\n<td>VERPACKUNGSMASSE<\/td>\n<td>470x300x480h (mm)<\/td>\n<\/tr>\n<tr>\n<td>VERPACKUNGSVOLUMEN<\/td>\n<td>0,068 m3<\/td>\n<\/tr>\n<tr>\n<td>Produktkatalog<\/td>\n<td><a href=\"\/wp-content\/uploads\/2026\/02\/GRATTUGIA-GRL.pdf\" target=\"_blank\" rel=\"noopener\"><img loading=\"lazy\" decoding=\"async\" class=\"alignleft wp-image-3321 \" src=\"https:\/\/sapbologna.it\/wp-content\/uploads\/2018\/09\/download-icon.png\" alt=\"\" width=\"21\" height=\"25\" \/><\/a><\/td>\n<\/tr>\n<tr>\n<td>Explosionszeichnung<\/td>\n<td><a href=\"..\/..\/..\/wp-content\/uploads\/2018\/09\/GRATTUGIA-GRL-esploso.pdf\" target=\"_blank\" rel=\"noopener\"><img loading=\"lazy\" decoding=\"async\" class=\"alignleft wp-image-3321 size-full\" src=\"https:\/\/www.sapbologna.it\/wp-content\/uploads\/2018\/09\/download-icon.png\" alt=\"\" width=\"20\" height=\"28\" \/><\/a><\/td>\n<\/tr>\n<tr>\n<td>Ersatzteile<\/td>\n<td><a href=\"..\/..\/..\/wp-content\/uploads\/2018\/09\/grattugia_grl_mignon-RICAMBI.pdf\" target=\"_blank\" rel=\"noopener\"><img loading=\"lazy\" decoding=\"async\" class=\"alignleft wp-image-3321 size-full\" src=\"https:\/\/www.sapbologna.it\/wp-content\/uploads\/2018\/09\/download-icon.png\" alt=\"\" width=\"20\" height=\"28\" \/><\/a><\/td>\n<\/tr>\n<\/tbody>\n<\/table>\n<\/div>\n","protected":false},"excerpt":{"rendered":"<p>Konstruktion und M\u00fcndung aus poliertem Aluminium. Die Maschine ist mit Edelstahlwalze und unterem Schutzgitter ausger\u00fcstet. Ferner ist sie mit einem Mikroschalter am Dr\u00fcckerhebel versehen und ist konform mit den wichtigsten europ\u00e4ischen und internationalen Verordnungen. Die CE-Version verf\u00fcgt \u00fcber eine Motorbremse. Zur Verarbeitung von Brot, K\u00e4se, Trockenfr\u00fcchten und Keksen geeignet. Ideal f\u00fcr Superm\u00e4rkte, Kantinen und Restaurants. Alle Maschinenteile lassen sich ganz einfach mit einem feuchten Tuch reinigen.<\/p>\n","protected":false},"featured_media":5908,"template":"","meta":[],"product_brand":[],"product_cat":[265,272],"product_tag":[],"class_list":{"0":"post-5904","1":"product","2":"type-product","3":"status-publish","4":"has-post-thumbnail","6":"product_cat-reibe","7":"product_cat-alle","8":"item col-md-6 col-sm-6 col-xs-12 mb_50","10":"first","11":"instock","12":"shipping-taxable","13":"product-type-simple"},"_links":{"self":[{"href":"https:\/\/sapbologna.it\/de\/wp-json\/wp\/v2\/product\/5904","targetHints":{"allow":["GET"]}}],"collection":[{"href":"https:\/\/sapbologna.it\/de\/wp-json\/wp\/v2\/product"}],"about":[{"href":"https:\/\/sapbologna.it\/de\/wp-json\/wp\/v2\/types\/product"}],"wp:featuredmedia":[{"embeddable":true,"href":"https:\/\/sapbologna.it\/de\/wp-json\/wp\/v2\/media\/5908"}],"wp:attachment":[{"href":"https:\/\/sapbologna.it\/de\/wp-json\/wp\/v2\/media?parent=5904"}],"wp:term":[{"taxonomy":"product_brand","embeddable":true,"href":"https:\/\/sapbologna.it\/de\/wp-json\/wp\/v2\/product_brand?post=5904"},{"taxonomy":"product_cat","embeddable":true,"href":"https:\/\/sapbologna.it\/de\/wp-json\/wp\/v2\/product_cat?post=5904"},{"taxonomy":"product_tag","embeddable":true,"href":"https:\/\/sapbologna.it\/de\/wp-json\/wp\/v2\/product_tag?post=5904"}],"curies":[{"name":"wp","href":"https:\/\/api.w.org\/{rel}","templated":true}]}}