{"id":5896,"date":"2018-09-05T07:44:29","date_gmt":"2018-09-05T07:44:29","guid":{"rendered":"https:\/\/medhit-wp2.it\/sap\/product\/fleischwolf-reibe-tg12-tg22\/"},"modified":"2026-04-01T10:31:55","modified_gmt":"2026-04-01T10:31:55","slug":"fleischwolf-reibe-tg12-tg22","status":"publish","type":"product","link":"https:\/\/sapbologna.it\/de\/produkt\/fleischwolf-reibe-tg12-tg22\/","title":{"rendered":"Fleischwolf Reibe TG12-TG22"},"content":{"rendered":"<div class=\"caratteristiche\">\n<p>&nbsp;<\/p>\n<table class=\"table table-striped\">\n<thead>\n<tr>\n<th colspan=\"2\">FLEISCHWOLF REIBE TG 12<\/th>\n<\/tr>\n<\/thead>\n<tbody>\n<tr>\n<td>LEISTUNG<\/td>\n<td>0,75 kW (1 HP)<\/td>\n<\/tr>\n<tr>\n<td>STROMVERSORGUNG<\/td>\n<td>230V\/1N\/50Hz &#8211; 230-400V\/3\/50Hz<\/td>\n<\/tr>\n<tr>\n<td>STUNDENLEISTUNG FLEISCHWOLF<\/td>\n<td>160 Kg\/h<\/td>\n<\/tr>\n<tr>\n<td>STUNDENLEISTUNG REIBE<\/td>\n<td>40 Kg\/h<\/td>\n<\/tr>\n<tr>\n<td>ABMESSUNGEN REIBENM\u00dcNDUNG<\/td>\n<td>14 x 7,5 cm<\/td>\n<\/tr>\n<tr>\n<td>ABMESSUNGEN<\/td>\n<td>63 x 30 x 46 cm<\/td>\n<\/tr>\n<tr>\n<td>NETTOGEWICHT<\/td>\n<td>23 Kg<\/td>\n<\/tr>\n<tr>\n<td>BRUTTOGEWICHT<\/td>\n<td>26 Kg<\/td>\n<\/tr>\n<tr>\n<td>VERPACKUNGSMASSE<\/td>\n<td>75 x 30 x 48 cm<\/td>\n<\/tr>\n<tr>\n<td>VERPACKUNGSVOLUMEN<\/td>\n<td>0,108 m3<\/td>\n<\/tr>\n<tr>\n<td>Produktkatalog<\/td>\n<td><a href=\"\/wp-content\/uploads\/2026\/04\/TRITACARNE-GRATTUGIA-TG12-TG22.pdf\" target=\"_blank\" rel=\"noopener\"><img loading=\"lazy\" decoding=\"async\" class=\"alignleft wp-image-3321 size-full\" src=\"https:\/\/sapbologna.it\/wp-content\/uploads\/2018\/09\/download-icon.png\" alt=\"\" width=\"114\" height=\"133\" \/><\/a><\/td>\n<\/tr>\n<tr>\n<td>Explosionszeichnung<\/td>\n<td><a href=\"..\/..\/..\/wp-content\/uploads\/2018\/09\/TG-12.pdf\" target=\"_blank\" rel=\"noopener\"><img loading=\"lazy\" decoding=\"async\" class=\"alignleft wp-image-3321 size-full\" src=\"https:\/\/www.sapbologna.it\/wp-content\/uploads\/2018\/09\/download-icon.png\" alt=\"\" width=\"20\" height=\"28\" \/><\/a><\/td>\n<\/tr>\n<\/tbody>\n<\/table>\n<\/div>\n<div class=\"caratteristiche\">\n<p>&nbsp;<\/p>\n<table class=\"table table-striped\">\n<thead>\n<tr>\n<th colspan=\"2\">FLEISCHWOLF REIBE TG 22<\/th>\n<\/tr>\n<\/thead>\n<tbody>\n<tr>\n<td>LEISTUNG<\/td>\n<td>1,1 kW (1,5 HP)<\/td>\n<\/tr>\n<tr>\n<td>STROMVERSORGUNG<\/td>\n<td>230V\/1N\/50Hz &#8211; 230-400V\/3\/50Hz<\/td>\n<\/tr>\n<tr>\n<td>STUNDENLEISTUNG FLEISCHWOLF<\/td>\n<td>300 Kg\/h<\/td>\n<\/tr>\n<tr>\n<td>STUNDENLEISTUNG REIBE<\/td>\n<td>40 K\/gh<\/td>\n<\/tr>\n<tr>\n<td>ABMESSUNGEN REIBENM\u00dcNDUNG<\/td>\n<td>14 x 7,5 cm<\/td>\n<\/tr>\n<tr>\n<td>ABMESSUNGEN<\/td>\n<td>67 x 35 x 48 cm<\/td>\n<\/tr>\n<tr>\n<td>NETTOGEWICHT<\/td>\n<td>27 Kg<\/td>\n<\/tr>\n<tr>\n<td>BRUTTOGEWICHT<\/td>\n<td>30 Kg<\/td>\n<\/tr>\n<tr>\n<td>VERPACKUNGSMASSE<\/td>\n<td>75 x 35 x 50 cm<\/td>\n<\/tr>\n<tr>\n<td>VERPACKUNGSVOLUMEN<\/td>\n<td>0,108 m3<\/td>\n<\/tr>\n<tr>\n<td>Produktkatalog<\/td>\n<td><a href=\"\/wp-content\/uploads\/2026\/04\/TRITACARNE-GRATTUGIA-TG12-TG22.pdf\" target=\"_blank\" rel=\"noopener\"><img loading=\"lazy\" decoding=\"async\" class=\"alignleft wp-image-3321 size-full\" src=\"https:\/\/www.sapbologna.it\/wp-content\/uploads\/2018\/09\/download-icon.png\" alt=\"\" width=\"20\" height=\"28\" \/><\/a><\/td>\n<\/tr>\n<tr>\n<td>Explosionszeichnung<\/td>\n<td><a href=\"..\/..\/..\/wp-content\/uploads\/2018\/09\/TG-12.pdf\" target=\"_blank\" rel=\"noopener\"><img loading=\"lazy\" decoding=\"async\" class=\"alignleft wp-image-3321 size-full\" src=\"https:\/\/www.sapbologna.it\/wp-content\/uploads\/2018\/09\/download-icon.png\" alt=\"\" width=\"20\" height=\"28\" \/><\/a><\/td>\n<\/tr>\n<\/tbody>\n<\/table>\n<\/div>\n","protected":false},"excerpt":{"rendered":"<div class=\"testo\">\n<p>Sehr schneller Fleischwolf, ausgestattet mit einer funktionellen Reibe f\u00fcr Hartk\u00e4se, Brot, Kekse und Trockenfr\u00fcchte.<br \/>\nDas Geh\u00e4use und die M\u00fcndung der Maschine bestehen aus poliertem Aluminium. Auf Anfrage kann die Maschine mit einem Schneidsatz aus Edelstahl ausger\u00fcstet werden.<br \/>\nFleischeinf\u00fchrungsm\u00fcndung \u00d8 56 mm, Untersetzungsgetriebe mit Zahnr\u00e4dern im \u00d6lbad.<\/p>\n<p>Der Fleischwolf ist mit dem System Enterprise ausgestattet: Edelstahlscheibe 6 mm-Loch und selbstsch\u00e4rfendes Edelstahlmesser.<br \/>\nDie Reibe besteht aus einer M\u00fcndung aus polierten Aluminium, einer Edelstahlwalze, einem unteren Schutzgitter und einem Mikroschalter am Dr\u00fcckerhebel.<\/p>\n<\/div>\n","protected":false},"featured_media":5899,"template":"","meta":[],"product_brand":[],"product_cat":[265,271,272],"product_tag":[],"class_list":{"0":"post-5896","1":"product","2":"type-product","3":"status-publish","4":"has-post-thumbnail","6":"product_cat-reibe","7":"product_cat-fleischwolf","8":"product_cat-alle","9":"item col-md-6 col-sm-6 col-xs-12 mb_50","11":"first","12":"instock","13":"shipping-taxable","14":"product-type-simple"},"_links":{"self":[{"href":"https:\/\/sapbologna.it\/de\/wp-json\/wp\/v2\/product\/5896","targetHints":{"allow":["GET"]}}],"collection":[{"href":"https:\/\/sapbologna.it\/de\/wp-json\/wp\/v2\/product"}],"about":[{"href":"https:\/\/sapbologna.it\/de\/wp-json\/wp\/v2\/types\/product"}],"wp:featuredmedia":[{"embeddable":true,"href":"https:\/\/sapbologna.it\/de\/wp-json\/wp\/v2\/media\/5899"}],"wp:attachment":[{"href":"https:\/\/sapbologna.it\/de\/wp-json\/wp\/v2\/media?parent=5896"}],"wp:term":[{"taxonomy":"product_brand","embeddable":true,"href":"https:\/\/sapbologna.it\/de\/wp-json\/wp\/v2\/product_brand?post=5896"},{"taxonomy":"product_cat","embeddable":true,"href":"https:\/\/sapbologna.it\/de\/wp-json\/wp\/v2\/product_cat?post=5896"},{"taxonomy":"product_tag","embeddable":true,"href":"https:\/\/sapbologna.it\/de\/wp-json\/wp\/v2\/product_tag?post=5896"}],"curies":[{"name":"wp","href":"https:\/\/api.w.org\/{rel}","templated":true}]}}