{"id":5881,"date":"2018-09-04T16:00:20","date_gmt":"2018-09-04T16:00:20","guid":{"rendered":"https:\/\/medhit-wp2.it\/sap\/product\/gekuhlter-fleischwolf-igloo-tcr22-tcr32\/"},"modified":"2026-04-01T10:42:02","modified_gmt":"2026-04-01T10:42:02","slug":"gekuhlter-fleischwolf-igloo-tcr22-tcr32","status":"publish","type":"product","link":"https:\/\/sapbologna.it\/de\/produkt\/gekuhlter-fleischwolf-igloo-tcr22-tcr32\/","title":{"rendered":"Gek\u00fchlter Fleischwolf Igloo TCR22-TCR32"},"content":{"rendered":"<div class=\"caratteristiche\">\n<p>&nbsp;<\/p>\n<table class=\"table table-striped\">\n<thead>\n<tr>\n<th colspan=\"2\">FLEISCHWOLF TCR22CE IGLOO<\/th>\n<\/tr>\n<\/thead>\n<tbody>\n<tr>\n<td>Stundenleistung<\/td>\n<td>280 kg\/h<\/td>\n<\/tr>\n<tr>\n<td>Motor<\/td>\n<td>1,5 PS\/1,1 KW \u2013 230\/50 ; 1,5 PS\/1,1 kW \u2013 V 400\/50<\/td>\n<\/tr>\n<tr>\n<td>Nettogewicht<\/td>\n<td>43 kg<\/td>\n<\/tr>\n<tr>\n<td>Abmessungen<\/td>\n<td>27X41X54,5 cm<\/td>\n<\/tr>\n<tr>\n<td>Trichterma\u00dfe<\/td>\n<td>35X24X4,9 cm<\/td>\n<\/tr>\n<tr>\n<td>Kompressorleistung<\/td>\n<td>GD40MB220-240V,50HZ<\/td>\n<\/tr>\n<tr>\n<td>K\u00fchlmittel<\/td>\n<td>R134A<\/td>\n<\/tr>\n<tr>\n<td>Produktkatalog<\/td>\n<td><a href=\"\/wp-content\/uploads\/2026\/04\/TRITACARNE-REFRIGERATO-TCR22.pdf\" target=\"_blank\" rel=\"noopener\"><img loading=\"lazy\" decoding=\"async\" class=\"alignleft wp-image-3321 size-full\" src=\"https:\/\/sapbologna.it\/wp-content\/uploads\/2018\/09\/download-icon.png\" alt=\"\" width=\"114\" height=\"133\" \/><\/a><\/td>\n<\/tr>\n<\/tbody>\n<\/table>\n<\/div>\n<div class=\"caratteristiche\">\n<p>&nbsp;<\/p>\n<table class=\"table table-striped\" style=\"height: 278px;\" width=\"509\">\n<thead>\n<tr>\n<th colspan=\"2\">FLEISCHWOLF TCR32CE IGLOO<\/th>\n<\/tr>\n<\/thead>\n<tbody>\n<tr>\n<td>Stundenleistung<\/td>\n<td>450 kg\/h<\/td>\n<\/tr>\n<tr>\n<td>Motor<\/td>\n<td>3 PS\/1,87kW \u2013 V 400\/50<\/td>\n<\/tr>\n<tr>\n<td>Nettogewicht<\/td>\n<td>56 kg<\/td>\n<\/tr>\n<tr>\n<td>Abmessungen<\/td>\n<td>35X53X55,5cm<\/td>\n<\/tr>\n<tr>\n<td>Trichterma\u00dfe<\/td>\n<td>41X31X7,1 cm<\/td>\n<\/tr>\n<tr>\n<td>Kompressorleistung<\/td>\n<td>GD40MB220-240V,50HZ<\/td>\n<\/tr>\n<tr>\n<td>K\u00fchlmittel<\/td>\n<td>R134A<\/td>\n<\/tr>\n<tr>\n<td>Produktkatalog<\/td>\n<td><a href=\"\/wp-content\/uploads\/2026\/04\/TRITACARNE-REFRIGERATO-TCR32.pdf\" target=\"_blank\" rel=\"noopener\"><img loading=\"lazy\" decoding=\"async\" class=\"alignleft wp-image-3321 size-full\" src=\"https:\/\/sapbologna.it\/wp-content\/uploads\/2018\/09\/download-icon.png\" alt=\"\" width=\"114\" height=\"133\" \/><\/a><\/td>\n<\/tr>\n<\/tbody>\n<\/table>\n<\/div>\n","protected":false},"excerpt":{"rendered":"<p>Der vollkommen aus Edelstahl AISI 304 gefertigte Fleischwolf ist mit einem Sicherheitssystem und einem selbstgek\u00fchlten Motor mit Zahnr\u00e4dern im \u00d6lbad ausgestattet. Die Maschine ist konform mit allen europ\u00e4ischen und internationalen Verordnungen in den Bereichen Hygiene und Sicherheit: Sie erm\u00f6glicht die Fleischverarbeitung bei niedrigen Temperaturen, wodurch die Bildung von Bakterien verhindert wird und das Aussehen und der N\u00e4hrwert des Fleisches unver\u00e4ndert erhalten bleiben. Das Schnittsystem besteht aus 1 Scheibe und 1 Messer aus Edelstahl sowie einem herausziehbaren Trichter, der eine einfache Reinigung mit einem feuchten Tuch erm\u00f6glicht. Auch wenn die Maschine nicht st\u00e4ndig benutzt wird, muss die M\u00fcndung nicht abgenommen und im K\u00fchlschrank aufbewahrt werden. Die Maschine ist au\u00dferdem mit einem Kompressor, einem Thermostat und K\u00fchlmittel ausgestattet, das keine Auswirkungen auf die Umwelt hat. Optional ist auch ein isolierender M\u00fcndungsdeckel erh\u00e4ltlich, um die Temperatur des soeben verarbeiteten Fleisches unver\u00e4ndert beizubehalten und es vor dem Kontakt mit \u00e4u\u00dferen Einfl\u00fcssen zu sch\u00fctzen.<\/p>\n","protected":false},"featured_media":5884,"template":"","meta":[],"product_brand":[],"product_cat":[271,272],"product_tag":[],"class_list":{"0":"post-5881","1":"product","2":"type-product","3":"status-publish","4":"has-post-thumbnail","6":"product_cat-fleischwolf","7":"product_cat-alle","8":"item col-md-6 col-sm-6 col-xs-12 mb_50","10":"first","11":"instock","12":"shipping-taxable","13":"product-type-simple"},"_links":{"self":[{"href":"https:\/\/sapbologna.it\/de\/wp-json\/wp\/v2\/product\/5881","targetHints":{"allow":["GET"]}}],"collection":[{"href":"https:\/\/sapbologna.it\/de\/wp-json\/wp\/v2\/product"}],"about":[{"href":"https:\/\/sapbologna.it\/de\/wp-json\/wp\/v2\/types\/product"}],"wp:featuredmedia":[{"embeddable":true,"href":"https:\/\/sapbologna.it\/de\/wp-json\/wp\/v2\/media\/5884"}],"wp:attachment":[{"href":"https:\/\/sapbologna.it\/de\/wp-json\/wp\/v2\/media?parent=5881"}],"wp:term":[{"taxonomy":"product_brand","embeddable":true,"href":"https:\/\/sapbologna.it\/de\/wp-json\/wp\/v2\/product_brand?post=5881"},{"taxonomy":"product_cat","embeddable":true,"href":"https:\/\/sapbologna.it\/de\/wp-json\/wp\/v2\/product_cat?post=5881"},{"taxonomy":"product_tag","embeddable":true,"href":"https:\/\/sapbologna.it\/de\/wp-json\/wp\/v2\/product_tag?post=5881"}],"curies":[{"name":"wp","href":"https:\/\/api.w.org\/{rel}","templated":true}]}}