{"id":5858,"date":"2018-09-04T15:47:28","date_gmt":"2018-09-04T15:47:28","guid":{"rendered":"https:\/\/medhit-wp2.it\/sap\/product\/fleischwolf-tc12p-tc22p-2\/"},"modified":"2026-04-01T11:03:28","modified_gmt":"2026-04-01T11:03:28","slug":"fleischwolf-tc12p-tc22p-2","status":"publish","type":"product","link":"https:\/\/sapbologna.it\/de\/produkt\/fleischwolf-tc12p-tc22p-2\/","title":{"rendered":"Fleischwolf TC22 \u2013 TC32"},"content":{"rendered":"<div class=\"caratteristiche\">\n<p>&nbsp;<\/p>\n<table class=\"table table-striped\">\n<thead>\n<tr>\n<th colspan=\"2\">FLEISCHWOLF TC22<\/th>\n<\/tr>\n<\/thead>\n<tbody>\n<tr>\n<td>M\u00fcndung aus Stahl<\/td>\n<td>\u00d8 22 (82 UNGER)<\/td>\n<\/tr>\n<tr>\n<td>Einf\u00fchrungshals<\/td>\n<td>\u00d8 52<\/td>\n<\/tr>\n<tr>\n<td>Stundenleistung<\/td>\n<td>300 kg<\/td>\n<\/tr>\n<tr>\n<td>Motor<\/td>\n<td>kW 1,1 \u2013 PS 1,5 einphasig<\/td>\n<\/tr>\n<tr>\n<td>Elektroanlage<\/td>\n<td>Platine Niederspannung 24 V<\/td>\n<\/tr>\n<tr>\n<td>Nettogewicht<\/td>\n<td>39 kg<\/td>\n<\/tr>\n<tr>\n<td>Abmessungen<\/td>\n<td>45 x 30 x 36 cm<\/td>\n<\/tr>\n<tr>\n<td>Verpackungsma\u00dfe<\/td>\n<td>60 x 34 x 55 cm<\/td>\n<\/tr>\n<tr>\n<td>Trichterma\u00dfe<\/td>\n<td>39 x 29 x 7 cm<\/td>\n<\/tr>\n<tr>\n<td>Optionen<\/td>\n<td>TRICHTER mit Sicherheitsmikroschalter \u2013 Einf\u00fchrungshals \u00d8 76 Trichter-Set zum Wurstf\u00fcllen<\/td>\n<\/tr>\n<tr>\n<td>Optionen<\/td>\n<td>M\u00fcndung UNGER aus Edelstahl AISI 304 mit 3 Scheiben (0 mm \u2013 4,5 mm \u2013 8 mm) und 2 Messern<\/td>\n<\/tr>\n<tr>\n<td>Produktkatalog<\/td>\n<td><a href=\"\/wp-content\/uploads\/2026\/04\/TRITACARNE-TC22.pdf\" target=\"_blank\" rel=\"noopener noreferrer\"><img loading=\"lazy\" decoding=\"async\" class=\"alignleft wp-image-3321 size-full\" src=\"https:\/\/sapbologna.it\/wp-content\/uploads\/2018\/09\/download-icon.png\" alt=\"\" width=\"114\" height=\"133\" \/><\/a><\/td>\n<\/tr>\n<tr>\n<td>Explosionszeichnung<\/td>\n<td><a href=\"https:\/\/www.sapbologna.it\/wp-content\/uploads\/2018\/09\/TC22-TQ22-TC32-TQ32_SAP-2.jpg\" target=\"_blank\" rel=\"noopener noreferrer\"><img loading=\"lazy\" decoding=\"async\" class=\"alignleft wp-image-3321 size-full\" src=\"https:\/\/www.sapbologna.it\/wp-content\/uploads\/2018\/09\/download-icon.png\" alt=\"\" width=\"20\" height=\"28\" \/><\/a><\/td>\n<\/tr>\n<tr>\n<td>Ersatzteile<\/td>\n<td><a href=\"https:\/\/www.sapbologna.it\/wp-content\/uploads\/2018\/12\/TC22-TQ224ricambi.pdf\" target=\"_blank\" rel=\"noopener noreferrer\"><img loading=\"lazy\" decoding=\"async\" class=\"alignleft wp-image-3321 size-full\" src=\"https:\/\/www.sapbologna.it\/wp-content\/uploads\/2018\/09\/download-icon.png\" alt=\"\" width=\"20\" height=\"28\" \/><\/a><\/td>\n<\/tr>\n<tr>\n<td>Manual<\/td>\n<td><a href=\"https:\/\/www.sapbologna.it\/wp-content\/uploads\/2019\/06\/TC-22-32_SAP.pdf\" target=\"_blank\" rel=\"noopener noreferrer\"><img loading=\"lazy\" decoding=\"async\" class=\"alignleft wp-image-3321 size-full\" src=\"https:\/\/www.sapbologna.it\/wp-content\/uploads\/2018\/09\/download-icon.png\" alt=\"\" width=\"20\" height=\"28\" \/><\/a><\/td>\n<\/tr>\n<\/tbody>\n<\/table>\n<\/div>\n<div class=\"caratteristiche\">\n<p>&nbsp;<\/p>\n<table class=\"table table-striped\">\n<thead>\n<tr>\n<th colspan=\"2\">FLEISCHWOLF TC32<\/th>\n<\/tr>\n<\/thead>\n<tbody>\n<tr>\n<td>M\u00fcndung aus Stahl<\/td>\n<td>\u00d8 32 (98 UNGER)<\/td>\n<\/tr>\n<tr>\n<td>Einf\u00fchrungshals<\/td>\n<td>\u00d8 52<\/td>\n<\/tr>\n<tr>\n<td>Stundenleistung<\/td>\n<td>600 kg<\/td>\n<\/tr>\n<tr>\n<td>Motor<\/td>\n<td>kW 1,85 \u2013 PS 2,2 einphasig<\/td>\n<\/tr>\n<tr>\n<td>Elektroanlage<\/td>\n<td>Platine Niederspannung 24 V<\/td>\n<\/tr>\n<tr>\n<td>Nettogewicht<\/td>\n<td>43 kg<\/td>\n<\/tr>\n<tr>\n<td>Abmessungen<\/td>\n<td>47 x 30 x 45 cm<\/td>\n<\/tr>\n<tr>\n<td>Verpackungsma\u00dfe<\/td>\n<td>60 x 34 x 55 cm<\/td>\n<\/tr>\n<tr>\n<td>Optionen<\/td>\n<td>M\u00fcndung UNGER aus Edelstahl AISI 304 mit drei Scheiben (0 mm \u2013 4,5 mm \u2013 8 mm) und zwei Messern TRICHTER mit Sicherheitsmikroschalter \u2013 Einf\u00fchrungshals \u00d8 76 Trichter-Set zum Wurstf\u00fcllen<\/td>\n<\/tr>\n<tr>\n<td>Verpackungsma\u00dfe<\/td>\n<td>39 x 29 x 7 cm<\/td>\n<\/tr>\n<tr>\n<td>Produktkatalog<\/td>\n<td><a href=\"\/wp-content\/uploads\/2026\/04\/TRITACARNE-TC32.pdf\" target=\"_blank\" rel=\"noopener noreferrer\"><img loading=\"lazy\" decoding=\"async\" class=\"alignleft wp-image-3321 size-full\" src=\"https:\/\/sapbologna.it\/wp-content\/uploads\/2018\/09\/download-icon.png\" alt=\"\" width=\"114\" height=\"133\" \/><\/a><\/td>\n<\/tr>\n<tr>\n<td>Explosionszeichnung<\/td>\n<td><a href=\"https:\/\/www.sapbologna.it\/wp-content\/uploads\/2018\/09\/TC22-TQ22-TC32-TQ32_SAP-2.jpg\" target=\"_blank\" rel=\"noopener noreferrer\"><img loading=\"lazy\" decoding=\"async\" class=\"alignleft wp-image-3321 size-full\" src=\"https:\/\/www.sapbologna.it\/wp-content\/uploads\/2018\/09\/download-icon.png\" alt=\"\" width=\"20\" height=\"28\" \/><\/a><\/td>\n<\/tr>\n<tr>\n<td>Ersatzteile<\/td>\n<td><a href=\"https:\/\/www.sapbologna.it\/wp-content\/uploads\/2018\/12\/TC22-TQ224ricambi.pdf\" target=\"_blank\" rel=\"noopener noreferrer\"><img loading=\"lazy\" decoding=\"async\" class=\"alignleft wp-image-3321 size-full\" src=\"https:\/\/www.sapbologna.it\/wp-content\/uploads\/2018\/09\/download-icon.png\" alt=\"\" width=\"20\" height=\"28\" \/><\/a><\/td>\n<\/tr>\n<tr>\n<td>Manual<\/td>\n<td><a href=\"https:\/\/www.sapbologna.it\/wp-content\/uploads\/2019\/06\/TC-22-32_SAP.pdf\" target=\"_blank\" rel=\"noopener noreferrer\"><img loading=\"lazy\" decoding=\"async\" class=\"alignleft wp-image-3321 size-full\" src=\"https:\/\/www.sapbologna.it\/wp-content\/uploads\/2018\/09\/download-icon.png\" alt=\"\" width=\"20\" height=\"28\" \/><\/a><\/td>\n<\/tr>\n<\/tbody>\n<\/table>\n<\/div>\n","protected":false},"excerpt":{"rendered":"<p>HYGIENISCH, ROBUST UND EINFACH ZU REINIGEN UND ANZUWENDEN:<br \/>\nKonstruktion aus Schmelzlegierung, komplett mit Edelstahl beschichtet. Selbstk\u00fchlende Motoren. Untersetzungsgetriebe mit 4 Zahnr\u00e4dern aus geh\u00e4rtetem Stahl in einem dichten Geh\u00e4use im \u00d6lbad.<br \/>\nTrichter und Fleisch-Auffangschale aus Edelstahl. Durch einfaches Drehen eines Hebels l\u00e4sst sich der Schneidsatz abnehmen. Alle Maschinenteile lassen sich ganz einfach mit einem feuchten Tuch reinigen.<br \/>\n<em>SICHER<\/em>: Konform mit den europ\u00e4ischen und internationalen Verordnungen. Motor und Steuerungen mit Schutzgrad IP 45, ausgestattet mit Richtungsumkehrschaltung und Fleischeinf\u00fchrungsm\u00fcndung nach EG-Vorschriften.<br \/>\n<strong>Ger\u00e4t der Klasse 1<\/strong>.<\/p>\n","protected":false},"featured_media":5863,"template":"","meta":[],"product_brand":[],"product_cat":[271,272],"product_tag":[],"class_list":{"0":"post-5858","1":"product","2":"type-product","3":"status-publish","4":"has-post-thumbnail","6":"product_cat-fleischwolf","7":"product_cat-alle","8":"item col-md-6 col-sm-6 col-xs-12 mb_50","10":"first","11":"instock","12":"shipping-taxable","13":"product-type-simple"},"_links":{"self":[{"href":"https:\/\/sapbologna.it\/de\/wp-json\/wp\/v2\/product\/5858","targetHints":{"allow":["GET"]}}],"collection":[{"href":"https:\/\/sapbologna.it\/de\/wp-json\/wp\/v2\/product"}],"about":[{"href":"https:\/\/sapbologna.it\/de\/wp-json\/wp\/v2\/types\/product"}],"wp:featuredmedia":[{"embeddable":true,"href":"https:\/\/sapbologna.it\/de\/wp-json\/wp\/v2\/media\/5863"}],"wp:attachment":[{"href":"https:\/\/sapbologna.it\/de\/wp-json\/wp\/v2\/media?parent=5858"}],"wp:term":[{"taxonomy":"product_brand","embeddable":true,"href":"https:\/\/sapbologna.it\/de\/wp-json\/wp\/v2\/product_brand?post=5858"},{"taxonomy":"product_cat","embeddable":true,"href":"https:\/\/sapbologna.it\/de\/wp-json\/wp\/v2\/product_cat?post=5858"},{"taxonomy":"product_tag","embeddable":true,"href":"https:\/\/sapbologna.it\/de\/wp-json\/wp\/v2\/product_tag?post=5858"}],"curies":[{"name":"wp","href":"https:\/\/api.w.org\/{rel}","templated":true}]}}