{"id":5530,"date":"2018-12-14T09:08:41","date_gmt":"2018-12-14T09:08:41","guid":{"rendered":"https:\/\/medhit-wp2.it\/sap\/wer-wir-sind\/"},"modified":"2026-03-16T12:47:46","modified_gmt":"2026-03-16T12:47:46","slug":"wer-wir-sind","status":"publish","type":"page","link":"https:\/\/sapbologna.it\/de\/wer-wir-sind\/","title":{"rendered":"Wer wir sind"},"content":{"rendered":"<p><section class=\"kc-elm kc-css-724969 kc_row\"><div class=\"kc-row-container  kc-container\"><div class=\"kc-wrap-columns\"><div id=\"col-sx\" class=\"kc-elm kc-css-75052 kc_col-sm-3 kc_column kc_col-sm-3\"><div class=\"kc-col-container\"><div class=\"kc-elm kc-css-871066 kc_text_block intro-p\"><\/p>\n<p style=\"text-align: left;\"><strong>Wer wir sind?<\/strong>Vor einem Unternehmen sind wir ein eingespieltes Team, das Tag f\u00fcr Tag seine ganzen Energien daf\u00fcr einsetzt, eine auf internationalem Niveau als exzellente anerkannte Arbeit zu leisten. Seit \u00fcber 45 Jahren zeichnen wir uns durch eine Zuverl\u00e4ssigkeit aus, mit der wir uns weltweit einen besonderen Platz erobern konnten: von Europa bis S\u00fcdamerika, von Afrika bis zum Mittleren Osten, in Russland und in China.<\/p>\n<p>\n<\/div><\/div><\/div><div id=\"col-dx\" class=\"kc-elm kc-css-904479 kc_col-sm-9 kc_column kc_col-sm-9\"><div class=\"kc-col-container\"><div class=\"kc-elm kc-css-644294 kc-raw-code\"><iframe loading=\"lazy\" width=\"560\" height=\"315\" src=\"https:\/\/www.youtube.com\/embed\/qpvROMqSTz0?si=lpyQ2zcNrnjT3VYC\" title=\"YouTube video player\" frameborder=\"0\" allow=\"accelerometer; autoplay; clipboard-write; encrypted-media; gyroscope; picture-in-picture; web-share\" referrerpolicy=\"strict-origin-when-cross-origin\" allowfullscreen><\/iframe><\/div><\/div><\/div><\/div><\/div><\/section><section class=\"kc-elm kc-css-572062 kc_row\"><div class=\"kc-row-container  kc-container\"><div class=\"kc-wrap-columns\"><div class=\"kc-elm kc-css-876668 kc_col-sm-12 kc_column kc_col-sm-12\"><div class=\"kc-col-container\"><div class=\"kc-elm kc-css-991235 kc_text_block\"><\/p>\n<p>Wir stellen ein vielseitiges <strong>Spektrum an Maschinen<\/strong> her, die ausschlie\u00dflich aus Materialien Made in Italy (<strong>Aluminium<\/strong> und <strong>Edelstahl<\/strong>) gebaut sind und von unseren Mitarbeitern mit Leidenschaft und Liebe zum Detail gefertigt werden.<\/p>\n<p>\n<\/div><div class=\"kc-elm kc-css-838060 kc_text_block intro-t-p\"><\/p>\n<p>Unser Firmensitz in Ozzano dell\u2019Emilia, im Kreis Bologna, ist eine moderne, funktionelle Anlage mit einer Fl\u00e4che von <strong>2.300 m2<\/strong>. Aber das ist nicht alles: Auf dem Dach des Werks sind Photovoltaikpaneele mit einer Leistung von <strong>80 kW<\/strong> installiert, die f\u00fcr eine energieeffiziente, umweltgerechte Produktion sorgen.<\/p>\n<p>\n<\/div><div class=\"kc-elm kc-css-422750 kc_text_block\"><\/p>\n<p data-start=\"1044\" data-end=\"1461\">\u201eWir sind eine Maschine, die nie stehen bleibt, das kann man wirklich sagen\u201c, meint <strong>Ivana<\/strong> <strong>Scattolini<\/strong>, Gesch\u00e4ftsf\u00fchrerin des Unternehmens. \u201eWir denken schnell und haben bei allem, was wir tun, immer die kontinuierlichen und rapiden Ver\u00e4nderungen unseres Bezugsmarktes vor Augen. Wir sind stolz auf unsere Produkte und auf die hohen Standards, die sie insbesondere in Hinblick auf Hygiene und Sicherheit gew\u00e4hrleisten.\u201c Die Gesamtqualit\u00e4t der Planung, Herstellung und Vermarktung unserer Maschinen ist unser zentrales Anliegen, das uns zu kontinuierlichen Verbesserungen motiviert.<\/p>\n<p>\n<\/div><\/div><\/div><\/div><\/div><\/section><section class=\"kc-elm kc-css-997417 kc_row\"><div class=\"kc-row-container  kc-container\"><div class=\"kc-wrap-columns\"><div class=\"kc-elm kc-css-757064 kc_col-sm-12 kc_column kc_col-sm-12\"><div class=\"kc-col-container\"><div class=\"kc-image-gallery kc-elm kc-css-940133\">\n<div class=\"kc_image_gallery kc-carousel-image kc-grid \" data-image_masonry=\"yes\">\n<div class=\"item-grid grid-4\"><a class=\"kc-image-link kc-pretty-photo\" data-lightbox=\"kc-lightbox\" rel=\"kc-pretty-photo[12697645]\" href=\"https:\/\/sapbologna.it\/wp-content\/uploads\/2018\/09\/foto2.jpg\"><img decoding=\"async\" src=\"https:\/\/sapbologna.it\/wp-content\/uploads\/2018\/09\/foto2-400x400xc.jpg\" alt=\"Azienda SAP\"\/><div class=\"kc-image-overlay\"><i class=\"pe-7s-search\"><\/i><\/div><\/a><\/div><div class=\"item-grid grid-4\"><a class=\"kc-image-link kc-pretty-photo\" data-lightbox=\"kc-lightbox\" rel=\"kc-pretty-photo[12697645]\" href=\"https:\/\/sapbologna.it\/wp-content\/uploads\/2018\/09\/foto1.jpg\"><img decoding=\"async\" src=\"https:\/\/sapbologna.it\/wp-content\/uploads\/2018\/09\/foto1-400x400xc.jpg\" alt=\"Azienda SAP\"\/><div class=\"kc-image-overlay\"><i class=\"pe-7s-search\"><\/i><\/div><\/a><\/div><div class=\"item-grid grid-4\"><a class=\"kc-image-link kc-pretty-photo\" data-lightbox=\"kc-lightbox\" rel=\"kc-pretty-photo[12697645]\" href=\"https:\/\/sapbologna.it\/wp-content\/uploads\/2018\/09\/foto4.jpg\"><img decoding=\"async\" src=\"https:\/\/sapbologna.it\/wp-content\/uploads\/2018\/09\/foto4-400x400xc.jpg\" alt=\"Azienda SAP\"\/><div class=\"kc-image-overlay\"><i class=\"pe-7s-search\"><\/i><\/div><\/a><\/div><div class=\"item-grid grid-4\"><a class=\"kc-image-link kc-pretty-photo\" data-lightbox=\"kc-lightbox\" rel=\"kc-pretty-photo[12697645]\" href=\"https:\/\/sapbologna.it\/wp-content\/uploads\/2018\/09\/foto5.jpg\"><img decoding=\"async\" src=\"https:\/\/sapbologna.it\/wp-content\/uploads\/2018\/09\/foto5-400x400xc.jpg\" alt=\"Magazzino azienda SAP\"\/><div class=\"kc-image-overlay\"><i class=\"pe-7s-search\"><\/i><\/div><\/a><\/div><\/div>\n<\/div><\/div><\/div><\/div><\/div><\/section><\/p>\n","protected":false},"excerpt":{"rendered":"","protected":false},"author":1,"featured_media":0,"parent":0,"menu_order":0,"comment_status":"closed","ping_status":"closed","template":"","meta":{"footnotes":""},"class_list":["post-5530","page","type-page","status-publish","hentry","item col-md-6 col-sm-6 col-xs-12 mb_50"],"_links":{"self":[{"href":"https:\/\/sapbologna.it\/de\/wp-json\/wp\/v2\/pages\/5530","targetHints":{"allow":["GET"]}}],"collection":[{"href":"https:\/\/sapbologna.it\/de\/wp-json\/wp\/v2\/pages"}],"about":[{"href":"https:\/\/sapbologna.it\/de\/wp-json\/wp\/v2\/types\/page"}],"author":[{"embeddable":true,"href":"https:\/\/sapbologna.it\/de\/wp-json\/wp\/v2\/users\/1"}],"replies":[{"embeddable":true,"href":"https:\/\/sapbologna.it\/de\/wp-json\/wp\/v2\/comments?post=5530"}],"version-history":[{"count":16,"href":"https:\/\/sapbologna.it\/de\/wp-json\/wp\/v2\/pages\/5530\/revisions"}],"predecessor-version":[{"id":9161,"href":"https:\/\/sapbologna.it\/de\/wp-json\/wp\/v2\/pages\/5530\/revisions\/9161"}],"wp:attachment":[{"href":"https:\/\/sapbologna.it\/de\/wp-json\/wp\/v2\/media?parent=5530"}],"curies":[{"name":"wp","href":"https:\/\/api.w.org\/{rel}","templated":true}]}}